{"id":1019,"date":"2025-07-21T10:48:20","date_gmt":"2025-07-21T13:48:20","guid":{"rendered":"https:\/\/lojaodocambioautomatico.com.br\/?post_type=product&#038;p=1019"},"modified":"2025-07-21T10:48:20","modified_gmt":"2025-07-21T13:48:20","slug":"corrente-jf020e-901094","status":"publish","type":"product","link":"https:\/\/lojaodocambioautomatico.com.br\/?product=corrente-jf020e-901094","title":{"rendered":"CORRENTE JF020E 901094"},"content":{"rendered":"<h2 class=\"ui-pdp-description__title\" data-testid=\"title\">Descri\u00e7\u00e3o<\/h2>\n<p class=\"ui-pdp-description__content\" data-testid=\"content\">CORRENTE CVT NISSAN JF020E RE0F12A CVT<\/p>\n<p>Aplica\u00e7\u00e3o:<br \/>\nNissan KICKS 1.6L 2018 UP<br \/>\nNissan VERSA 1.6L 2018 UP<\/p>\n<p>Composi\u00e7\u00e3o:<\/p>\n<p>1- Corrente da polia cvt JF020<\/p>\n","protected":false},"excerpt":{"rendered":"<p>Descri\u00e7\u00e3o CORRENTE CVT NISSAN JF020E RE0F12A CVT Aplica\u00e7\u00e3o: Nissan KICKS 1.6L 2018 UP Nissan VERSA 1.6L 2018 UP Composi\u00e7\u00e3o: 1- Corrente da polia cvt JF020<\/p>\n","protected":false},"featured_media":1020,"comment_status":"open","ping_status":"closed","template":"","meta":{"_joinchat":[]},"product_brand":[],"product_cat":[145],"product_tag":[],"class_list":{"0":"post-1019","1":"product","2":"type-product","3":"status-publish","4":"has-post-thumbnail","6":"product_cat-correntes","8":"first","9":"instock","10":"taxable","11":"shipping-taxable","12":"purchasable","13":"product-type-simple"},"_links":{"self":[{"href":"https:\/\/lojaodocambioautomatico.com.br\/index.php?rest_route=\/wp\/v2\/product\/1019","targetHints":{"allow":["GET"]}}],"collection":[{"href":"https:\/\/lojaodocambioautomatico.com.br\/index.php?rest_route=\/wp\/v2\/product"}],"about":[{"href":"https:\/\/lojaodocambioautomatico.com.br\/index.php?rest_route=\/wp\/v2\/types\/product"}],"replies":[{"embeddable":true,"href":"https:\/\/lojaodocambioautomatico.com.br\/index.php?rest_route=%2Fwp%2Fv2%2Fcomments&post=1019"}],"version-history":[{"count":1,"href":"https:\/\/lojaodocambioautomatico.com.br\/index.php?rest_route=\/wp\/v2\/product\/1019\/revisions"}],"predecessor-version":[{"id":1021,"href":"https:\/\/lojaodocambioautomatico.com.br\/index.php?rest_route=\/wp\/v2\/product\/1019\/revisions\/1021"}],"wp:featuredmedia":[{"embeddable":true,"href":"https:\/\/lojaodocambioautomatico.com.br\/index.php?rest_route=\/wp\/v2\/media\/1020"}],"wp:attachment":[{"href":"https:\/\/lojaodocambioautomatico.com.br\/index.php?rest_route=%2Fwp%2Fv2%2Fmedia&parent=1019"}],"wp:term":[{"taxonomy":"product_brand","embeddable":true,"href":"https:\/\/lojaodocambioautomatico.com.br\/index.php?rest_route=%2Fwp%2Fv2%2Fproduct_brand&post=1019"},{"taxonomy":"product_cat","embeddable":true,"href":"https:\/\/lojaodocambioautomatico.com.br\/index.php?rest_route=%2Fwp%2Fv2%2Fproduct_cat&post=1019"},{"taxonomy":"product_tag","embeddable":true,"href":"https:\/\/lojaodocambioautomatico.com.br\/index.php?rest_route=%2Fwp%2Fv2%2Fproduct_tag&post=1019"}],"curies":[{"name":"wp","href":"https:\/\/api.w.org\/{rel}","templated":true}]}}