{"id":1022,"date":"2025-07-21T11:03:06","date_gmt":"2025-07-21T14:03:06","guid":{"rendered":"https:\/\/lojaodocambioautomatico.com.br\/?post_type=product&#038;p=1022"},"modified":"2025-07-21T11:08:16","modified_gmt":"2025-07-21T14:08:16","slug":"planetaria-v4a51-cambio-automatico","status":"publish","type":"product","link":"https:\/\/lojaodocambioautomatico.com.br\/?product=planetaria-v4a51-cambio-automatico","title":{"rendered":"PLANET\u00c1RIA V4A51 CAMBIO AUTOM\u00c1TICO"},"content":{"rendered":"<h2 class=\"ui-pdp-description__title\" data-testid=\"title\">Descri\u00e7\u00e3o<\/h2>\n<p class=\"ui-pdp-description__content\" data-testid=\"content\">Marca: Mitsubishi<br \/>\nProduto: Planet\u00e1rio<br \/>\nAplica\u00e7\u00e3o: Transmiss\u00e3o autom\u00e1tica V4A51<\/p>\n<p>Compatibilidade confirmada:<\/p>\n<p>Mitsubishi Pajero \u2013 de 1997 a 2004, motor 3.0 V6 e 3.5 V6 Gasolina, vers\u00f5es 3p e 5p<br \/>\nInclui vers\u00f5es GLS, GLS TOP e GLS High<\/p>\n<p>Consulte o c\u00f3digo da transmiss\u00e3o antes da compra para garantir a compatibilidade.<\/p>\n","protected":false},"excerpt":{"rendered":"<p>Descri\u00e7\u00e3o Marca: Mitsubishi Produto: Planet\u00e1rio Aplica\u00e7\u00e3o: Transmiss\u00e3o autom\u00e1tica V4A51 Compatibilidade confirmada: Mitsubishi Pajero \u2013 de 1997 a 2004, motor 3.0 V6 e 3.5 V6 Gasolina, vers\u00f5es<span class=\"excerpt-hellip\"> [\u2026]<\/span><\/p>\n","protected":false},"featured_media":1024,"comment_status":"open","ping_status":"closed","template":"","meta":{"_joinchat":[]},"product_brand":[],"product_cat":[137],"product_tag":[],"class_list":{"0":"post-1022","1":"product","2":"type-product","3":"status-publish","4":"has-post-thumbnail","6":"product_cat-planetarios","8":"first","9":"instock","10":"sale","11":"taxable","12":"shipping-taxable","13":"purchasable","14":"product-type-simple"},"_links":{"self":[{"href":"https:\/\/lojaodocambioautomatico.com.br\/index.php?rest_route=\/wp\/v2\/product\/1022","targetHints":{"allow":["GET"]}}],"collection":[{"href":"https:\/\/lojaodocambioautomatico.com.br\/index.php?rest_route=\/wp\/v2\/product"}],"about":[{"href":"https:\/\/lojaodocambioautomatico.com.br\/index.php?rest_route=\/wp\/v2\/types\/product"}],"replies":[{"embeddable":true,"href":"https:\/\/lojaodocambioautomatico.com.br\/index.php?rest_route=%2Fwp%2Fv2%2Fcomments&post=1022"}],"version-history":[{"count":2,"href":"https:\/\/lojaodocambioautomatico.com.br\/index.php?rest_route=\/wp\/v2\/product\/1022\/revisions"}],"predecessor-version":[{"id":1027,"href":"https:\/\/lojaodocambioautomatico.com.br\/index.php?rest_route=\/wp\/v2\/product\/1022\/revisions\/1027"}],"wp:featuredmedia":[{"embeddable":true,"href":"https:\/\/lojaodocambioautomatico.com.br\/index.php?rest_route=\/wp\/v2\/media\/1024"}],"wp:attachment":[{"href":"https:\/\/lojaodocambioautomatico.com.br\/index.php?rest_route=%2Fwp%2Fv2%2Fmedia&parent=1022"}],"wp:term":[{"taxonomy":"product_brand","embeddable":true,"href":"https:\/\/lojaodocambioautomatico.com.br\/index.php?rest_route=%2Fwp%2Fv2%2Fproduct_brand&post=1022"},{"taxonomy":"product_cat","embeddable":true,"href":"https:\/\/lojaodocambioautomatico.com.br\/index.php?rest_route=%2Fwp%2Fv2%2Fproduct_cat&post=1022"},{"taxonomy":"product_tag","embeddable":true,"href":"https:\/\/lojaodocambioautomatico.com.br\/index.php?rest_route=%2Fwp%2Fv2%2Fproduct_tag&post=1022"}],"curies":[{"name":"wp","href":"https:\/\/api.w.org\/{rel}","templated":true}]}}