{"id":1036,"date":"2025-07-21T11:54:35","date_gmt":"2025-07-21T14:54:35","guid":{"rendered":"https:\/\/lojaodocambioautomatico.com.br\/?post_type=product&#038;p=1036"},"modified":"2025-07-21T11:54:44","modified_gmt":"2025-07-21T14:54:44","slug":"kit-overhaul-a245e-a246e-247e","status":"publish","type":"product","link":"https:\/\/lojaodocambioautomatico.com.br\/?product=kit-overhaul-a245e-a246e-247e","title":{"rendered":"KIT OVERHAUL A245E A246E 247E"},"content":{"rendered":"<h2 class=\"ui-pdp-description__title\" data-testid=\"title\">Descri\u00e7\u00e3o<\/h2>\n<p>KIT DE JUNTA DA TRANSMISS\u00c3O AUTOM\u00c1TICA A245<\/p>\n<p>Essa pe\u00e7a serve nos seguintes modelos de carros :<\/p>\n<p>Toyota Corolla 1.8 (2003-2008) &#8211; c\u00e2mbio autom\u00e1tico 4 marchas<br \/>\nToyota Fielder 1.8 (2003-2008) &#8211; c\u00e2mbio autom\u00e1tico 4 marchas<\/p>\n<p>ANTES DE COMPRAR LEIA ATENTAMENTE ESSAS INFORMA\u00c7\u00d5ES.<\/p>\n","protected":false},"excerpt":{"rendered":"<p>Descri\u00e7\u00e3o KIT DE JUNTA DA TRANSMISS\u00c3O AUTOM\u00c1TICA A245 Essa pe\u00e7a serve nos seguintes modelos de carros : Toyota Corolla 1.8 (2003-2008) &#8211; c\u00e2mbio autom\u00e1tico 4 marchas<span class=\"excerpt-hellip\"> [\u2026]<\/span><\/p>\n","protected":false},"featured_media":1037,"comment_status":"open","ping_status":"closed","template":"","meta":{"_joinchat":[]},"product_brand":[],"product_cat":[143],"product_tag":[],"class_list":{"0":"post-1036","1":"product","2":"type-product","3":"status-publish","4":"has-post-thumbnail","6":"product_cat-kit-overhaul","8":"first","9":"instock","10":"taxable","11":"shipping-taxable","12":"purchasable","13":"product-type-simple"},"_links":{"self":[{"href":"https:\/\/lojaodocambioautomatico.com.br\/index.php?rest_route=\/wp\/v2\/product\/1036","targetHints":{"allow":["GET"]}}],"collection":[{"href":"https:\/\/lojaodocambioautomatico.com.br\/index.php?rest_route=\/wp\/v2\/product"}],"about":[{"href":"https:\/\/lojaodocambioautomatico.com.br\/index.php?rest_route=\/wp\/v2\/types\/product"}],"replies":[{"embeddable":true,"href":"https:\/\/lojaodocambioautomatico.com.br\/index.php?rest_route=%2Fwp%2Fv2%2Fcomments&post=1036"}],"version-history":[{"count":2,"href":"https:\/\/lojaodocambioautomatico.com.br\/index.php?rest_route=\/wp\/v2\/product\/1036\/revisions"}],"predecessor-version":[{"id":1039,"href":"https:\/\/lojaodocambioautomatico.com.br\/index.php?rest_route=\/wp\/v2\/product\/1036\/revisions\/1039"}],"wp:featuredmedia":[{"embeddable":true,"href":"https:\/\/lojaodocambioautomatico.com.br\/index.php?rest_route=\/wp\/v2\/media\/1037"}],"wp:attachment":[{"href":"https:\/\/lojaodocambioautomatico.com.br\/index.php?rest_route=%2Fwp%2Fv2%2Fmedia&parent=1036"}],"wp:term":[{"taxonomy":"product_brand","embeddable":true,"href":"https:\/\/lojaodocambioautomatico.com.br\/index.php?rest_route=%2Fwp%2Fv2%2Fproduct_brand&post=1036"},{"taxonomy":"product_cat","embeddable":true,"href":"https:\/\/lojaodocambioautomatico.com.br\/index.php?rest_route=%2Fwp%2Fv2%2Fproduct_cat&post=1036"},{"taxonomy":"product_tag","embeddable":true,"href":"https:\/\/lojaodocambioautomatico.com.br\/index.php?rest_route=%2Fwp%2Fv2%2Fproduct_tag&post=1036"}],"curies":[{"name":"wp","href":"https:\/\/api.w.org\/{rel}","templated":true}]}}