{"id":1050,"date":"2025-07-21T12:34:14","date_gmt":"2025-07-21T15:34:14","guid":{"rendered":"https:\/\/lojaodocambioautomatico.com.br\/?post_type=product&#038;p=1050"},"modified":"2025-08-04T10:09:43","modified_gmt":"2025-08-04T13:09:43","slug":"kit-overhaul-6l45e-6l50e","status":"publish","type":"product","link":"https:\/\/lojaodocambioautomatico.com.br\/?product=kit-overhaul-6l45e-6l50e","title":{"rendered":"KIT OVERHAUL 6L45E 6L50E"},"content":{"rendered":"<h2 class=\"ui-pdp-description__title\" data-testid=\"title\">Descri\u00e7\u00e3o<\/h2>\n<p class=\"ui-pdp-description__content\" data-testid=\"content\">Jogo De Juntas C\u00e2mbio Autom\u00e1tico 6L45 120i 125i 323i 325i<\/p>\n<p>***** Produto a pronta Entrega *****<\/p>\n<p>Aplica\u00e7\u00e3o :<br \/>\nBMW 120i E81 E82 E87 E88 N43 2007 a 2013 C\u00e2mbio GM 6 Marchas (com c\u00e1rter de metal)<br \/>\nBMW 125i E81 E82 N5B30 2008 a 2013 C\u00e2mbio GM 6 Marchas (com c\u00e1rter de metal)<br \/>\nBMW 323i E90 E91 E92 E93 N52B25 2004 a 2012 C\u00e2mbio GM 6 Marchas (com c\u00e1rter de metal)<br \/>\nBMW 325i E90 E91 E92 E93 N52B25 N53B30 2005 a 2013 C\u00e2mbio GM 6 Marchas (com c\u00e1rter de metal)<br \/>\nBMW 325xi N52B25 N52B30 N53B30 2005 a 2013 C\u00e2mbio GM 6 Marchas (com c\u00e1rter de metal)<br \/>\nBMW 325i XDrive N52B25 N52B30 N53B30 2005 a 2013 C\u00e2mbio GM 6 Marchas (com c\u00e1rter de metal)<br \/>\nBMW 330 Xi N52B25 N52B30 N53B30 2005 a 2013 C\u00e2mbio GM 6 Marchas (com c\u00e1rter de metal)<br \/>\nBMW 330i XDrive N52B25 N52B30 N53B30 2005 a 2013 C\u00e2mbio GM 6 Marchas (com c\u00e1rter de metal)<br \/>\nBMW 330i E90 E91 E92 E93 N52B30 N53B30 2005 a 2013 C\u00e2mbio GM 6 Marchas (com c\u00e1rter de metal)<br \/>\nGM S10 2.8 2013 em diante 6 marchas<\/p>\n<p>Composi\u00e7\u00e3o:<br \/>\n01 Jogo De Juntas<\/p>\n","protected":false},"excerpt":{"rendered":"<p>Descri\u00e7\u00e3o Jogo De Juntas C\u00e2mbio Autom\u00e1tico 6L45 120i 125i 323i 325i ***** Produto a pronta Entrega ***** Aplica\u00e7\u00e3o : BMW 120i E81 E82 E87 E88 N43<span class=\"excerpt-hellip\"> [\u2026]<\/span><\/p>\n","protected":false},"featured_media":1051,"comment_status":"open","ping_status":"closed","template":"","meta":{"_joinchat":[]},"product_brand":[],"product_cat":[143],"product_tag":[],"class_list":{"0":"post-1050","1":"product","2":"type-product","3":"status-publish","4":"has-post-thumbnail","6":"product_cat-kit-overhaul","8":"first","9":"instock","10":"taxable","11":"shipping-taxable","12":"purchasable","13":"product-type-simple"},"_links":{"self":[{"href":"https:\/\/lojaodocambioautomatico.com.br\/index.php?rest_route=\/wp\/v2\/product\/1050","targetHints":{"allow":["GET"]}}],"collection":[{"href":"https:\/\/lojaodocambioautomatico.com.br\/index.php?rest_route=\/wp\/v2\/product"}],"about":[{"href":"https:\/\/lojaodocambioautomatico.com.br\/index.php?rest_route=\/wp\/v2\/types\/product"}],"replies":[{"embeddable":true,"href":"https:\/\/lojaodocambioautomatico.com.br\/index.php?rest_route=%2Fwp%2Fv2%2Fcomments&post=1050"}],"version-history":[{"count":2,"href":"https:\/\/lojaodocambioautomatico.com.br\/index.php?rest_route=\/wp\/v2\/product\/1050\/revisions"}],"predecessor-version":[{"id":1196,"href":"https:\/\/lojaodocambioautomatico.com.br\/index.php?rest_route=\/wp\/v2\/product\/1050\/revisions\/1196"}],"wp:featuredmedia":[{"embeddable":true,"href":"https:\/\/lojaodocambioautomatico.com.br\/index.php?rest_route=\/wp\/v2\/media\/1051"}],"wp:attachment":[{"href":"https:\/\/lojaodocambioautomatico.com.br\/index.php?rest_route=%2Fwp%2Fv2%2Fmedia&parent=1050"}],"wp:term":[{"taxonomy":"product_brand","embeddable":true,"href":"https:\/\/lojaodocambioautomatico.com.br\/index.php?rest_route=%2Fwp%2Fv2%2Fproduct_brand&post=1050"},{"taxonomy":"product_cat","embeddable":true,"href":"https:\/\/lojaodocambioautomatico.com.br\/index.php?rest_route=%2Fwp%2Fv2%2Fproduct_cat&post=1050"},{"taxonomy":"product_tag","embeddable":true,"href":"https:\/\/lojaodocambioautomatico.com.br\/index.php?rest_route=%2Fwp%2Fv2%2Fproduct_tag&post=1050"}],"curies":[{"name":"wp","href":"https:\/\/api.w.org\/{rel}","templated":true}]}}