{"id":1061,"date":"2025-07-22T12:53:58","date_gmt":"2025-07-22T15:53:58","guid":{"rendered":"https:\/\/lojaodocambioautomatico.com.br\/?post_type=product&#038;p=1061"},"modified":"2025-07-31T10:11:20","modified_gmt":"2025-07-31T13:11:20","slug":"trocador-resfriador-al4-c3-c4-aircross-peugeot-206-207","status":"publish","type":"product","link":"https:\/\/lojaodocambioautomatico.com.br\/?product=trocador-resfriador-al4-c3-c4-aircross-peugeot-206-207","title":{"rendered":"TROCADOR RESFRIADOR AL4 C3 C4 AIRCROSS PEUGEOT 206 207"},"content":{"rendered":"<h2 class=\"ui-pdp-description__title\" data-testid=\"title\">Descri\u00e7\u00e3o<\/h2>\n<p class=\"ui-pdp-description__content\" data-testid=\"content\">&gt; Aplica\u00e7\u00e3o:<\/p>\n<p>&#8211; RENAULT &#8211; TODOS EQUIPADOS COM CAMBIO AL4<br \/>\n&#8211; PEUGEOT &#8211; TODOS EQUIPADOS COM CAMBIO AL4<br \/>\n&#8211; CITROEN &#8211; TODOS EQUIPADOS COM CAMBIO AL4<br \/>\n&#8212;&#8212;&#8212;&#8212;&#8211;<br \/>\nCITROEN<br \/>\nXSARA PICASSO<br \/>\nXSARA<br \/>\nC3<br \/>\nC4<br \/>\nC5<br \/>\nAIRCROSS<\/p>\n<p>PEUGEOT<br \/>\n206<br \/>\n207<br \/>\n307<br \/>\n308<br \/>\n408<br \/>\n2008<br \/>\n406<br \/>\n407<\/p>\n<p>RENAULT<br \/>\nMEGANE<br \/>\nSCENIC<br \/>\nLOGAN<br \/>\nSANDERO<br \/>\nCAPTUR<br \/>\nDUSTER<\/p>\n","protected":false},"excerpt":{"rendered":"<p>Descri\u00e7\u00e3o &gt; Aplica\u00e7\u00e3o: &#8211; RENAULT &#8211; TODOS EQUIPADOS COM CAMBIO AL4 &#8211; PEUGEOT &#8211; TODOS EQUIPADOS COM CAMBIO AL4 &#8211; CITROEN &#8211; TODOS EQUIPADOS COM CAMBIO<span class=\"excerpt-hellip\"> [\u2026]<\/span><\/p>\n","protected":false},"featured_media":1062,"comment_status":"open","ping_status":"closed","template":"","meta":{"_joinchat":[]},"product_brand":[],"product_cat":[132],"product_tag":[],"class_list":{"0":"post-1061","1":"product","2":"type-product","3":"status-publish","4":"has-post-thumbnail","6":"product_cat-trocador-de-calor","8":"first","9":"instock","10":"taxable","11":"shipping-taxable","12":"purchasable","13":"product-type-simple"},"_links":{"self":[{"href":"https:\/\/lojaodocambioautomatico.com.br\/index.php?rest_route=\/wp\/v2\/product\/1061","targetHints":{"allow":["GET"]}}],"collection":[{"href":"https:\/\/lojaodocambioautomatico.com.br\/index.php?rest_route=\/wp\/v2\/product"}],"about":[{"href":"https:\/\/lojaodocambioautomatico.com.br\/index.php?rest_route=\/wp\/v2\/types\/product"}],"replies":[{"embeddable":true,"href":"https:\/\/lojaodocambioautomatico.com.br\/index.php?rest_route=%2Fwp%2Fv2%2Fcomments&post=1061"}],"version-history":[{"count":2,"href":"https:\/\/lojaodocambioautomatico.com.br\/index.php?rest_route=\/wp\/v2\/product\/1061\/revisions"}],"predecessor-version":[{"id":1064,"href":"https:\/\/lojaodocambioautomatico.com.br\/index.php?rest_route=\/wp\/v2\/product\/1061\/revisions\/1064"}],"wp:featuredmedia":[{"embeddable":true,"href":"https:\/\/lojaodocambioautomatico.com.br\/index.php?rest_route=\/wp\/v2\/media\/1062"}],"wp:attachment":[{"href":"https:\/\/lojaodocambioautomatico.com.br\/index.php?rest_route=%2Fwp%2Fv2%2Fmedia&parent=1061"}],"wp:term":[{"taxonomy":"product_brand","embeddable":true,"href":"https:\/\/lojaodocambioautomatico.com.br\/index.php?rest_route=%2Fwp%2Fv2%2Fproduct_brand&post=1061"},{"taxonomy":"product_cat","embeddable":true,"href":"https:\/\/lojaodocambioautomatico.com.br\/index.php?rest_route=%2Fwp%2Fv2%2Fproduct_cat&post=1061"},{"taxonomy":"product_tag","embeddable":true,"href":"https:\/\/lojaodocambioautomatico.com.br\/index.php?rest_route=%2Fwp%2Fv2%2Fproduct_tag&post=1061"}],"curies":[{"name":"wp","href":"https:\/\/api.w.org\/{rel}","templated":true}]}}