{"id":1065,"date":"2025-07-22T14:47:41","date_gmt":"2025-07-22T17:47:41","guid":{"rendered":"https:\/\/lojaodocambioautomatico.com.br\/?post_type=product&#038;p=1065"},"modified":"2025-07-22T14:47:41","modified_gmt":"2025-07-22T17:47:41","slug":"jogo-de-disco-6l45-6l50","status":"publish","type":"product","link":"https:\/\/lojaodocambioautomatico.com.br\/?product=jogo-de-disco-6l45-6l50","title":{"rendered":"JOGO DE DISCO 6L45\/6L50"},"content":{"rendered":"<h2 class=\"ui-pdp-description__title\" data-testid=\"title\">Descri\u00e7\u00e3o<\/h2>\n<h2 class=\"ui-pdp-description__title\" data-testid=\"title\">APLICA\u00c7\u00c3O:<br \/>\nBMW<br \/>\nS\u00c9RIE 1 &#8211; 2006\/2013 L4 1.6L\/2.0L &#8211; L6 3.0L 6 Marchas RWD<br \/>\nS\u00c9RIE 3 &#8211; 2006\/2013 L6 2.5L\/3.0L 6 Marchas R\/4WD<br \/>\nS\u00c9RIE 5 &#8211; 2006\/2010 L6 2.5L\/3.0L 6 Marchas R\/4WD<br \/>\nS\u00c9RIE 6 &#8211; 2007\/2013 L6 3.0L 6 Marchas RWD<br \/>\nX1 &#8211; 2009\/2016 L4 2.0L &#8211; L6 3.0L 6 Marchas R\/4WD<br \/>\nX3 &#8211; 2007\/2011 L6 2.5L\/3.0L 6 Marchas R\/4WD<br \/>\nZ4 &#8211; 2009\/2016 L6 3.0L 6 Marchas R\/4WD<\/h2>\n","protected":false},"excerpt":{"rendered":"<p>Descri\u00e7\u00e3o APLICA\u00c7\u00c3O: BMW S\u00c9RIE 1 &#8211; 2006\/2013 L4 1.6L\/2.0L &#8211; L6 3.0L 6 Marchas RWD S\u00c9RIE 3 &#8211; 2006\/2013 L6 2.5L\/3.0L 6 Marchas R\/4WD S\u00c9RIE 5<span class=\"excerpt-hellip\"> [\u2026]<\/span><\/p>\n","protected":false},"featured_media":1066,"comment_status":"open","ping_status":"closed","template":"","meta":{"_joinchat":[]},"product_brand":[],"product_cat":[128],"product_tag":[],"class_list":{"0":"post-1065","1":"product","2":"type-product","3":"status-publish","4":"has-post-thumbnail","6":"product_cat-discos","8":"first","9":"instock","10":"taxable","11":"shipping-taxable","12":"purchasable","13":"product-type-simple"},"_links":{"self":[{"href":"https:\/\/lojaodocambioautomatico.com.br\/index.php?rest_route=\/wp\/v2\/product\/1065","targetHints":{"allow":["GET"]}}],"collection":[{"href":"https:\/\/lojaodocambioautomatico.com.br\/index.php?rest_route=\/wp\/v2\/product"}],"about":[{"href":"https:\/\/lojaodocambioautomatico.com.br\/index.php?rest_route=\/wp\/v2\/types\/product"}],"replies":[{"embeddable":true,"href":"https:\/\/lojaodocambioautomatico.com.br\/index.php?rest_route=%2Fwp%2Fv2%2Fcomments&post=1065"}],"version-history":[{"count":2,"href":"https:\/\/lojaodocambioautomatico.com.br\/index.php?rest_route=\/wp\/v2\/product\/1065\/revisions"}],"predecessor-version":[{"id":1069,"href":"https:\/\/lojaodocambioautomatico.com.br\/index.php?rest_route=\/wp\/v2\/product\/1065\/revisions\/1069"}],"wp:featuredmedia":[{"embeddable":true,"href":"https:\/\/lojaodocambioautomatico.com.br\/index.php?rest_route=\/wp\/v2\/media\/1066"}],"wp:attachment":[{"href":"https:\/\/lojaodocambioautomatico.com.br\/index.php?rest_route=%2Fwp%2Fv2%2Fmedia&parent=1065"}],"wp:term":[{"taxonomy":"product_brand","embeddable":true,"href":"https:\/\/lojaodocambioautomatico.com.br\/index.php?rest_route=%2Fwp%2Fv2%2Fproduct_brand&post=1065"},{"taxonomy":"product_cat","embeddable":true,"href":"https:\/\/lojaodocambioautomatico.com.br\/index.php?rest_route=%2Fwp%2Fv2%2Fproduct_cat&post=1065"},{"taxonomy":"product_tag","embeddable":true,"href":"https:\/\/lojaodocambioautomatico.com.br\/index.php?rest_route=%2Fwp%2Fv2%2Fproduct_tag&post=1065"}],"curies":[{"name":"wp","href":"https:\/\/api.w.org\/{rel}","templated":true}]}}