{"id":1093,"date":"2025-07-23T16:43:06","date_gmt":"2025-07-23T19:43:06","guid":{"rendered":"https:\/\/lojaodocambioautomatico.com.br\/?post_type=product&#038;p=1093"},"modified":"2025-07-23T16:43:07","modified_gmt":"2025-07-23T19:43:07","slug":"jogo-de-disco-composite-al4-citroen-peugeot","status":"publish","type":"product","link":"https:\/\/lojaodocambioautomatico.com.br\/?product=jogo-de-disco-composite-al4-citroen-peugeot","title":{"rendered":"JOGO DE DISCO COMPOSITE AL4 CITROEN PEUGEOT"},"content":{"rendered":"<h2 class=\"ui-pdp-description__title\" data-testid=\"title\">Descri\u00e7\u00e3o<\/h2>\n<p class=\"ui-pdp-description__content\" data-testid=\"content\">Jogo de Discos Composite para c\u00e2mbio autom\u00e1tico AL4 (kit completo)<\/p>\n<p>VE\u00cdCULOS:<br \/>\nCitroen C3 &#8211; c\u00e2mbio autom\u00e1tico 4 marchas<br \/>\nCitroen C3 Picasso &#8211; c\u00e2mbio autom\u00e1tico 4 marchas<br \/>\nCitroen C4 &#8211; c\u00e2mbio autom\u00e1tico 4 marchas<br \/>\nCitroen C4 Pallas &#8211; c\u00e2mbio autom\u00e1tico 4 marchas<br \/>\nPeugeot 2008 &#8211; c\u00e2mbio autom\u00e1tico 4 marchas<br \/>\nPeugeot 206 &#8211; c\u00e2mbio autom\u00e1tico 4 marchas<br \/>\nPeugeot 207 &#8211; c\u00e2mbio autom\u00e1tico 4 marchas<br \/>\nPeugeot 208 &#8211; c\u00e2mbio autom\u00e1tico 4 marchas<br \/>\nPeugeot 307 &#8211; c\u00e2mbio autom\u00e1tico 4 marchas<br \/>\nPeugeot 308 &#8211; c\u00e2mbio autom\u00e1tico 4 marchas<br \/>\nPeugeot 407 &#8211; c\u00e2mbio autom\u00e1tico 4 marchas<br \/>\nPeugeot 408 &#8211; c\u00e2mbio autom\u00e1tico 4 marchas<br \/>\nRenault Laguna &#8211; c\u00e2mbio autom\u00e1tico 4 marchas<br \/>\nRenault Megane &#8211; c\u00e2mbio autom\u00e1tico 4 marchas<br \/>\nRenault Sandero &#8211; c\u00e2mbio autom\u00e1tico 4 marchas<br \/>\nRenault Scenic &#8211; c\u00e2mbio autom\u00e1tico 4 marchas<\/p>\n","protected":false},"excerpt":{"rendered":"<p>Descri\u00e7\u00e3o Jogo de Discos Composite para c\u00e2mbio autom\u00e1tico AL4 (kit completo) VE\u00cdCULOS: Citroen C3 &#8211; c\u00e2mbio autom\u00e1tico 4 marchas Citroen C3 Picasso &#8211; c\u00e2mbio autom\u00e1tico 4<span class=\"excerpt-hellip\"> [\u2026]<\/span><\/p>\n","protected":false},"featured_media":1094,"comment_status":"open","ping_status":"closed","template":"","meta":{"_joinchat":[]},"product_brand":[],"product_cat":[128],"product_tag":[],"class_list":{"0":"post-1093","1":"product","2":"type-product","3":"status-publish","4":"has-post-thumbnail","6":"product_cat-discos","8":"first","9":"instock","10":"taxable","11":"shipping-taxable","12":"purchasable","13":"product-type-simple"},"_links":{"self":[{"href":"https:\/\/lojaodocambioautomatico.com.br\/index.php?rest_route=\/wp\/v2\/product\/1093","targetHints":{"allow":["GET"]}}],"collection":[{"href":"https:\/\/lojaodocambioautomatico.com.br\/index.php?rest_route=\/wp\/v2\/product"}],"about":[{"href":"https:\/\/lojaodocambioautomatico.com.br\/index.php?rest_route=\/wp\/v2\/types\/product"}],"replies":[{"embeddable":true,"href":"https:\/\/lojaodocambioautomatico.com.br\/index.php?rest_route=%2Fwp%2Fv2%2Fcomments&post=1093"}],"version-history":[{"count":1,"href":"https:\/\/lojaodocambioautomatico.com.br\/index.php?rest_route=\/wp\/v2\/product\/1093\/revisions"}],"predecessor-version":[{"id":1096,"href":"https:\/\/lojaodocambioautomatico.com.br\/index.php?rest_route=\/wp\/v2\/product\/1093\/revisions\/1096"}],"wp:featuredmedia":[{"embeddable":true,"href":"https:\/\/lojaodocambioautomatico.com.br\/index.php?rest_route=\/wp\/v2\/media\/1094"}],"wp:attachment":[{"href":"https:\/\/lojaodocambioautomatico.com.br\/index.php?rest_route=%2Fwp%2Fv2%2Fmedia&parent=1093"}],"wp:term":[{"taxonomy":"product_brand","embeddable":true,"href":"https:\/\/lojaodocambioautomatico.com.br\/index.php?rest_route=%2Fwp%2Fv2%2Fproduct_brand&post=1093"},{"taxonomy":"product_cat","embeddable":true,"href":"https:\/\/lojaodocambioautomatico.com.br\/index.php?rest_route=%2Fwp%2Fv2%2Fproduct_cat&post=1093"},{"taxonomy":"product_tag","embeddable":true,"href":"https:\/\/lojaodocambioautomatico.com.br\/index.php?rest_route=%2Fwp%2Fv2%2Fproduct_tag&post=1093"}],"curies":[{"name":"wp","href":"https:\/\/api.w.org\/{rel}","templated":true}]}}