{"id":1097,"date":"2025-07-24T13:34:40","date_gmt":"2025-07-24T16:34:40","guid":{"rendered":"https:\/\/lojaodocambioautomatico.com.br\/?post_type=product&#038;p=1097"},"modified":"2025-08-16T10:56:04","modified_gmt":"2025-08-16T13:56:04","slug":"disco-composite-6t30","status":"publish","type":"product","link":"https:\/\/lojaodocambioautomatico.com.br\/?product=disco-composite-6t30","title":{"rendered":"JOGO DE DISCO COMPOSITE 6T30"},"content":{"rendered":"<h2 class=\"ui-pdp-description__title\" data-testid=\"title\">Descri\u00e7\u00e3o<\/h2>\n<p class=\"ui-pdp-description__content\" data-testid=\"content\">Jogo de Discos Composite para c\u00e2mbio autom\u00e1tico 6T30e GM<\/p>\n<p>ITENS:<br \/>\n01x Jogo de Discos Composite<\/p>\n<p>VE\u00cdCULOS:<br \/>\nChevrolet Prisma de 2013 em diante &#8211; c\u00e2mbio autom\u00e1tico 6 marchas<br \/>\nChevrolet Onix de 2013 em diante &#8211; c\u00e2mbio autom\u00e1tico 6 marchas<br \/>\nChevrolet Cruze de 2012 a 2016 &#8211; c\u00e2mbio autom\u00e1tico 6 marchas<br \/>\nChevrolet Malibu de 2010 a 2013 &#8211; c\u00e2mbio autom\u00e1tico 6 marchas<br \/>\nChevrolet Spin at\u00e9 2016 &#8211; c\u00e2mbio autom\u00e1tico 6 marchas<br \/>\nChevrolet Cobalt at\u00e9 2016 &#8211; c\u00e2mbio autom\u00e1tico 6 marchas<\/p>\n","protected":false},"excerpt":{"rendered":"<p>Descri\u00e7\u00e3o Jogo de Discos Composite para c\u00e2mbio autom\u00e1tico 6T30e GM ITENS: 01x Jogo de Discos Composite VE\u00cdCULOS: Chevrolet Prisma de 2013 em diante &#8211; c\u00e2mbio autom\u00e1tico<span class=\"excerpt-hellip\"> [\u2026]<\/span><\/p>\n","protected":false},"featured_media":1098,"comment_status":"open","ping_status":"closed","template":"","meta":{"_joinchat":[]},"product_brand":[],"product_cat":[128],"product_tag":[],"class_list":{"0":"post-1097","1":"product","2":"type-product","3":"status-publish","4":"has-post-thumbnail","6":"product_cat-discos","8":"first","9":"outofstock","10":"sale","11":"taxable","12":"shipping-taxable","13":"purchasable","14":"product-type-simple"},"_links":{"self":[{"href":"https:\/\/lojaodocambioautomatico.com.br\/index.php?rest_route=\/wp\/v2\/product\/1097","targetHints":{"allow":["GET"]}}],"collection":[{"href":"https:\/\/lojaodocambioautomatico.com.br\/index.php?rest_route=\/wp\/v2\/product"}],"about":[{"href":"https:\/\/lojaodocambioautomatico.com.br\/index.php?rest_route=\/wp\/v2\/types\/product"}],"replies":[{"embeddable":true,"href":"https:\/\/lojaodocambioautomatico.com.br\/index.php?rest_route=%2Fwp%2Fv2%2Fcomments&post=1097"}],"version-history":[{"count":2,"href":"https:\/\/lojaodocambioautomatico.com.br\/index.php?rest_route=\/wp\/v2\/product\/1097\/revisions"}],"predecessor-version":[{"id":1100,"href":"https:\/\/lojaodocambioautomatico.com.br\/index.php?rest_route=\/wp\/v2\/product\/1097\/revisions\/1100"}],"wp:featuredmedia":[{"embeddable":true,"href":"https:\/\/lojaodocambioautomatico.com.br\/index.php?rest_route=\/wp\/v2\/media\/1098"}],"wp:attachment":[{"href":"https:\/\/lojaodocambioautomatico.com.br\/index.php?rest_route=%2Fwp%2Fv2%2Fmedia&parent=1097"}],"wp:term":[{"taxonomy":"product_brand","embeddable":true,"href":"https:\/\/lojaodocambioautomatico.com.br\/index.php?rest_route=%2Fwp%2Fv2%2Fproduct_brand&post=1097"},{"taxonomy":"product_cat","embeddable":true,"href":"https:\/\/lojaodocambioautomatico.com.br\/index.php?rest_route=%2Fwp%2Fv2%2Fproduct_cat&post=1097"},{"taxonomy":"product_tag","embeddable":true,"href":"https:\/\/lojaodocambioautomatico.com.br\/index.php?rest_route=%2Fwp%2Fv2%2Fproduct_tag&post=1097"}],"curies":[{"name":"wp","href":"https:\/\/api.w.org\/{rel}","templated":true}]}}