{"id":1110,"date":"2025-07-24T14:01:20","date_gmt":"2025-07-24T17:01:20","guid":{"rendered":"https:\/\/lojaodocambioautomatico.com.br\/?post_type=product&#038;p=1110"},"modified":"2025-07-24T14:01:21","modified_gmt":"2025-07-24T17:01:21","slug":"jogo-disco-composite-4f27e-ford-focus-escosport-ano-00-12","status":"publish","type":"product","link":"https:\/\/lojaodocambioautomatico.com.br\/?product=jogo-disco-composite-4f27e-ford-focus-escosport-ano-00-12","title":{"rendered":"JOGO DISCO COMPOSITE 4F27E FORD FOCUS ESCOSPORT ANO 00 12"},"content":{"rendered":"<h2 class=\"ui-pdp-description__title\" data-testid=\"title\">Descri\u00e7\u00e3o<\/h2>\n<p class=\"ui-pdp-description__content\" data-testid=\"content\">Pe\u00e7a anunciada para o C\u00e2mbio Autom\u00e1tico 4F27e<\/p>\n<p>REALIZAMOS ENVIOS DI\u00c1RIOS PARA COMPRAS APROVADAS AT\u00c9 AS 16H.<\/p>\n<p>Pe\u00e7a anunciada para o C\u00e2mbio Autom\u00e1tico<\/p>\n<p>PRODUTO A PRONTA ENTREGA PARA ENVIO OU RETIRADA\u00a0EM\u00a0NOSSA\u00a0LOJA<\/p>\n<p>APLICA\u00c7\u00c3O:<br \/>\nFORD ECOSPORT 2.0 (2007-2012)<br \/>\nFORD FOCUS 1.8 2.0 (1998-2013)<br \/>\nFORD FIESTA 1.6<br \/>\nMAZDA 8\/MPV 2.3 (2001-2017)<br \/>\nMAZDA PROTEGE 1.6 1.8 2.0 (1990-2004)<\/p>\n<p>COMPOSI\u00c7\u00c3O:<br \/>\n01- KIT DISCOS DE COMPOSITE ( 14 Discos )<\/p>\n<p>OBS&#8230;<br \/>\nATEN\u00c7\u00c3O<br \/>\nConfirme com seu mec\u00e2nico se o modelo de sua transmiss\u00e3o \u00e9 realmente 4F27E<\/p>\n<p>Este DISCOS COMPOSITE \u00e9 para o reparo da transmiss\u00e3o autom\u00e1tica.<\/p>\n<p>Para que d\u00ea tudo certo, recomendamos enfaticamente que voc\u00ea contrate um especialista<br \/>\nem Transmiss\u00f5es Autom\u00e1ticas para a execu\u00e7\u00e3o do servi\u00e7o.<\/p>\n","protected":false},"excerpt":{"rendered":"<p>Descri\u00e7\u00e3o Pe\u00e7a anunciada para o C\u00e2mbio Autom\u00e1tico 4F27e REALIZAMOS ENVIOS DI\u00c1RIOS PARA COMPRAS APROVADAS AT\u00c9 AS 16H. Pe\u00e7a anunciada para o C\u00e2mbio Autom\u00e1tico PRODUTO A PRONTA<span class=\"excerpt-hellip\"> [\u2026]<\/span><\/p>\n","protected":false},"featured_media":1112,"comment_status":"open","ping_status":"closed","template":"","meta":{"_joinchat":[]},"product_brand":[],"product_cat":[128],"product_tag":[],"class_list":{"0":"post-1110","1":"product","2":"type-product","3":"status-publish","4":"has-post-thumbnail","6":"product_cat-discos","8":"first","9":"instock","10":"taxable","11":"shipping-taxable","12":"purchasable","13":"product-type-simple"},"_links":{"self":[{"href":"https:\/\/lojaodocambioautomatico.com.br\/index.php?rest_route=\/wp\/v2\/product\/1110","targetHints":{"allow":["GET"]}}],"collection":[{"href":"https:\/\/lojaodocambioautomatico.com.br\/index.php?rest_route=\/wp\/v2\/product"}],"about":[{"href":"https:\/\/lojaodocambioautomatico.com.br\/index.php?rest_route=\/wp\/v2\/types\/product"}],"replies":[{"embeddable":true,"href":"https:\/\/lojaodocambioautomatico.com.br\/index.php?rest_route=%2Fwp%2Fv2%2Fcomments&post=1110"}],"version-history":[{"count":1,"href":"https:\/\/lojaodocambioautomatico.com.br\/index.php?rest_route=\/wp\/v2\/product\/1110\/revisions"}],"predecessor-version":[{"id":1113,"href":"https:\/\/lojaodocambioautomatico.com.br\/index.php?rest_route=\/wp\/v2\/product\/1110\/revisions\/1113"}],"wp:featuredmedia":[{"embeddable":true,"href":"https:\/\/lojaodocambioautomatico.com.br\/index.php?rest_route=\/wp\/v2\/media\/1112"}],"wp:attachment":[{"href":"https:\/\/lojaodocambioautomatico.com.br\/index.php?rest_route=%2Fwp%2Fv2%2Fmedia&parent=1110"}],"wp:term":[{"taxonomy":"product_brand","embeddable":true,"href":"https:\/\/lojaodocambioautomatico.com.br\/index.php?rest_route=%2Fwp%2Fv2%2Fproduct_brand&post=1110"},{"taxonomy":"product_cat","embeddable":true,"href":"https:\/\/lojaodocambioautomatico.com.br\/index.php?rest_route=%2Fwp%2Fv2%2Fproduct_cat&post=1110"},{"taxonomy":"product_tag","embeddable":true,"href":"https:\/\/lojaodocambioautomatico.com.br\/index.php?rest_route=%2Fwp%2Fv2%2Fproduct_tag&post=1110"}],"curies":[{"name":"wp","href":"https:\/\/api.w.org\/{rel}","templated":true}]}}