{"id":1114,"date":"2025-07-25T15:55:07","date_gmt":"2025-07-25T18:55:07","guid":{"rendered":"https:\/\/lojaodocambioautomatico.com.br\/?post_type=product&#038;p=1114"},"modified":"2025-07-25T16:01:19","modified_gmt":"2025-07-25T19:01:19","slug":"filtro-6t40e-6t45e-gm-captiva-cruze-116710","status":"publish","type":"product","link":"https:\/\/lojaodocambioautomatico.com.br\/?product=filtro-6t40e-6t45e-gm-captiva-cruze-116710","title":{"rendered":"FILTRO 6T40E 6T45E GM CAPTIVA CRUZE 116710"},"content":{"rendered":"<h2 class=\"ui-pdp-description__title\" data-testid=\"title\">Descri\u00e7\u00e3o<\/h2>\n<p class=\"ui-pdp-description__content\" data-testid=\"content\">Aplica\u00e7\u00e3o:<br \/>\nCHEVROLET CRUZE 1.8 16V ECOTEC 6 &#8211; 2011 A 2016<br \/>\nCHEVROLET CRUZE 1.4 TURBO LT \/ LTZ 16V FLEX &#8211; 2016 &#8211;&gt; EM DIANTE<br \/>\nCHEVROLET CAPTIVA 2.4 16V ECOTEC &#8211; 2009 A 2011<br \/>\nCHEVROLET CAPTIVA 2.4 16V &#8211; 2012 A 2016<br \/>\nCHEVROLET CAPTIVA 3.0 V6 24V &#8211; 2011 A 2013<\/p>\n<p>Itens inclusos:<br \/>\n01 &#8211; Filtro de \u00f3leo<\/p>\n","protected":false},"excerpt":{"rendered":"<p>Descri\u00e7\u00e3o Aplica\u00e7\u00e3o: CHEVROLET CRUZE 1.8 16V ECOTEC 6 &#8211; 2011 A 2016 CHEVROLET CRUZE 1.4 TURBO LT \/ LTZ 16V FLEX &#8211; 2016 &#8211;&gt; EM DIANTE<span class=\"excerpt-hellip\"> [\u2026]<\/span><\/p>\n","protected":false},"featured_media":1115,"comment_status":"open","ping_status":"closed","template":"","meta":{"_joinchat":[]},"product_brand":[],"product_cat":[130],"product_tag":[],"class_list":{"0":"post-1114","1":"product","2":"type-product","3":"status-publish","4":"has-post-thumbnail","6":"product_cat-filtros","8":"first","9":"instock","10":"taxable","11":"shipping-taxable","12":"purchasable","13":"product-type-simple"},"_links":{"self":[{"href":"https:\/\/lojaodocambioautomatico.com.br\/index.php?rest_route=\/wp\/v2\/product\/1114","targetHints":{"allow":["GET"]}}],"collection":[{"href":"https:\/\/lojaodocambioautomatico.com.br\/index.php?rest_route=\/wp\/v2\/product"}],"about":[{"href":"https:\/\/lojaodocambioautomatico.com.br\/index.php?rest_route=\/wp\/v2\/types\/product"}],"replies":[{"embeddable":true,"href":"https:\/\/lojaodocambioautomatico.com.br\/index.php?rest_route=%2Fwp%2Fv2%2Fcomments&post=1114"}],"version-history":[{"count":2,"href":"https:\/\/lojaodocambioautomatico.com.br\/index.php?rest_route=\/wp\/v2\/product\/1114\/revisions"}],"predecessor-version":[{"id":1122,"href":"https:\/\/lojaodocambioautomatico.com.br\/index.php?rest_route=\/wp\/v2\/product\/1114\/revisions\/1122"}],"wp:featuredmedia":[{"embeddable":true,"href":"https:\/\/lojaodocambioautomatico.com.br\/index.php?rest_route=\/wp\/v2\/media\/1115"}],"wp:attachment":[{"href":"https:\/\/lojaodocambioautomatico.com.br\/index.php?rest_route=%2Fwp%2Fv2%2Fmedia&parent=1114"}],"wp:term":[{"taxonomy":"product_brand","embeddable":true,"href":"https:\/\/lojaodocambioautomatico.com.br\/index.php?rest_route=%2Fwp%2Fv2%2Fproduct_brand&post=1114"},{"taxonomy":"product_cat","embeddable":true,"href":"https:\/\/lojaodocambioautomatico.com.br\/index.php?rest_route=%2Fwp%2Fv2%2Fproduct_cat&post=1114"},{"taxonomy":"product_tag","embeddable":true,"href":"https:\/\/lojaodocambioautomatico.com.br\/index.php?rest_route=%2Fwp%2Fv2%2Fproduct_tag&post=1114"}],"curies":[{"name":"wp","href":"https:\/\/api.w.org\/{rel}","templated":true}]}}