{"id":1118,"date":"2025-07-25T16:00:31","date_gmt":"2025-07-25T19:00:31","guid":{"rendered":"https:\/\/lojaodocambioautomatico.com.br\/?post_type=product&#038;p=1118"},"modified":"2025-07-25T16:00:32","modified_gmt":"2025-07-25T19:00:32","slug":"filtro-6t40e-6t45e-gm-3-geracao-116715","status":"publish","type":"product","link":"https:\/\/lojaodocambioautomatico.com.br\/?product=filtro-6t40e-6t45e-gm-3-geracao-116715","title":{"rendered":"FILTRO 6T40E 6T45E GM 3 GERA\u00c7\u00c3O 116715"},"content":{"rendered":"<h2 class=\"ui-pdp-description__title\" data-testid=\"title\">Descri\u00e7\u00e3o<\/h2>\n<p class=\"ui-pdp-description__content\" data-testid=\"content\">ITENS INCLUSOS:<br \/>\n\u2022 1 Filtro<\/p>\n<p>DESCRI\u00c7\u00c3O:<br \/>\nFILTRO DE \u00d3LEO6T40 \/ 6T45E 3 GERA\u00c7\u00c3O Aplica\u00e7\u00e3o: Chevrolet -Equinox 2016 &#8211; 2019 (C\u00e2mbio Autom\u00e1tico 6 Marchas) Chevrolet- Malibu 2014 &#8211; 2019 (C\u00e2mbio Autom\u00e1tico 6 Marchas) GARANTIA: Todos os nossos pedidos s\u00e3o acompanhados de nota fiscal e garantia de 90 dias para defeitos de fabrica\u00e7\u00e3o. N\u00e3o cobrimos erros de instala\u00e7\u00e3o que acabem danificando a pe\u00e7a.<\/p>\n","protected":false},"excerpt":{"rendered":"<p>Descri\u00e7\u00e3o ITENS INCLUSOS: \u2022 1 Filtro DESCRI\u00c7\u00c3O: FILTRO DE \u00d3LEO6T40 \/ 6T45E 3 GERA\u00c7\u00c3O Aplica\u00e7\u00e3o: Chevrolet -Equinox 2016 &#8211; 2019 (C\u00e2mbio Autom\u00e1tico 6 Marchas) Chevrolet- Malibu<span class=\"excerpt-hellip\"> [\u2026]<\/span><\/p>\n","protected":false},"featured_media":1119,"comment_status":"open","ping_status":"closed","template":"","meta":{"_joinchat":[]},"product_brand":[],"product_cat":[130],"product_tag":[],"class_list":{"0":"post-1118","1":"product","2":"type-product","3":"status-publish","4":"has-post-thumbnail","6":"product_cat-filtros","8":"first","9":"instock","10":"taxable","11":"shipping-taxable","12":"purchasable","13":"product-type-simple"},"_links":{"self":[{"href":"https:\/\/lojaodocambioautomatico.com.br\/index.php?rest_route=\/wp\/v2\/product\/1118","targetHints":{"allow":["GET"]}}],"collection":[{"href":"https:\/\/lojaodocambioautomatico.com.br\/index.php?rest_route=\/wp\/v2\/product"}],"about":[{"href":"https:\/\/lojaodocambioautomatico.com.br\/index.php?rest_route=\/wp\/v2\/types\/product"}],"replies":[{"embeddable":true,"href":"https:\/\/lojaodocambioautomatico.com.br\/index.php?rest_route=%2Fwp%2Fv2%2Fcomments&post=1118"}],"version-history":[{"count":1,"href":"https:\/\/lojaodocambioautomatico.com.br\/index.php?rest_route=\/wp\/v2\/product\/1118\/revisions"}],"predecessor-version":[{"id":1121,"href":"https:\/\/lojaodocambioautomatico.com.br\/index.php?rest_route=\/wp\/v2\/product\/1118\/revisions\/1121"}],"wp:featuredmedia":[{"embeddable":true,"href":"https:\/\/lojaodocambioautomatico.com.br\/index.php?rest_route=\/wp\/v2\/media\/1119"}],"wp:attachment":[{"href":"https:\/\/lojaodocambioautomatico.com.br\/index.php?rest_route=%2Fwp%2Fv2%2Fmedia&parent=1118"}],"wp:term":[{"taxonomy":"product_brand","embeddable":true,"href":"https:\/\/lojaodocambioautomatico.com.br\/index.php?rest_route=%2Fwp%2Fv2%2Fproduct_brand&post=1118"},{"taxonomy":"product_cat","embeddable":true,"href":"https:\/\/lojaodocambioautomatico.com.br\/index.php?rest_route=%2Fwp%2Fv2%2Fproduct_cat&post=1118"},{"taxonomy":"product_tag","embeddable":true,"href":"https:\/\/lojaodocambioautomatico.com.br\/index.php?rest_route=%2Fwp%2Fv2%2Fproduct_tag&post=1118"}],"curies":[{"name":"wp","href":"https:\/\/api.w.org\/{rel}","templated":true}]}}