{"id":1129,"date":"2025-07-25T16:24:32","date_gmt":"2025-07-25T19:24:32","guid":{"rendered":"https:\/\/lojaodocambioautomatico.com.br\/?post_type=product&#038;p=1129"},"modified":"2025-07-25T16:24:32","modified_gmt":"2025-07-25T19:24:32","slug":"jogo-de-disco-composite-a245e","status":"publish","type":"product","link":"https:\/\/lojaodocambioautomatico.com.br\/?product=jogo-de-disco-composite-a245e","title":{"rendered":"JOGO DE DISCO COMPOSITE A245E"},"content":{"rendered":"<h2 class=\"ui-pdp-description__title\" data-testid=\"title\">Descri\u00e7\u00e3o<\/h2>\n<p class=\"ui-pdp-description__content\" data-testid=\"content\">DISCOS DE COMPOSITE PARA C\u00c2MBIO AUTOM\u00c1TICO TOYOTA A245e<\/p>\n<p>VE\u00cdCULOS:<br \/>\nToyota Corolla 1.8 (2003-2008) &#8211; c\u00e2mbio autom\u00e1tico 4 marchas<br \/>\nToyota Fielder 1.8 (2003-2008) &#8211; c\u00e2mbio autom\u00e1tico 4 marchas<\/p>\n<p>ITENS:<br \/>\n01x Jogo Discos Composite<\/p>\n","protected":false},"excerpt":{"rendered":"<p>Descri\u00e7\u00e3o DISCOS DE COMPOSITE PARA C\u00c2MBIO AUTOM\u00c1TICO TOYOTA A245e VE\u00cdCULOS: Toyota Corolla 1.8 (2003-2008) &#8211; c\u00e2mbio autom\u00e1tico 4 marchas Toyota Fielder 1.8 (2003-2008) &#8211; c\u00e2mbio autom\u00e1tico<span class=\"excerpt-hellip\"> [\u2026]<\/span><\/p>\n","protected":false},"featured_media":1130,"comment_status":"open","ping_status":"closed","template":"","meta":{"_joinchat":[]},"product_brand":[],"product_cat":[128],"product_tag":[],"class_list":{"0":"post-1129","1":"product","2":"type-product","3":"status-publish","4":"has-post-thumbnail","6":"product_cat-discos","8":"first","9":"instock","10":"taxable","11":"shipping-taxable","12":"purchasable","13":"product-type-simple"},"_links":{"self":[{"href":"https:\/\/lojaodocambioautomatico.com.br\/index.php?rest_route=\/wp\/v2\/product\/1129","targetHints":{"allow":["GET"]}}],"collection":[{"href":"https:\/\/lojaodocambioautomatico.com.br\/index.php?rest_route=\/wp\/v2\/product"}],"about":[{"href":"https:\/\/lojaodocambioautomatico.com.br\/index.php?rest_route=\/wp\/v2\/types\/product"}],"replies":[{"embeddable":true,"href":"https:\/\/lojaodocambioautomatico.com.br\/index.php?rest_route=%2Fwp%2Fv2%2Fcomments&post=1129"}],"version-history":[{"count":1,"href":"https:\/\/lojaodocambioautomatico.com.br\/index.php?rest_route=\/wp\/v2\/product\/1129\/revisions"}],"predecessor-version":[{"id":1131,"href":"https:\/\/lojaodocambioautomatico.com.br\/index.php?rest_route=\/wp\/v2\/product\/1129\/revisions\/1131"}],"wp:featuredmedia":[{"embeddable":true,"href":"https:\/\/lojaodocambioautomatico.com.br\/index.php?rest_route=\/wp\/v2\/media\/1130"}],"wp:attachment":[{"href":"https:\/\/lojaodocambioautomatico.com.br\/index.php?rest_route=%2Fwp%2Fv2%2Fmedia&parent=1129"}],"wp:term":[{"taxonomy":"product_brand","embeddable":true,"href":"https:\/\/lojaodocambioautomatico.com.br\/index.php?rest_route=%2Fwp%2Fv2%2Fproduct_brand&post=1129"},{"taxonomy":"product_cat","embeddable":true,"href":"https:\/\/lojaodocambioautomatico.com.br\/index.php?rest_route=%2Fwp%2Fv2%2Fproduct_cat&post=1129"},{"taxonomy":"product_tag","embeddable":true,"href":"https:\/\/lojaodocambioautomatico.com.br\/index.php?rest_route=%2Fwp%2Fv2%2Fproduct_tag&post=1129"}],"curies":[{"name":"wp","href":"https:\/\/api.w.org\/{rel}","templated":true}]}}