{"id":1132,"date":"2025-07-26T09:25:23","date_gmt":"2025-07-26T12:25:23","guid":{"rendered":"https:\/\/lojaodocambioautomatico.com.br\/?post_type=product&#038;p=1132"},"modified":"2025-07-26T09:25:24","modified_gmt":"2025-07-26T12:25:24","slug":"kit-overhaul-6t31","status":"publish","type":"product","link":"https:\/\/lojaodocambioautomatico.com.br\/?product=kit-overhaul-6t31","title":{"rendered":"KIT OVERHAUL 6T31"},"content":{"rendered":"<h2 class=\"ui-pdp-description__title\" data-testid=\"title\">Descri\u00e7\u00e3o<\/h2>\n<p class=\"ui-pdp-description__content\" data-testid=\"content\">Jogo de Juntas (Kit Overhaul) para c\u00e2mbio autom\u00e1tico 6T31<\/p>\n<p>VE\u00cdCULOS:<br \/>\nChevrolet Cruze 2015 em diante &#8211; c\u00e2mbio autom\u00e1tico 6 marchas<br \/>\nChevrolet Sonic 2015 em diante &#8211; c\u00e2mbio autom\u00e1tico 6 marchas<br \/>\nChevrolet Spin at\u00e9 2015 em diante &#8211; c\u00e2mbio autom\u00e1tico 6 marchas<br \/>\nChevrolet Cobalt at\u00e9 2015 em diante &#8211; c\u00e2mbio autom\u00e1tico 6 marchas<\/p>\n","protected":false},"excerpt":{"rendered":"<p>Descri\u00e7\u00e3o Jogo de Juntas (Kit Overhaul) para c\u00e2mbio autom\u00e1tico 6T31 VE\u00cdCULOS: Chevrolet Cruze 2015 em diante &#8211; c\u00e2mbio autom\u00e1tico 6 marchas Chevrolet Sonic 2015 em diante<span class=\"excerpt-hellip\"> [\u2026]<\/span><\/p>\n","protected":false},"featured_media":1133,"comment_status":"open","ping_status":"closed","template":"","meta":{"_joinchat":[]},"product_brand":[],"product_cat":[143],"product_tag":[],"class_list":{"0":"post-1132","1":"product","2":"type-product","3":"status-publish","4":"has-post-thumbnail","6":"product_cat-kit-overhaul","8":"first","9":"instock","10":"taxable","11":"shipping-taxable","12":"purchasable","13":"product-type-simple"},"_links":{"self":[{"href":"https:\/\/lojaodocambioautomatico.com.br\/index.php?rest_route=\/wp\/v2\/product\/1132","targetHints":{"allow":["GET"]}}],"collection":[{"href":"https:\/\/lojaodocambioautomatico.com.br\/index.php?rest_route=\/wp\/v2\/product"}],"about":[{"href":"https:\/\/lojaodocambioautomatico.com.br\/index.php?rest_route=\/wp\/v2\/types\/product"}],"replies":[{"embeddable":true,"href":"https:\/\/lojaodocambioautomatico.com.br\/index.php?rest_route=%2Fwp%2Fv2%2Fcomments&post=1132"}],"version-history":[{"count":1,"href":"https:\/\/lojaodocambioautomatico.com.br\/index.php?rest_route=\/wp\/v2\/product\/1132\/revisions"}],"predecessor-version":[{"id":1134,"href":"https:\/\/lojaodocambioautomatico.com.br\/index.php?rest_route=\/wp\/v2\/product\/1132\/revisions\/1134"}],"wp:featuredmedia":[{"embeddable":true,"href":"https:\/\/lojaodocambioautomatico.com.br\/index.php?rest_route=\/wp\/v2\/media\/1133"}],"wp:attachment":[{"href":"https:\/\/lojaodocambioautomatico.com.br\/index.php?rest_route=%2Fwp%2Fv2%2Fmedia&parent=1132"}],"wp:term":[{"taxonomy":"product_brand","embeddable":true,"href":"https:\/\/lojaodocambioautomatico.com.br\/index.php?rest_route=%2Fwp%2Fv2%2Fproduct_brand&post=1132"},{"taxonomy":"product_cat","embeddable":true,"href":"https:\/\/lojaodocambioautomatico.com.br\/index.php?rest_route=%2Fwp%2Fv2%2Fproduct_cat&post=1132"},{"taxonomy":"product_tag","embeddable":true,"href":"https:\/\/lojaodocambioautomatico.com.br\/index.php?rest_route=%2Fwp%2Fv2%2Fproduct_tag&post=1132"}],"curies":[{"name":"wp","href":"https:\/\/api.w.org\/{rel}","templated":true}]}}