{"id":1140,"date":"2025-07-26T12:00:09","date_gmt":"2025-07-26T15:00:09","guid":{"rendered":"https:\/\/lojaodocambioautomatico.com.br\/?post_type=product&#038;p=1140"},"modified":"2025-08-04T10:59:26","modified_gmt":"2025-08-04T13:59:26","slug":"kit-overhaul-mps6-6dct450-gm-volvo-07-up","status":"publish","type":"product","link":"https:\/\/lojaodocambioautomatico.com.br\/?product=kit-overhaul-mps6-6dct450-gm-volvo-07-up","title":{"rendered":"KIT OVERHAUL MPS6 6DCT450 GM VOLVO 07 UP"},"content":{"rendered":"<h2 class=\"ui-pdp-description__title\" data-testid=\"title\">Descri\u00e7\u00e3o<\/h2>\n<p class=\"ui-pdp-description__content\" data-testid=\"content\">APLICA\u00c7\u00c3O:<\/p>\n<p>XC60 2009 3.0 MPS6 \/ 6DCT450 6 MARCHAS<br \/>\nXC60 2010 3.0 MPS6 \/ 6DCT450 6 MARCHAS<br \/>\nXC60 2011 3.0 MPS6 \/ 6DCT450 6 MARCHAS<br \/>\nXC60 2012 3.0 16V MPS6 \/ 6DCT450 6 MARCHAS<br \/>\nXC60 2013 2.0 16V MPS6 \/ 6DCT450 6 MARCHAS<br \/>\nXC60 2014 2.0 16V MPS6 \/ 6DCT450 6 MARCHAS<br \/>\nXC60 2015 2.0 16V MPS6 \/ 6DCT450 6 MARCHAS<br \/>\nXC60 2016 2.0 16V MPS6 \/ 6DCT450 6 MARCHAS<\/p>\n","protected":false},"excerpt":{"rendered":"<p>Descri\u00e7\u00e3o APLICA\u00c7\u00c3O: XC60 2009 3.0 MPS6 \/ 6DCT450 6 MARCHAS XC60 2010 3.0 MPS6 \/ 6DCT450 6 MARCHAS XC60 2011 3.0 MPS6 \/ 6DCT450 6 MARCHAS<span class=\"excerpt-hellip\"> [\u2026]<\/span><\/p>\n","protected":false},"featured_media":1141,"comment_status":"open","ping_status":"closed","template":"","meta":{"_joinchat":[]},"product_brand":[],"product_cat":[143],"product_tag":[],"class_list":{"0":"post-1140","1":"product","2":"type-product","3":"status-publish","4":"has-post-thumbnail","6":"product_cat-kit-overhaul","8":"first","9":"instock","10":"taxable","11":"shipping-taxable","12":"purchasable","13":"product-type-simple"},"_links":{"self":[{"href":"https:\/\/lojaodocambioautomatico.com.br\/index.php?rest_route=\/wp\/v2\/product\/1140","targetHints":{"allow":["GET"]}}],"collection":[{"href":"https:\/\/lojaodocambioautomatico.com.br\/index.php?rest_route=\/wp\/v2\/product"}],"about":[{"href":"https:\/\/lojaodocambioautomatico.com.br\/index.php?rest_route=\/wp\/v2\/types\/product"}],"replies":[{"embeddable":true,"href":"https:\/\/lojaodocambioautomatico.com.br\/index.php?rest_route=%2Fwp%2Fv2%2Fcomments&post=1140"}],"version-history":[{"count":2,"href":"https:\/\/lojaodocambioautomatico.com.br\/index.php?rest_route=\/wp\/v2\/product\/1140\/revisions"}],"predecessor-version":[{"id":1207,"href":"https:\/\/lojaodocambioautomatico.com.br\/index.php?rest_route=\/wp\/v2\/product\/1140\/revisions\/1207"}],"wp:featuredmedia":[{"embeddable":true,"href":"https:\/\/lojaodocambioautomatico.com.br\/index.php?rest_route=\/wp\/v2\/media\/1141"}],"wp:attachment":[{"href":"https:\/\/lojaodocambioautomatico.com.br\/index.php?rest_route=%2Fwp%2Fv2%2Fmedia&parent=1140"}],"wp:term":[{"taxonomy":"product_brand","embeddable":true,"href":"https:\/\/lojaodocambioautomatico.com.br\/index.php?rest_route=%2Fwp%2Fv2%2Fproduct_brand&post=1140"},{"taxonomy":"product_cat","embeddable":true,"href":"https:\/\/lojaodocambioautomatico.com.br\/index.php?rest_route=%2Fwp%2Fv2%2Fproduct_cat&post=1140"},{"taxonomy":"product_tag","embeddable":true,"href":"https:\/\/lojaodocambioautomatico.com.br\/index.php?rest_route=%2Fwp%2Fv2%2Fproduct_tag&post=1140"}],"curies":[{"name":"wp","href":"https:\/\/api.w.org\/{rel}","templated":true}]}}