{"id":1144,"date":"2025-07-29T15:51:48","date_gmt":"2025-07-29T18:51:48","guid":{"rendered":"https:\/\/lojaodocambioautomatico.com.br\/?post_type=product&#038;p=1144"},"modified":"2025-07-29T15:51:48","modified_gmt":"2025-07-29T18:51:48","slug":"corpo-de-valvulas-completo-para-jf020-cvt","status":"publish","type":"product","link":"https:\/\/lojaodocambioautomatico.com.br\/?product=corpo-de-valvulas-completo-para-jf020-cvt","title":{"rendered":"CORPO DE VALV\u00daLAS COMPLETO PARA JF020 CVT"},"content":{"rendered":"<h2 class=\"ui-pdp-description__title\" data-testid=\"title\">Descri\u00e7\u00e3o<\/h2>\n<p class=\"ui-pdp-description__content\" data-testid=\"content\">Pe\u00e7a anunciada para o C\u00e2mbio Autom\u00e1tico<br \/>\nPe\u00e7a Retirada de C\u00e2mbio em funcionamento em perfeitas condi\u00e7\u00f5es de uso.<\/p>\n<p>Corpo de V\u00e1lvulas Cambio JF020<br \/>\nCorpo De V\u00e1lvulas Completo REVISADO Pe\u00e7a Para Transmiss\u00e3o E C\u00e2mbio Autom\u00e1tico JF020 JF015 JF017 CVT<\/p>\n<p>COMPOSI\u00c7\u00c3O:<br \/>\n01p\u00e7 (conforme imagens do an\u00fancio)<\/p>\n<p>APLICA\u00c7\u00c3O:<br \/>\nJF020 \/ JJK015 \/ JF017<br \/>\nNISSAN VERSA<br \/>\nNISSAN KICKS \u2013 2017 EM DIANTE<\/p>\n","protected":false},"excerpt":{"rendered":"<p>Descri\u00e7\u00e3o Pe\u00e7a anunciada para o C\u00e2mbio Autom\u00e1tico Pe\u00e7a Retirada de C\u00e2mbio em funcionamento em perfeitas condi\u00e7\u00f5es de uso. Corpo de V\u00e1lvulas Cambio JF020 Corpo De V\u00e1lvulas<span class=\"excerpt-hellip\"> [\u2026]<\/span><\/p>\n","protected":false},"featured_media":1145,"comment_status":"open","ping_status":"closed","template":"","meta":{"_joinchat":[]},"product_brand":[],"product_cat":[135],"product_tag":[],"class_list":{"0":"post-1144","1":"product","2":"type-product","3":"status-publish","4":"has-post-thumbnail","6":"product_cat-corpo-de-valvula","8":"first","9":"outofstock","10":"taxable","11":"shipping-taxable","12":"purchasable","13":"product-type-simple"},"_links":{"self":[{"href":"https:\/\/lojaodocambioautomatico.com.br\/index.php?rest_route=\/wp\/v2\/product\/1144","targetHints":{"allow":["GET"]}}],"collection":[{"href":"https:\/\/lojaodocambioautomatico.com.br\/index.php?rest_route=\/wp\/v2\/product"}],"about":[{"href":"https:\/\/lojaodocambioautomatico.com.br\/index.php?rest_route=\/wp\/v2\/types\/product"}],"replies":[{"embeddable":true,"href":"https:\/\/lojaodocambioautomatico.com.br\/index.php?rest_route=%2Fwp%2Fv2%2Fcomments&post=1144"}],"version-history":[{"count":1,"href":"https:\/\/lojaodocambioautomatico.com.br\/index.php?rest_route=\/wp\/v2\/product\/1144\/revisions"}],"predecessor-version":[{"id":1147,"href":"https:\/\/lojaodocambioautomatico.com.br\/index.php?rest_route=\/wp\/v2\/product\/1144\/revisions\/1147"}],"wp:featuredmedia":[{"embeddable":true,"href":"https:\/\/lojaodocambioautomatico.com.br\/index.php?rest_route=\/wp\/v2\/media\/1145"}],"wp:attachment":[{"href":"https:\/\/lojaodocambioautomatico.com.br\/index.php?rest_route=%2Fwp%2Fv2%2Fmedia&parent=1144"}],"wp:term":[{"taxonomy":"product_brand","embeddable":true,"href":"https:\/\/lojaodocambioautomatico.com.br\/index.php?rest_route=%2Fwp%2Fv2%2Fproduct_brand&post=1144"},{"taxonomy":"product_cat","embeddable":true,"href":"https:\/\/lojaodocambioautomatico.com.br\/index.php?rest_route=%2Fwp%2Fv2%2Fproduct_cat&post=1144"},{"taxonomy":"product_tag","embeddable":true,"href":"https:\/\/lojaodocambioautomatico.com.br\/index.php?rest_route=%2Fwp%2Fv2%2Fproduct_tag&post=1144"}],"curies":[{"name":"wp","href":"https:\/\/api.w.org\/{rel}","templated":true}]}}