{"id":1151,"date":"2025-07-30T12:51:47","date_gmt":"2025-07-30T15:51:47","guid":{"rendered":"https:\/\/lojaodocambioautomatico.com.br\/?post_type=product&#038;p=1151"},"modified":"2025-09-03T12:14:25","modified_gmt":"2025-09-03T15:14:25","slug":"sensor-de-pressao-valeo-cambio-renault-peugeot-citroen-al4-drig","status":"publish","type":"product","link":"https:\/\/lojaodocambioautomatico.com.br\/?product=sensor-de-pressao-valeo-cambio-renault-peugeot-citroen-al4-drig","title":{"rendered":"SENSOR DE PRESSAO VALEO CAMBIO RENAULT PEUGEOT CITROEN AL4 DRIG"},"content":{"rendered":"<h2 class=\"ui-pdp-description__title\" data-testid=\"title\">Descri\u00e7\u00e3o<\/h2>\n<p class=\"ui-pdp-description__content\" data-testid=\"content\">&gt; SENSOR DE PRESS\u00c3O C\u00c2MBIO AUTOM\u00c1TICO AL4<br \/>\n&#8211; Peugeot Citroen Renault<br \/>\n&#8211; PSA Original Parts<br \/>\n&#8211; Produto Novo e Importado (Made in Italy)<\/p>\n<p>&#8211; C\u00f3digos de Aplica\u00e7\u00e3o Substitui: (252924 \/ 7700100009)<br \/>\n&#8211; Marca: VALEO<br \/>\n&#8211; Lacrado na caixa<br \/>\n&#8211; Fotos reais do produto<\/p>\n<p>&gt; APLICA\u00c7\u00c3O:<br \/>\n&#8211; Renault &#8211; Todos equipados com C\u00e2mbio AL4<br \/>\n&#8211; Peugeot &#8211; Todos equipados com C\u00e2mbio AL4<br \/>\n&#8211; Citroen &#8211; Todos equipados com C\u00e2mbio AL4<\/p>\n","protected":false},"excerpt":{"rendered":"<p>Descri\u00e7\u00e3o &gt; SENSOR DE PRESS\u00c3O C\u00c2MBIO AUTOM\u00c1TICO AL4 &#8211; Peugeot Citroen Renault &#8211; PSA Original Parts &#8211; Produto Novo e Importado (Made in Italy) &#8211; C\u00f3digos<span class=\"excerpt-hellip\"> [\u2026]<\/span><\/p>\n","protected":false},"featured_media":1152,"comment_status":"open","ping_status":"closed","template":"","meta":{"_joinchat":[]},"product_brand":[],"product_cat":[147],"product_tag":[],"class_list":{"0":"post-1151","1":"product","2":"type-product","3":"status-publish","4":"has-post-thumbnail","6":"product_cat-sensores","8":"first","9":"instock","10":"taxable","11":"shipping-taxable","12":"purchasable","13":"product-type-simple"},"_links":{"self":[{"href":"https:\/\/lojaodocambioautomatico.com.br\/index.php?rest_route=\/wp\/v2\/product\/1151","targetHints":{"allow":["GET"]}}],"collection":[{"href":"https:\/\/lojaodocambioautomatico.com.br\/index.php?rest_route=\/wp\/v2\/product"}],"about":[{"href":"https:\/\/lojaodocambioautomatico.com.br\/index.php?rest_route=\/wp\/v2\/types\/product"}],"replies":[{"embeddable":true,"href":"https:\/\/lojaodocambioautomatico.com.br\/index.php?rest_route=%2Fwp%2Fv2%2Fcomments&post=1151"}],"version-history":[{"count":2,"href":"https:\/\/lojaodocambioautomatico.com.br\/index.php?rest_route=\/wp\/v2\/product\/1151\/revisions"}],"predecessor-version":[{"id":1321,"href":"https:\/\/lojaodocambioautomatico.com.br\/index.php?rest_route=\/wp\/v2\/product\/1151\/revisions\/1321"}],"wp:featuredmedia":[{"embeddable":true,"href":"https:\/\/lojaodocambioautomatico.com.br\/index.php?rest_route=\/wp\/v2\/media\/1152"}],"wp:attachment":[{"href":"https:\/\/lojaodocambioautomatico.com.br\/index.php?rest_route=%2Fwp%2Fv2%2Fmedia&parent=1151"}],"wp:term":[{"taxonomy":"product_brand","embeddable":true,"href":"https:\/\/lojaodocambioautomatico.com.br\/index.php?rest_route=%2Fwp%2Fv2%2Fproduct_brand&post=1151"},{"taxonomy":"product_cat","embeddable":true,"href":"https:\/\/lojaodocambioautomatico.com.br\/index.php?rest_route=%2Fwp%2Fv2%2Fproduct_cat&post=1151"},{"taxonomy":"product_tag","embeddable":true,"href":"https:\/\/lojaodocambioautomatico.com.br\/index.php?rest_route=%2Fwp%2Fv2%2Fproduct_tag&post=1151"}],"curies":[{"name":"wp","href":"https:\/\/api.w.org\/{rel}","templated":true}]}}