{"id":1178,"date":"2025-08-01T16:43:43","date_gmt":"2025-08-01T19:43:43","guid":{"rendered":"https:\/\/lojaodocambioautomatico.com.br\/?post_type=product&#038;p=1178"},"modified":"2025-08-01T16:43:44","modified_gmt":"2025-08-01T19:43:44","slug":"jogo-de-pistao-cambio-automatico-jf011e-cvt","status":"publish","type":"product","link":"https:\/\/lojaodocambioautomatico.com.br\/?product=jogo-de-pistao-cambio-automatico-jf011e-cvt","title":{"rendered":"JOGO DE PIST\u00c3O C\u00c2MBIO AUTOM\u00c1TICO JF011E CVT"},"content":{"rendered":"<h2 class=\"ui-pdp-description__title\" data-testid=\"title\">Descri\u00e7\u00e3o<\/h2>\n<p class=\"ui-pdp-description__content\" data-testid=\"content\">Kit Pist\u00e3o C\u00e2mbio Autom\u00e1tico JF011-E<\/p>\n<p>Pode ser Aplicado nos seguintes Ve\u00edculos Autom\u00e1ticos:<\/p>\n<p>&#8211; MITSUBISHI<br \/>\nASX 2.0 4 MARCHAS CVT 2013 A 2014<br \/>\nOUTLANDER 2.4 4 MARCHAS CVT 2008 A 2016<\/p>\n<p>&#8211; NISSAN<br \/>\nSENTRA 2.0 4 MARCHAS CVT 2007 A 2012<br \/>\nVERSA 2.0 4 MARCHAS CVT 2011<\/p>\n<p>&#8211; RENAULT<br \/>\nFLUENCE 2.0 4 MARCHAS CVT 2011 A 2012<\/p>\n<p>&#8211; Composi\u00e7\u00e3o:<br \/>\nKit Pist\u00e3o C\u00e2mbio Autom\u00e1tico JF011-E<\/p>\n","protected":false},"excerpt":{"rendered":"<p>Descri\u00e7\u00e3o Kit Pist\u00e3o C\u00e2mbio Autom\u00e1tico JF011-E Pode ser Aplicado nos seguintes Ve\u00edculos Autom\u00e1ticos: &#8211; MITSUBISHI ASX 2.0 4 MARCHAS CVT 2013 A 2014 OUTLANDER 2.4 4<span class=\"excerpt-hellip\"> [\u2026]<\/span><\/p>\n","protected":false},"featured_media":1180,"comment_status":"open","ping_status":"closed","template":"","meta":{"_joinchat":[]},"product_brand":[],"product_cat":[142],"product_tag":[],"class_list":{"0":"post-1178","1":"product","2":"type-product","3":"status-publish","4":"has-post-thumbnail","6":"product_cat-kit-pistoes-cambio-automatico","8":"first","9":"instock","10":"taxable","11":"shipping-taxable","12":"purchasable","13":"product-type-simple"},"_links":{"self":[{"href":"https:\/\/lojaodocambioautomatico.com.br\/index.php?rest_route=\/wp\/v2\/product\/1178","targetHints":{"allow":["GET"]}}],"collection":[{"href":"https:\/\/lojaodocambioautomatico.com.br\/index.php?rest_route=\/wp\/v2\/product"}],"about":[{"href":"https:\/\/lojaodocambioautomatico.com.br\/index.php?rest_route=\/wp\/v2\/types\/product"}],"replies":[{"embeddable":true,"href":"https:\/\/lojaodocambioautomatico.com.br\/index.php?rest_route=%2Fwp%2Fv2%2Fcomments&post=1178"}],"version-history":[{"count":1,"href":"https:\/\/lojaodocambioautomatico.com.br\/index.php?rest_route=\/wp\/v2\/product\/1178\/revisions"}],"predecessor-version":[{"id":1181,"href":"https:\/\/lojaodocambioautomatico.com.br\/index.php?rest_route=\/wp\/v2\/product\/1178\/revisions\/1181"}],"wp:featuredmedia":[{"embeddable":true,"href":"https:\/\/lojaodocambioautomatico.com.br\/index.php?rest_route=\/wp\/v2\/media\/1180"}],"wp:attachment":[{"href":"https:\/\/lojaodocambioautomatico.com.br\/index.php?rest_route=%2Fwp%2Fv2%2Fmedia&parent=1178"}],"wp:term":[{"taxonomy":"product_brand","embeddable":true,"href":"https:\/\/lojaodocambioautomatico.com.br\/index.php?rest_route=%2Fwp%2Fv2%2Fproduct_brand&post=1178"},{"taxonomy":"product_cat","embeddable":true,"href":"https:\/\/lojaodocambioautomatico.com.br\/index.php?rest_route=%2Fwp%2Fv2%2Fproduct_cat&post=1178"},{"taxonomy":"product_tag","embeddable":true,"href":"https:\/\/lojaodocambioautomatico.com.br\/index.php?rest_route=%2Fwp%2Fv2%2Fproduct_tag&post=1178"}],"curies":[{"name":"wp","href":"https:\/\/api.w.org\/{rel}","templated":true}]}}