{"id":1182,"date":"2025-08-02T10:13:12","date_gmt":"2025-08-02T13:13:12","guid":{"rendered":"https:\/\/lojaodocambioautomatico.com.br\/?post_type=product&#038;p=1182"},"modified":"2025-08-02T10:13:13","modified_gmt":"2025-08-02T13:13:13","slug":"kit-discos-composite-cambio-automatico-slxa-bmxa","status":"publish","type":"product","link":"https:\/\/lojaodocambioautomatico.com.br\/?product=kit-discos-composite-cambio-automatico-slxa-bmxa","title":{"rendered":"KIT DISCOS COMPOSITE C\u00c2MBIO AUTOM\u00c1TICO SLXA BMXA"},"content":{"rendered":"<h2 class=\"ui-pdp-description__title\" data-testid=\"title\">Descri\u00e7\u00e3o<\/h2>\n<blockquote>\n<p class=\"ui-pdp-description__content\" data-testid=\"content\">KIT DE DISCOS COMPOSITE C\u00c2MBIO AUTOM\u00c1TICO SLXA<br \/>\n&#8211; Pe\u00e7a para Transmiss\u00f5es Autom\u00e1ticas<\/p>\n<p>&gt;\u00a0 CONTE\u00daDO:<br \/>\n&#8211; Discos Composite<\/p>\n<p>&gt; APLICA\u00c7\u00c3O:<br \/>\n&#8211; Honda Civic &#8211; 1.7L (2000 &#8211; 2005)<\/p>\n<p>&#8211; Produto Importado e Novo<br \/>\n&#8211; Fotos Reais do Produto<\/p>\n<\/blockquote>\n","protected":false},"excerpt":{"rendered":"<p>Descri\u00e7\u00e3o KIT DE DISCOS COMPOSITE C\u00c2MBIO AUTOM\u00c1TICO SLXA &#8211; Pe\u00e7a para Transmiss\u00f5es Autom\u00e1ticas &gt;\u00a0 CONTE\u00daDO: &#8211; Discos Composite &gt; APLICA\u00c7\u00c3O: &#8211; Honda Civic &#8211; 1.7L (2000<span class=\"excerpt-hellip\"> [\u2026]<\/span><\/p>\n","protected":false},"featured_media":1183,"comment_status":"open","ping_status":"closed","template":"","meta":{"_joinchat":[]},"product_brand":[],"product_cat":[128],"product_tag":[],"class_list":{"0":"post-1182","1":"product","2":"type-product","3":"status-publish","4":"has-post-thumbnail","6":"product_cat-discos","8":"first","9":"instock","10":"taxable","11":"shipping-taxable","12":"purchasable","13":"product-type-simple"},"_links":{"self":[{"href":"https:\/\/lojaodocambioautomatico.com.br\/index.php?rest_route=\/wp\/v2\/product\/1182","targetHints":{"allow":["GET"]}}],"collection":[{"href":"https:\/\/lojaodocambioautomatico.com.br\/index.php?rest_route=\/wp\/v2\/product"}],"about":[{"href":"https:\/\/lojaodocambioautomatico.com.br\/index.php?rest_route=\/wp\/v2\/types\/product"}],"replies":[{"embeddable":true,"href":"https:\/\/lojaodocambioautomatico.com.br\/index.php?rest_route=%2Fwp%2Fv2%2Fcomments&post=1182"}],"version-history":[{"count":1,"href":"https:\/\/lojaodocambioautomatico.com.br\/index.php?rest_route=\/wp\/v2\/product\/1182\/revisions"}],"predecessor-version":[{"id":1184,"href":"https:\/\/lojaodocambioautomatico.com.br\/index.php?rest_route=\/wp\/v2\/product\/1182\/revisions\/1184"}],"wp:featuredmedia":[{"embeddable":true,"href":"https:\/\/lojaodocambioautomatico.com.br\/index.php?rest_route=\/wp\/v2\/media\/1183"}],"wp:attachment":[{"href":"https:\/\/lojaodocambioautomatico.com.br\/index.php?rest_route=%2Fwp%2Fv2%2Fmedia&parent=1182"}],"wp:term":[{"taxonomy":"product_brand","embeddable":true,"href":"https:\/\/lojaodocambioautomatico.com.br\/index.php?rest_route=%2Fwp%2Fv2%2Fproduct_brand&post=1182"},{"taxonomy":"product_cat","embeddable":true,"href":"https:\/\/lojaodocambioautomatico.com.br\/index.php?rest_route=%2Fwp%2Fv2%2Fproduct_cat&post=1182"},{"taxonomy":"product_tag","embeddable":true,"href":"https:\/\/lojaodocambioautomatico.com.br\/index.php?rest_route=%2Fwp%2Fv2%2Fproduct_tag&post=1182"}],"curies":[{"name":"wp","href":"https:\/\/api.w.org\/{rel}","templated":true}]}}