{"id":1186,"date":"2025-08-04T09:23:56","date_gmt":"2025-08-04T12:23:56","guid":{"rendered":"https:\/\/lojaodocambioautomatico.com.br\/?post_type=product&#038;p=1186"},"modified":"2025-08-16T09:43:17","modified_gmt":"2025-08-16T12:43:17","slug":"jogo-de-disco-composite-jf011e-jf017e","status":"publish","type":"product","link":"https:\/\/lojaodocambioautomatico.com.br\/?product=jogo-de-disco-composite-jf011e-jf017e","title":{"rendered":"JOGO DE DISCO COMPOSITE JF011E  JF017E"},"content":{"rendered":"<h2 class=\"ui-pdp-description__title\" data-testid=\"title\">Descri\u00e7\u00e3o<\/h2>\n<p class=\"ui-pdp-description__content\" data-testid=\"content\">Jogo de Discos de Composit do c\u00e2mbio Jf011 CVT<\/p>\n<p>Kit composto por 08 discos de composite<\/p>\n<p>4 Discos: 40 Dentes \/ 7,27 Polegadas<\/p>\n<p>4 Discos: 36 Dentes \/ 5,43 Polegadas<\/p>\n<p>Compat\u00edvel com:<br \/>\nMitsubishi Outlander 2.4 CVT<br \/>\nMitsubishi Lancer 1.8, 2.0 e 2.4 CVT<br \/>\nNissan Sentra 2.0 e 2.5 CVT<br \/>\nNissan Versa 2.0 CVT<br \/>\nRenault Fluence 2.0 CVT<br \/>\nNissan Murano<\/p>\n<p>PE\u00c7A NOVA.<\/p>\n","protected":false},"excerpt":{"rendered":"<p>Descri\u00e7\u00e3o Jogo de Discos de Composit do c\u00e2mbio Jf011 CVT Kit composto por 08 discos de composite 4 Discos: 40 Dentes \/ 7,27 Polegadas 4 Discos:<span class=\"excerpt-hellip\"> [\u2026]<\/span><\/p>\n","protected":false},"featured_media":1187,"comment_status":"open","ping_status":"closed","template":"","meta":{"_joinchat":[]},"product_brand":[],"product_cat":[128],"product_tag":[],"class_list":{"0":"post-1186","1":"product","2":"type-product","3":"status-publish","4":"has-post-thumbnail","6":"product_cat-discos","8":"first","9":"outofstock","10":"taxable","11":"shipping-taxable","12":"purchasable","13":"product-type-simple"},"_links":{"self":[{"href":"https:\/\/lojaodocambioautomatico.com.br\/index.php?rest_route=\/wp\/v2\/product\/1186","targetHints":{"allow":["GET"]}}],"collection":[{"href":"https:\/\/lojaodocambioautomatico.com.br\/index.php?rest_route=\/wp\/v2\/product"}],"about":[{"href":"https:\/\/lojaodocambioautomatico.com.br\/index.php?rest_route=\/wp\/v2\/types\/product"}],"replies":[{"embeddable":true,"href":"https:\/\/lojaodocambioautomatico.com.br\/index.php?rest_route=%2Fwp%2Fv2%2Fcomments&post=1186"}],"version-history":[{"count":2,"href":"https:\/\/lojaodocambioautomatico.com.br\/index.php?rest_route=\/wp\/v2\/product\/1186\/revisions"}],"predecessor-version":[{"id":1309,"href":"https:\/\/lojaodocambioautomatico.com.br\/index.php?rest_route=\/wp\/v2\/product\/1186\/revisions\/1309"}],"wp:featuredmedia":[{"embeddable":true,"href":"https:\/\/lojaodocambioautomatico.com.br\/index.php?rest_route=\/wp\/v2\/media\/1187"}],"wp:attachment":[{"href":"https:\/\/lojaodocambioautomatico.com.br\/index.php?rest_route=%2Fwp%2Fv2%2Fmedia&parent=1186"}],"wp:term":[{"taxonomy":"product_brand","embeddable":true,"href":"https:\/\/lojaodocambioautomatico.com.br\/index.php?rest_route=%2Fwp%2Fv2%2Fproduct_brand&post=1186"},{"taxonomy":"product_cat","embeddable":true,"href":"https:\/\/lojaodocambioautomatico.com.br\/index.php?rest_route=%2Fwp%2Fv2%2Fproduct_cat&post=1186"},{"taxonomy":"product_tag","embeddable":true,"href":"https:\/\/lojaodocambioautomatico.com.br\/index.php?rest_route=%2Fwp%2Fv2%2Fproduct_tag&post=1186"}],"curies":[{"name":"wp","href":"https:\/\/api.w.org\/{rel}","templated":true}]}}