{"id":1197,"date":"2025-08-04T10:25:54","date_gmt":"2025-08-04T13:25:54","guid":{"rendered":"https:\/\/lojaodocambioautomatico.com.br\/?post_type=product&#038;p=1197"},"modified":"2025-08-04T10:25:55","modified_gmt":"2025-08-04T13:25:55","slug":"kit-overhaul-v4a51-v5a51-mitsubishi-97-98","status":"publish","type":"product","link":"https:\/\/lojaodocambioautomatico.com.br\/?product=kit-overhaul-v4a51-v5a51-mitsubishi-97-98","title":{"rendered":"KIT OVERHAUL V4A51 V5A51 MITSUBISHI 97-98"},"content":{"rendered":"<h2 class=\"ui-pdp-description__title\" data-testid=\"title\">Descri\u00e7\u00e3o<\/h2>\n<p class=\"ui-pdp-description__content\" data-testid=\"content\">Jogo de Juntas para c\u00e2mbio autom\u00e1tico V4A51<\/p>\n<p>ITEN:<br \/>\n01x Jogo de juntas (Overhaul Kit)<\/p>\n<p>VE\u00cdCULOS:<br \/>\nMitsubishi Pajero 2.5 &#8211; c\u00e2mbio autom\u00e1tico 4 marchas<br \/>\nMitsubishi Pajero 3.2 &#8211; c\u00e2mbio autom\u00e1tico 4 marchas<br \/>\nMitsubishi Pajero 3.5 &#8211; c\u00e2mbio autom\u00e1tico 4 marchas<br \/>\nMitsubishi L200 3.2 &#8211; c\u00e2mbio autom\u00e1tico 4 marchas<br \/>\nMitsubishi L200 3.5 &#8211; c\u00e2mbio autom\u00e1tico 4 marchas<br \/>\nMitsubishi Triton 3.2 &#8211; c\u00e2mbio autom\u00e1tico 4 marchas<br \/>\nMitsubishi Trinton 3.5 &#8211; c\u00e2mbio autom\u00e1tico 4 marchas<\/p>\n","protected":false},"excerpt":{"rendered":"<p>Descri\u00e7\u00e3o Jogo de Juntas para c\u00e2mbio autom\u00e1tico V4A51 ITEN: 01x Jogo de juntas (Overhaul Kit) VE\u00cdCULOS: Mitsubishi Pajero 2.5 &#8211; c\u00e2mbio autom\u00e1tico 4 marchas Mitsubishi Pajero<span class=\"excerpt-hellip\"> [\u2026]<\/span><\/p>\n","protected":false},"featured_media":1198,"comment_status":"open","ping_status":"closed","template":"","meta":{"_joinchat":[]},"product_brand":[],"product_cat":[143],"product_tag":[],"class_list":{"0":"post-1197","1":"product","2":"type-product","3":"status-publish","4":"has-post-thumbnail","6":"product_cat-kit-overhaul","8":"first","9":"instock","10":"taxable","11":"shipping-taxable","12":"purchasable","13":"product-type-simple"},"_links":{"self":[{"href":"https:\/\/lojaodocambioautomatico.com.br\/index.php?rest_route=\/wp\/v2\/product\/1197","targetHints":{"allow":["GET"]}}],"collection":[{"href":"https:\/\/lojaodocambioautomatico.com.br\/index.php?rest_route=\/wp\/v2\/product"}],"about":[{"href":"https:\/\/lojaodocambioautomatico.com.br\/index.php?rest_route=\/wp\/v2\/types\/product"}],"replies":[{"embeddable":true,"href":"https:\/\/lojaodocambioautomatico.com.br\/index.php?rest_route=%2Fwp%2Fv2%2Fcomments&post=1197"}],"version-history":[{"count":1,"href":"https:\/\/lojaodocambioautomatico.com.br\/index.php?rest_route=\/wp\/v2\/product\/1197\/revisions"}],"predecessor-version":[{"id":1199,"href":"https:\/\/lojaodocambioautomatico.com.br\/index.php?rest_route=\/wp\/v2\/product\/1197\/revisions\/1199"}],"wp:featuredmedia":[{"embeddable":true,"href":"https:\/\/lojaodocambioautomatico.com.br\/index.php?rest_route=\/wp\/v2\/media\/1198"}],"wp:attachment":[{"href":"https:\/\/lojaodocambioautomatico.com.br\/index.php?rest_route=%2Fwp%2Fv2%2Fmedia&parent=1197"}],"wp:term":[{"taxonomy":"product_brand","embeddable":true,"href":"https:\/\/lojaodocambioautomatico.com.br\/index.php?rest_route=%2Fwp%2Fv2%2Fproduct_brand&post=1197"},{"taxonomy":"product_cat","embeddable":true,"href":"https:\/\/lojaodocambioautomatico.com.br\/index.php?rest_route=%2Fwp%2Fv2%2Fproduct_cat&post=1197"},{"taxonomy":"product_tag","embeddable":true,"href":"https:\/\/lojaodocambioautomatico.com.br\/index.php?rest_route=%2Fwp%2Fv2%2Fproduct_tag&post=1197"}],"curies":[{"name":"wp","href":"https:\/\/api.w.org\/{rel}","templated":true}]}}