{"id":1228,"date":"2025-08-06T16:42:38","date_gmt":"2025-08-06T19:42:38","guid":{"rendered":"https:\/\/lojaodocambioautomatico.com.br\/?post_type=product&#038;p=1228"},"modified":"2025-08-06T16:42:38","modified_gmt":"2025-08-06T19:42:38","slug":"jogo-de-disco-composite-v4a51","status":"publish","type":"product","link":"https:\/\/lojaodocambioautomatico.com.br\/?product=jogo-de-disco-composite-v4a51","title":{"rendered":"JOGO DE DISCO COMPOSITE V4A51"},"content":{"rendered":"<h2 class=\"ui-pdp-description__title\" data-testid=\"title\">Descri\u00e7\u00e3o<\/h2>\n<p class=\"ui-pdp-description__content\" data-testid=\"content\">Pe\u00e7a anunciada para o C\u00e2mbio Autom\u00e1tico V4A51<\/p>\n<p>PRODUTO A PRONTA ENTREGA PARA ENVIO OU RETIRA EM NOSSA LOJA<\/p>\n<p>APLICA\u00c7\u00c3O:<br \/>\nCHERY, CHRYSLER, DODGE, HYUNDAI, KIA<\/p>\n<p>&gt; CONTE\u00daDO:<br \/>\n&#8211; 1 Kit de Discos Composite<\/p>\n<p>&gt; APLICA\u00c7\u00c3O:<br \/>\n&#8211; Chery Cross Eastar L4 2.4 &#8211; 2006 a 2009 &#8211; 4 SP FWD<br \/>\n&#8211; Chery Eastar\/Eastar A6 L4 2.0\/2.4 &#8211; 2003 a 2012 &#8211; 4 SP FWD<br \/>\n&#8211; Chery Tiggo L4 2.0\/2.4 &#8211; 2005 a 2016 &#8211; 4 SP FWD<br \/>\n&#8211; Chery Tiggo 3 L4 2.0\/2.4 &#8211; 2005 a 2013 &#8211; 4 SP FWD<br \/>\n&#8211; Chrysler Sebring V6 3.0 &#8211; 2001 a 2005 &#8211; 4 SP FWD<br \/>\n&#8211; Dodge Stratus V6 3.0 &#8211; 2001 a 2005 &#8211; 4 SP FWD<br \/>\n&#8211; Hyundai Grandeur XG V6 2.5 &#8211; 2000 a 2005 &#8211; 4 SP FWD<br \/>\n&#8211; Hyundai Santa F\u00e9 L4 2.0 &#8211; 2001 a 2006 &#8211; 4 SP FWD\/4&#215;4<br \/>\n&#8211; Hyundai Santa F\u00e9 V6 2.7 &#8211; 2007 a 2010 &#8211; 4 SP FWD\/4&#215;4<br \/>\n&#8211; Hyundai Trajet L4 2.0 V6 2.7 &#8211; 2000 a 2007 &#8211; 4 SP FWD<br \/>\n&#8211; Hyundai Tucson L4 2.0 &#8211; 2004 a 2009 &#8211; 4 SP FWD\/4&#215;4<br \/>\n&#8211; Hyundai XG V6 2.5 &#8211; 2001 a 2005 &#8211; 4 SP FWD<br \/>\n&#8211; Kia Carens L4 2.0 &#8211; 2006 a 2012 &#8211; 4 SP FWD<br \/>\n&#8211; Kia Carnival V6 2.5 &#8211; 2000 a 2008 &#8211; 4 SP FWD<br \/>\n&#8211; Kia Grand Carnival V6 2.7 &#8211; 2006 a 2012 &#8211; 4 SP FWD<br \/>\n&#8211; Kia Lotze L4 2.0 &#8211; 2005 a 2010 &#8211; 4 SP FWD<br \/>\n&#8211; Kia Sportage L4 2.0 V6 2.7 &#8211; 2004 a 2010 &#8211; 4 SP FWD\/4&#215;4<br \/>\n&#8211; Mitsubishi Chariot Grandis &#8211; V6 3.0 &#8211; 2000 a 2004 &#8211; 4 SP FWD<br \/>\n&#8211; Mitsubishi Challenger V6 3.0 &#8211; 2001 a 2011 &#8211; 4 SP R\/AWD<br \/>\n&#8211; Mitsubishi Diamante V6 3.0 3.5 &#8211; 1997 a 2005 &#8211; 4 SP FWD<br \/>\n&#8211; Mitsubishi Eclipse V6 3.0 &#8211; 1996 a 2005 &#8211; 4 SP FWD<br \/>\n&#8211; Mitsubishi G Wagon L4 2.8 &#8211; 2001 a 2005 &#8211; 4 SP RWD<br \/>\n&#8211; Mitsubishi Galant V6 3.0 &#8211; 1999 a 2011 &#8211; 4 SP FWD<br \/>\n&#8211; Mitsubishi Lancer L4 1.5\/1.6\/1.8 &#8211; 2009 a 2011 &#8211; 4 SP FWD<br \/>\n&#8211; Mitsubishi L200 L4 3.2 \/ V6 3.5 &#8211; 2000 a 2012 &#8211; 4 SP RWD<br \/>\n&#8211; Mitsubishi L200 Triton L4 2.3 \/ V6 3.5 &#8211; 2000 a 2014 &#8211; 4 SP R\/AWD<br \/>\n&#8211; Mitsubishi Montero V6 3.8 &#8211; 2003 a 2006 &#8211; 5 SP 4&#215;4<br \/>\n&#8211; Mitsubishi Montero Limited V6 3.5 &#8211; 2001 a 2002 &#8211; 5 SP RWD\/4&#215;4<br \/>\n&#8211; Mitsubishi Montero Sport V6 3.0 \/ 3.5 &#8211; 1999 a 2004 &#8211; 4 SP RWD\/4&#215;4<br \/>\n&#8211; Mitsubishi Montero XLS V6 3.5 &#8211; 2001 a 2002 &#8211; 4 SP RWD\/4&#215;4<br \/>\n&#8211; Mitsubishi Pajero Sport\/Wagon L4 2.5 \/ 2.8 \/ 3.2 &#8211; 4 SP R\/AWD<br \/>\n&#8211; Mitsubishi Pajero Sport\/Wagon V6 3.0\/3.5 &#8211; 2000 a 2012 &#8211; 4 SP R\/AWD<br \/>\n&#8211; Mitsubishi Triton L4 2.4 \/ 2.5 \/ 2.8 \/ 3.2 \/ V6 3.5 &#8211; 2005 a 2018 &#8211; 4 SP R\/AWD<\/p>\n","protected":false},"excerpt":{"rendered":"<p>Descri\u00e7\u00e3o Pe\u00e7a anunciada para o C\u00e2mbio Autom\u00e1tico V4A51 PRODUTO A PRONTA ENTREGA PARA ENVIO OU RETIRA EM NOSSA LOJA APLICA\u00c7\u00c3O: CHERY, CHRYSLER, DODGE, HYUNDAI, KIA &gt;<span class=\"excerpt-hellip\"> [\u2026]<\/span><\/p>\n","protected":false},"featured_media":1229,"comment_status":"open","ping_status":"closed","template":"","meta":{"_joinchat":[]},"product_brand":[],"product_cat":[128],"product_tag":[],"class_list":{"0":"post-1228","1":"product","2":"type-product","3":"status-publish","4":"has-post-thumbnail","6":"product_cat-discos","8":"first","9":"instock","10":"taxable","11":"shipping-taxable","12":"purchasable","13":"product-type-simple"},"_links":{"self":[{"href":"https:\/\/lojaodocambioautomatico.com.br\/index.php?rest_route=\/wp\/v2\/product\/1228","targetHints":{"allow":["GET"]}}],"collection":[{"href":"https:\/\/lojaodocambioautomatico.com.br\/index.php?rest_route=\/wp\/v2\/product"}],"about":[{"href":"https:\/\/lojaodocambioautomatico.com.br\/index.php?rest_route=\/wp\/v2\/types\/product"}],"replies":[{"embeddable":true,"href":"https:\/\/lojaodocambioautomatico.com.br\/index.php?rest_route=%2Fwp%2Fv2%2Fcomments&post=1228"}],"version-history":[{"count":2,"href":"https:\/\/lojaodocambioautomatico.com.br\/index.php?rest_route=\/wp\/v2\/product\/1228\/revisions"}],"predecessor-version":[{"id":1268,"href":"https:\/\/lojaodocambioautomatico.com.br\/index.php?rest_route=\/wp\/v2\/product\/1228\/revisions\/1268"}],"wp:featuredmedia":[{"embeddable":true,"href":"https:\/\/lojaodocambioautomatico.com.br\/index.php?rest_route=\/wp\/v2\/media\/1229"}],"wp:attachment":[{"href":"https:\/\/lojaodocambioautomatico.com.br\/index.php?rest_route=%2Fwp%2Fv2%2Fmedia&parent=1228"}],"wp:term":[{"taxonomy":"product_brand","embeddable":true,"href":"https:\/\/lojaodocambioautomatico.com.br\/index.php?rest_route=%2Fwp%2Fv2%2Fproduct_brand&post=1228"},{"taxonomy":"product_cat","embeddable":true,"href":"https:\/\/lojaodocambioautomatico.com.br\/index.php?rest_route=%2Fwp%2Fv2%2Fproduct_cat&post=1228"},{"taxonomy":"product_tag","embeddable":true,"href":"https:\/\/lojaodocambioautomatico.com.br\/index.php?rest_route=%2Fwp%2Fv2%2Fproduct_tag&post=1228"}],"curies":[{"name":"wp","href":"https:\/\/api.w.org\/{rel}","templated":true}]}}