{"id":1237,"date":"2025-08-06T09:18:15","date_gmt":"2025-08-06T12:18:15","guid":{"rendered":"https:\/\/lojaodocambioautomatico.com.br\/?post_type=product&#038;p=1237"},"modified":"2025-08-27T12:07:55","modified_gmt":"2025-08-27T15:07:55","slug":"filtro-a4cf1-hyundai-elantra-i30","status":"publish","type":"product","link":"https:\/\/lojaodocambioautomatico.com.br\/?product=filtro-a4cf1-hyundai-elantra-i30","title":{"rendered":"FILTRO A4CF1 HYUNDAI ELANTRA I30"},"content":{"rendered":"<h2 class=\"ui-pdp-description__title\" data-testid=\"title\">Descri\u00e7\u00e3o<\/h2>\n<p class=\"ui-pdp-description__content\" data-testid=\"content\">Filtro de \u00d3leo para C\u00e2mbio Autom\u00e1tico A4CF0 A4CF1 A4CF2 Wega WFC924<\/p>\n<p>Aplica\u00e7\u00e3o:<\/p>\n<p>Hyundai HB20 1.6<\/p>\n<p>Hyndai I30 1.6 \/ 1.8 \/ 2.0<\/p>\n<p>Kia Picanto 1.0 \/ 1.1<\/p>\n","protected":false},"excerpt":{"rendered":"<p>Descri\u00e7\u00e3o Filtro de \u00d3leo para C\u00e2mbio Autom\u00e1tico A4CF0 A4CF1 A4CF2 Wega WFC924 Aplica\u00e7\u00e3o: Hyundai HB20 1.6 Hyndai I30 1.6 \/ 1.8 \/ 2.0 Kia Picanto 1.0<span class=\"excerpt-hellip\"> [\u2026]<\/span><\/p>\n","protected":false},"featured_media":1238,"comment_status":"open","ping_status":"closed","template":"","meta":{"_joinchat":[]},"product_brand":[],"product_cat":[130],"product_tag":[],"class_list":{"0":"post-1237","1":"product","2":"type-product","3":"status-publish","4":"has-post-thumbnail","6":"product_cat-filtros","8":"first","9":"outofstock","10":"taxable","11":"shipping-taxable","12":"purchasable","13":"product-type-simple"},"_links":{"self":[{"href":"https:\/\/lojaodocambioautomatico.com.br\/index.php?rest_route=\/wp\/v2\/product\/1237","targetHints":{"allow":["GET"]}}],"collection":[{"href":"https:\/\/lojaodocambioautomatico.com.br\/index.php?rest_route=\/wp\/v2\/product"}],"about":[{"href":"https:\/\/lojaodocambioautomatico.com.br\/index.php?rest_route=\/wp\/v2\/types\/product"}],"replies":[{"embeddable":true,"href":"https:\/\/lojaodocambioautomatico.com.br\/index.php?rest_route=%2Fwp%2Fv2%2Fcomments&post=1237"}],"version-history":[{"count":2,"href":"https:\/\/lojaodocambioautomatico.com.br\/index.php?rest_route=\/wp\/v2\/product\/1237\/revisions"}],"predecessor-version":[{"id":1320,"href":"https:\/\/lojaodocambioautomatico.com.br\/index.php?rest_route=\/wp\/v2\/product\/1237\/revisions\/1320"}],"wp:featuredmedia":[{"embeddable":true,"href":"https:\/\/lojaodocambioautomatico.com.br\/index.php?rest_route=\/wp\/v2\/media\/1238"}],"wp:attachment":[{"href":"https:\/\/lojaodocambioautomatico.com.br\/index.php?rest_route=%2Fwp%2Fv2%2Fmedia&parent=1237"}],"wp:term":[{"taxonomy":"product_brand","embeddable":true,"href":"https:\/\/lojaodocambioautomatico.com.br\/index.php?rest_route=%2Fwp%2Fv2%2Fproduct_brand&post=1237"},{"taxonomy":"product_cat","embeddable":true,"href":"https:\/\/lojaodocambioautomatico.com.br\/index.php?rest_route=%2Fwp%2Fv2%2Fproduct_cat&post=1237"},{"taxonomy":"product_tag","embeddable":true,"href":"https:\/\/lojaodocambioautomatico.com.br\/index.php?rest_route=%2Fwp%2Fv2%2Fproduct_tag&post=1237"}],"curies":[{"name":"wp","href":"https:\/\/api.w.org\/{rel}","templated":true}]}}