{"id":1251,"date":"2025-08-06T15:35:34","date_gmt":"2025-08-06T18:35:34","guid":{"rendered":"https:\/\/lojaodocambioautomatico.com.br\/?post_type=product&#038;p=1251"},"modified":"2025-08-06T16:42:08","modified_gmt":"2025-08-06T19:42:08","slug":"jogo-de-disco-composite-a6gf1","status":"publish","type":"product","link":"https:\/\/lojaodocambioautomatico.com.br\/?product=jogo-de-disco-composite-a6gf1","title":{"rendered":"JOGO DE DISCO COMPOSITE A6GF1"},"content":{"rendered":"<h2 class=\"ui-pdp-description__title\" data-testid=\"title\">Descri\u00e7\u00e3o<\/h2>\n<p class=\"ui-pdp-description__content\" data-testid=\"content\">Jogo de Discos de Composit C\u00e2mbio Autom\u00e1tico A6gf1\/ A6gf2 para Hyundai e Kia<\/p>\n<p>APLICA\u00c7\u00c3O:<br \/>\nHyundai Elantra 1.62.0 (2012-up \/ c\u00e2mbio autom\u00e1tico 6 marchas)<br \/>\nHyundai i30 1.6\/2.0 (2012-up \/ c\u00e2mbio autom\u00e1tico 6 marchas)<br \/>\nHyundai Veloster 1.6 4&#215;4(2012-up \/ c\u00e2mbio autom\u00e1tico 6 marchas)<br \/>\nKia Cerato 1.6(2012-up \/ c\u00e2mbio autom\u00e1tico 6 marchas)<br \/>\nKia Optima 2.0(2013-up \/ c\u00e2mbio autom\u00e1tico 6 marchas)<br \/>\nKia Soul 1.6\/2.0(2012-up \/ c\u00e2mbio autom\u00e1tico 6 marchas)<\/p>\n<p>PE\u00c7A NOVA.<\/p>\n","protected":false},"excerpt":{"rendered":"<p>Descri\u00e7\u00e3o Jogo de Discos de Composit C\u00e2mbio Autom\u00e1tico A6gf1\/ A6gf2 para Hyundai e Kia APLICA\u00c7\u00c3O: Hyundai Elantra 1.62.0 (2012-up \/ c\u00e2mbio autom\u00e1tico 6 marchas) Hyundai i30<span class=\"excerpt-hellip\"> [\u2026]<\/span><\/p>\n","protected":false},"featured_media":1252,"comment_status":"open","ping_status":"closed","template":"","meta":{"_joinchat":[]},"product_brand":[],"product_cat":[128],"product_tag":[],"class_list":{"0":"post-1251","1":"product","2":"type-product","3":"status-publish","4":"has-post-thumbnail","6":"product_cat-discos","8":"first","9":"instock","10":"taxable","11":"shipping-taxable","12":"purchasable","13":"product-type-simple"},"_links":{"self":[{"href":"https:\/\/lojaodocambioautomatico.com.br\/index.php?rest_route=\/wp\/v2\/product\/1251","targetHints":{"allow":["GET"]}}],"collection":[{"href":"https:\/\/lojaodocambioautomatico.com.br\/index.php?rest_route=\/wp\/v2\/product"}],"about":[{"href":"https:\/\/lojaodocambioautomatico.com.br\/index.php?rest_route=\/wp\/v2\/types\/product"}],"replies":[{"embeddable":true,"href":"https:\/\/lojaodocambioautomatico.com.br\/index.php?rest_route=%2Fwp%2Fv2%2Fcomments&post=1251"}],"version-history":[{"count":2,"href":"https:\/\/lojaodocambioautomatico.com.br\/index.php?rest_route=\/wp\/v2\/product\/1251\/revisions"}],"predecessor-version":[{"id":1254,"href":"https:\/\/lojaodocambioautomatico.com.br\/index.php?rest_route=\/wp\/v2\/product\/1251\/revisions\/1254"}],"wp:featuredmedia":[{"embeddable":true,"href":"https:\/\/lojaodocambioautomatico.com.br\/index.php?rest_route=\/wp\/v2\/media\/1252"}],"wp:attachment":[{"href":"https:\/\/lojaodocambioautomatico.com.br\/index.php?rest_route=%2Fwp%2Fv2%2Fmedia&parent=1251"}],"wp:term":[{"taxonomy":"product_brand","embeddable":true,"href":"https:\/\/lojaodocambioautomatico.com.br\/index.php?rest_route=%2Fwp%2Fv2%2Fproduct_brand&post=1251"},{"taxonomy":"product_cat","embeddable":true,"href":"https:\/\/lojaodocambioautomatico.com.br\/index.php?rest_route=%2Fwp%2Fv2%2Fproduct_cat&post=1251"},{"taxonomy":"product_tag","embeddable":true,"href":"https:\/\/lojaodocambioautomatico.com.br\/index.php?rest_route=%2Fwp%2Fv2%2Fproduct_tag&post=1251"}],"curies":[{"name":"wp","href":"https:\/\/api.w.org\/{rel}","templated":true}]}}