{"id":1255,"date":"2025-08-06T15:40:02","date_gmt":"2025-08-06T18:40:02","guid":{"rendered":"https:\/\/lojaodocambioautomatico.com.br\/?post_type=product&#038;p=1255"},"modified":"2025-08-06T15:40:03","modified_gmt":"2025-08-06T18:40:03","slug":"jogo-de-disco-composite-62te-chrysler-34d","status":"publish","type":"product","link":"https:\/\/lojaodocambioautomatico.com.br\/?product=jogo-de-disco-composite-62te-chrysler-34d","title":{"rendered":"JOGO DE DISCO COMPOSITE 62TE CHRYSLER 34D"},"content":{"rendered":"<h2 class=\"ui-pdp-description__title\" data-testid=\"title\">Descri\u00e7\u00e3o<\/h2>\n<p class=\"ui-pdp-description__content\" data-testid=\"content\">Jogo de Discos de Composte Para o C\u00e2mbio Autom\u00e1tico 62te<br \/>\nAplica\u00e7\u00e3o:<br \/>\nDODGE GRAND CARAVAN 6 MARCHAS<br \/>\nDODGE JOURNEY 6 MARCHAS<br \/>\nFIAT FREEMONT 6 MARCHAS<br \/>\nDemais ve\u00edculos com a transmiss\u00e3o 62TE<\/p>\n<p>PE\u00c7A NOVA.<\/p>\n","protected":false},"excerpt":{"rendered":"<p>Descri\u00e7\u00e3o Jogo de Discos de Composte Para o C\u00e2mbio Autom\u00e1tico 62te Aplica\u00e7\u00e3o: DODGE GRAND CARAVAN 6 MARCHAS DODGE JOURNEY 6 MARCHAS FIAT FREEMONT 6 MARCHAS Demais<span class=\"excerpt-hellip\"> [\u2026]<\/span><\/p>\n","protected":false},"featured_media":1256,"comment_status":"open","ping_status":"closed","template":"","meta":{"_joinchat":[]},"product_brand":[],"product_cat":[128],"product_tag":[],"class_list":{"0":"post-1255","1":"product","2":"type-product","3":"status-publish","4":"has-post-thumbnail","6":"product_cat-discos","8":"first","9":"instock","10":"taxable","11":"shipping-taxable","12":"purchasable","13":"product-type-simple"},"_links":{"self":[{"href":"https:\/\/lojaodocambioautomatico.com.br\/index.php?rest_route=\/wp\/v2\/product\/1255","targetHints":{"allow":["GET"]}}],"collection":[{"href":"https:\/\/lojaodocambioautomatico.com.br\/index.php?rest_route=\/wp\/v2\/product"}],"about":[{"href":"https:\/\/lojaodocambioautomatico.com.br\/index.php?rest_route=\/wp\/v2\/types\/product"}],"replies":[{"embeddable":true,"href":"https:\/\/lojaodocambioautomatico.com.br\/index.php?rest_route=%2Fwp%2Fv2%2Fcomments&post=1255"}],"version-history":[{"count":1,"href":"https:\/\/lojaodocambioautomatico.com.br\/index.php?rest_route=\/wp\/v2\/product\/1255\/revisions"}],"predecessor-version":[{"id":1257,"href":"https:\/\/lojaodocambioautomatico.com.br\/index.php?rest_route=\/wp\/v2\/product\/1255\/revisions\/1257"}],"wp:featuredmedia":[{"embeddable":true,"href":"https:\/\/lojaodocambioautomatico.com.br\/index.php?rest_route=\/wp\/v2\/media\/1256"}],"wp:attachment":[{"href":"https:\/\/lojaodocambioautomatico.com.br\/index.php?rest_route=%2Fwp%2Fv2%2Fmedia&parent=1255"}],"wp:term":[{"taxonomy":"product_brand","embeddable":true,"href":"https:\/\/lojaodocambioautomatico.com.br\/index.php?rest_route=%2Fwp%2Fv2%2Fproduct_brand&post=1255"},{"taxonomy":"product_cat","embeddable":true,"href":"https:\/\/lojaodocambioautomatico.com.br\/index.php?rest_route=%2Fwp%2Fv2%2Fproduct_cat&post=1255"},{"taxonomy":"product_tag","embeddable":true,"href":"https:\/\/lojaodocambioautomatico.com.br\/index.php?rest_route=%2Fwp%2Fv2%2Fproduct_tag&post=1255"}],"curies":[{"name":"wp","href":"https:\/\/api.w.org\/{rel}","templated":true}]}}