{"id":1279,"date":"2025-08-06T17:23:57","date_gmt":"2025-08-06T20:23:57","guid":{"rendered":"https:\/\/lojaodocambioautomatico.com.br\/?post_type=product&#038;p=1279"},"modified":"2025-09-06T10:06:54","modified_gmt":"2025-09-06T13:06:54","slug":"motor-de-passo-jf011e","status":"publish","type":"product","link":"https:\/\/lojaodocambioautomatico.com.br\/?product=motor-de-passo-jf011e","title":{"rendered":"MOTOR DE PASSO JF011E"},"content":{"rendered":"<p>Descri\u00e7\u00e3o<\/p>\n<p>&#8211; Motor de passo do corpo de v\u00e1lvulas C\u00e2mbio autom\u00e1tico JF011e<\/p>\n<p>&#8211; Aplica\u00e7\u00e3o<\/p>\n<p>Asx 2011 2012 2013 2014 2015 2016 2017 2018<br \/>\nLancer 2007 2008 2009 2010 2011 2012<br \/>\nOutlander 2008 2009 2010 2011<br \/>\nVersa 2007 2008 2009 2010 2011 2012 2013<br \/>\nAltima 2007 2008 2009 2010 2011 2012 2013<br \/>\nSentra 2007 2008 2009 2010 2011 2012 2013<br \/>\nFluence 2011 2012 2013 2014 2015 2016 2017 2018<\/p>\n<p>&#8211; Compat\u00edvel somente com C\u00e2mbio CVT JF011<\/p>\n","protected":false},"excerpt":{"rendered":"<p>Descri\u00e7\u00e3o &#8211; Motor de passo do corpo de v\u00e1lvulas C\u00e2mbio autom\u00e1tico JF011e &#8211; Aplica\u00e7\u00e3o Asx 2011 2012 2013 2014 2015 2016 2017 2018 Lancer 2007 2008<span class=\"excerpt-hellip\"> [\u2026]<\/span><\/p>\n","protected":false},"featured_media":1280,"comment_status":"open","ping_status":"closed","template":"","meta":{"_joinchat":[]},"product_brand":[],"product_cat":[149],"product_tag":[],"class_list":{"0":"post-1279","1":"product","2":"type-product","3":"status-publish","4":"has-post-thumbnail","6":"product_cat-motor-de-passo","8":"first","9":"instock","10":"taxable","11":"shipping-taxable","12":"purchasable","13":"product-type-simple"},"_links":{"self":[{"href":"https:\/\/lojaodocambioautomatico.com.br\/index.php?rest_route=\/wp\/v2\/product\/1279","targetHints":{"allow":["GET"]}}],"collection":[{"href":"https:\/\/lojaodocambioautomatico.com.br\/index.php?rest_route=\/wp\/v2\/product"}],"about":[{"href":"https:\/\/lojaodocambioautomatico.com.br\/index.php?rest_route=\/wp\/v2\/types\/product"}],"replies":[{"embeddable":true,"href":"https:\/\/lojaodocambioautomatico.com.br\/index.php?rest_route=%2Fwp%2Fv2%2Fcomments&post=1279"}],"version-history":[{"count":2,"href":"https:\/\/lojaodocambioautomatico.com.br\/index.php?rest_route=\/wp\/v2\/product\/1279\/revisions"}],"predecessor-version":[{"id":1282,"href":"https:\/\/lojaodocambioautomatico.com.br\/index.php?rest_route=\/wp\/v2\/product\/1279\/revisions\/1282"}],"wp:featuredmedia":[{"embeddable":true,"href":"https:\/\/lojaodocambioautomatico.com.br\/index.php?rest_route=\/wp\/v2\/media\/1280"}],"wp:attachment":[{"href":"https:\/\/lojaodocambioautomatico.com.br\/index.php?rest_route=%2Fwp%2Fv2%2Fmedia&parent=1279"}],"wp:term":[{"taxonomy":"product_brand","embeddable":true,"href":"https:\/\/lojaodocambioautomatico.com.br\/index.php?rest_route=%2Fwp%2Fv2%2Fproduct_brand&post=1279"},{"taxonomy":"product_cat","embeddable":true,"href":"https:\/\/lojaodocambioautomatico.com.br\/index.php?rest_route=%2Fwp%2Fv2%2Fproduct_cat&post=1279"},{"taxonomy":"product_tag","embeddable":true,"href":"https:\/\/lojaodocambioautomatico.com.br\/index.php?rest_route=%2Fwp%2Fv2%2Fproduct_tag&post=1279"}],"curies":[{"name":"wp","href":"https:\/\/api.w.org\/{rel}","templated":true}]}}