{"id":1286,"date":"2025-08-07T10:38:51","date_gmt":"2025-08-07T13:38:51","guid":{"rendered":"https:\/\/lojaodocambioautomatico.com.br\/?post_type=product&#038;p=1286"},"modified":"2025-08-07T10:50:28","modified_gmt":"2025-08-07T13:50:28","slug":"chave-seletora-peugeot-renault-citroen","status":"publish","type":"product","link":"https:\/\/lojaodocambioautomatico.com.br\/?product=chave-seletora-peugeot-renault-citroen","title":{"rendered":"CHAVE SELETORA PEUGEOT RENAULT CITROEN"},"content":{"rendered":"<h2 class=\"ui-pdp-description__title\" data-testid=\"title\">Descri\u00e7\u00e3o<\/h2>\n<p class=\"ui-pdp-description__content\" data-testid=\"content\">-&gt; Chave seletora Sensor Inibidor do cambio AL4<\/p>\n<p>Aplica\u00e7\u00e3o (todos com cambio autom\u00e1tico AL4):<br \/>\n&#8211; CITROEN<br \/>\nC3<br \/>\nPICASSO<br \/>\nC4<br \/>\nC5<\/p>\n<p>&#8211; PEUGEOT<br \/>\n206<br \/>\n207<br \/>\n208<br \/>\n307<br \/>\n407<br \/>\n408<\/p>\n<p>&#8211; RENAULT<br \/>\nMEGANE<br \/>\nLAGUNA<br \/>\nSCENIC<br \/>\nLOGAN<br \/>\nSANDERO<br \/>\nDUSTER<br \/>\nCAPTUR<\/p>\n","protected":false},"excerpt":{"rendered":"<p>Descri\u00e7\u00e3o -&gt; Chave seletora Sensor Inibidor do cambio AL4 Aplica\u00e7\u00e3o (todos com cambio autom\u00e1tico AL4): &#8211; CITROEN C3 PICASSO C4 C5 &#8211; PEUGEOT 206 207 208<span class=\"excerpt-hellip\"> [\u2026]<\/span><\/p>\n","protected":false},"featured_media":1287,"comment_status":"open","ping_status":"closed","template":"","meta":{"_joinchat":[]},"product_brand":[],"product_cat":[152],"product_tag":[],"class_list":{"0":"post-1286","1":"product","2":"type-product","3":"status-publish","4":"has-post-thumbnail","6":"product_cat-chave-seletora","8":"first","9":"instock","10":"taxable","11":"shipping-taxable","12":"purchasable","13":"product-type-simple"},"_links":{"self":[{"href":"https:\/\/lojaodocambioautomatico.com.br\/index.php?rest_route=\/wp\/v2\/product\/1286","targetHints":{"allow":["GET"]}}],"collection":[{"href":"https:\/\/lojaodocambioautomatico.com.br\/index.php?rest_route=\/wp\/v2\/product"}],"about":[{"href":"https:\/\/lojaodocambioautomatico.com.br\/index.php?rest_route=\/wp\/v2\/types\/product"}],"replies":[{"embeddable":true,"href":"https:\/\/lojaodocambioautomatico.com.br\/index.php?rest_route=%2Fwp%2Fv2%2Fcomments&post=1286"}],"version-history":[{"count":2,"href":"https:\/\/lojaodocambioautomatico.com.br\/index.php?rest_route=\/wp\/v2\/product\/1286\/revisions"}],"predecessor-version":[{"id":1289,"href":"https:\/\/lojaodocambioautomatico.com.br\/index.php?rest_route=\/wp\/v2\/product\/1286\/revisions\/1289"}],"wp:featuredmedia":[{"embeddable":true,"href":"https:\/\/lojaodocambioautomatico.com.br\/index.php?rest_route=\/wp\/v2\/media\/1287"}],"wp:attachment":[{"href":"https:\/\/lojaodocambioautomatico.com.br\/index.php?rest_route=%2Fwp%2Fv2%2Fmedia&parent=1286"}],"wp:term":[{"taxonomy":"product_brand","embeddable":true,"href":"https:\/\/lojaodocambioautomatico.com.br\/index.php?rest_route=%2Fwp%2Fv2%2Fproduct_brand&post=1286"},{"taxonomy":"product_cat","embeddable":true,"href":"https:\/\/lojaodocambioautomatico.com.br\/index.php?rest_route=%2Fwp%2Fv2%2Fproduct_cat&post=1286"},{"taxonomy":"product_tag","embeddable":true,"href":"https:\/\/lojaodocambioautomatico.com.br\/index.php?rest_route=%2Fwp%2Fv2%2Fproduct_tag&post=1286"}],"curies":[{"name":"wp","href":"https:\/\/api.w.org\/{rel}","templated":true}]}}