{"id":1295,"date":"2025-08-08T10:12:59","date_gmt":"2025-08-08T13:12:59","guid":{"rendered":"https:\/\/lojaodocambioautomatico.com.br\/?post_type=product&#038;p=1295"},"modified":"2025-08-08T10:12:59","modified_gmt":"2025-08-08T13:12:59","slug":"eletrovavula-de-pressao-al4-original-peugeot-renault-citroen","status":"publish","type":"product","link":"https:\/\/lojaodocambioautomatico.com.br\/?product=eletrovavula-de-pressao-al4-original-peugeot-renault-citroen","title":{"rendered":"ELETROV\u00c1VULA DE PRESS\u00c3O AL4 ORIGINAL PEUGEOT RENAULT CITROEN"},"content":{"rendered":"<h2 class=\"ui-pdp-description__title\" data-testid=\"title\">Descri\u00e7\u00e3o<\/h2>\n<p class=\"ui-pdp-description__content\" data-testid=\"content\">Eletrovalvula solenoide do cambio automatico nova e original de fabrica PSA.<\/p>\n<p>Valor referente a unidade<\/p>\n<p>Aplica\u00e7\u00e3o Original:<\/p>\n<p>Toda Linha Peugeot, Citroen e Renault com cambio AL4 4 marchas.<\/p>\n<p>Citroen C3 C4 C4 Pallas C4 Picasso C5<br \/>\nPeugeot 206 207 307 308 408<br \/>\nRenaul Duster Megane<\/p>\n","protected":false},"excerpt":{"rendered":"<p>Descri\u00e7\u00e3o Eletrovalvula solenoide do cambio automatico nova e original de fabrica PSA. Valor referente a unidade Aplica\u00e7\u00e3o Original: Toda Linha Peugeot, Citroen e Renault com cambio<span class=\"excerpt-hellip\"> [\u2026]<\/span><\/p>\n","protected":false},"featured_media":1296,"comment_status":"open","ping_status":"closed","template":"","meta":{"_joinchat":[]},"product_brand":[],"product_cat":[129],"product_tag":[],"class_list":{"0":"post-1295","1":"product","2":"type-product","3":"status-publish","4":"has-post-thumbnail","6":"product_cat-solenoide","8":"first","9":"instock","10":"taxable","11":"shipping-taxable","12":"purchasable","13":"product-type-simple"},"_links":{"self":[{"href":"https:\/\/lojaodocambioautomatico.com.br\/index.php?rest_route=\/wp\/v2\/product\/1295","targetHints":{"allow":["GET"]}}],"collection":[{"href":"https:\/\/lojaodocambioautomatico.com.br\/index.php?rest_route=\/wp\/v2\/product"}],"about":[{"href":"https:\/\/lojaodocambioautomatico.com.br\/index.php?rest_route=\/wp\/v2\/types\/product"}],"replies":[{"embeddable":true,"href":"https:\/\/lojaodocambioautomatico.com.br\/index.php?rest_route=%2Fwp%2Fv2%2Fcomments&post=1295"}],"version-history":[{"count":1,"href":"https:\/\/lojaodocambioautomatico.com.br\/index.php?rest_route=\/wp\/v2\/product\/1295\/revisions"}],"predecessor-version":[{"id":1297,"href":"https:\/\/lojaodocambioautomatico.com.br\/index.php?rest_route=\/wp\/v2\/product\/1295\/revisions\/1297"}],"wp:featuredmedia":[{"embeddable":true,"href":"https:\/\/lojaodocambioautomatico.com.br\/index.php?rest_route=\/wp\/v2\/media\/1296"}],"wp:attachment":[{"href":"https:\/\/lojaodocambioautomatico.com.br\/index.php?rest_route=%2Fwp%2Fv2%2Fmedia&parent=1295"}],"wp:term":[{"taxonomy":"product_brand","embeddable":true,"href":"https:\/\/lojaodocambioautomatico.com.br\/index.php?rest_route=%2Fwp%2Fv2%2Fproduct_brand&post=1295"},{"taxonomy":"product_cat","embeddable":true,"href":"https:\/\/lojaodocambioautomatico.com.br\/index.php?rest_route=%2Fwp%2Fv2%2Fproduct_cat&post=1295"},{"taxonomy":"product_tag","embeddable":true,"href":"https:\/\/lojaodocambioautomatico.com.br\/index.php?rest_route=%2Fwp%2Fv2%2Fproduct_tag&post=1295"}],"curies":[{"name":"wp","href":"https:\/\/api.w.org\/{rel}","templated":true}]}}