{"id":1298,"date":"2025-08-08T13:18:13","date_gmt":"2025-08-08T16:18:13","guid":{"rendered":"https:\/\/lojaodocambioautomatico.com.br\/?post_type=product&#038;p=1298"},"modified":"2025-08-11T08:37:41","modified_gmt":"2025-08-11T11:37:41","slug":"filtro-k120-toyota-auris-hatchback-lexus-ux200","status":"publish","type":"product","link":"https:\/\/lojaodocambioautomatico.com.br\/?product=filtro-k120-toyota-auris-hatchback-lexus-ux200","title":{"rendered":"FILTRO K120 TOYOTA AURIS HATCHBACK LEXUS UX200"},"content":{"rendered":"<h2 class=\"ui-pdp-description__title\" data-testid=\"title\">Descri\u00e7\u00e3o<\/h2>\n<p class=\"ui-pdp-description__content\" data-testid=\"content\">O Filtro K120\u00a0 \u00e9 ideal para o seu Toyota Auris Hatchback ou Lexus Ux2, Com um design blindado, este filtro de \u00f3leo garante a m\u00e1xima prote\u00e7\u00e3o para o seu ve\u00edculo. O kit inclui 1 unidade do filtro K120, garantindo a qualidade e efici\u00eancia do produto. Perfeito para carros e caminhonetes, este filtro de \u00f3leo \u00e9 essencial para manter o motor do seu ve\u00edculo funcionando perfeitamente. Adquira j\u00e1 o seu e garanta o melhor desempenho e durabilidade para o seu autom\u00f3vel.<\/p>\n","protected":false},"excerpt":{"rendered":"<p>Descri\u00e7\u00e3o O Filtro K120\u00a0 \u00e9 ideal para o seu Toyota Auris Hatchback ou Lexus Ux2, Com um design blindado, este filtro de \u00f3leo garante a m\u00e1xima<span class=\"excerpt-hellip\"> [\u2026]<\/span><\/p>\n","protected":false},"featured_media":1299,"comment_status":"open","ping_status":"closed","template":"","meta":{"_joinchat":[]},"product_brand":[],"product_cat":[130],"product_tag":[],"class_list":{"0":"post-1298","1":"product","2":"type-product","3":"status-publish","4":"has-post-thumbnail","6":"product_cat-filtros","8":"first","9":"instock","10":"taxable","11":"shipping-taxable","12":"purchasable","13":"product-type-simple"},"_links":{"self":[{"href":"https:\/\/lojaodocambioautomatico.com.br\/index.php?rest_route=\/wp\/v2\/product\/1298","targetHints":{"allow":["GET"]}}],"collection":[{"href":"https:\/\/lojaodocambioautomatico.com.br\/index.php?rest_route=\/wp\/v2\/product"}],"about":[{"href":"https:\/\/lojaodocambioautomatico.com.br\/index.php?rest_route=\/wp\/v2\/types\/product"}],"replies":[{"embeddable":true,"href":"https:\/\/lojaodocambioautomatico.com.br\/index.php?rest_route=%2Fwp%2Fv2%2Fcomments&post=1298"}],"version-history":[{"count":2,"href":"https:\/\/lojaodocambioautomatico.com.br\/index.php?rest_route=\/wp\/v2\/product\/1298\/revisions"}],"predecessor-version":[{"id":1302,"href":"https:\/\/lojaodocambioautomatico.com.br\/index.php?rest_route=\/wp\/v2\/product\/1298\/revisions\/1302"}],"wp:featuredmedia":[{"embeddable":true,"href":"https:\/\/lojaodocambioautomatico.com.br\/index.php?rest_route=\/wp\/v2\/media\/1299"}],"wp:attachment":[{"href":"https:\/\/lojaodocambioautomatico.com.br\/index.php?rest_route=%2Fwp%2Fv2%2Fmedia&parent=1298"}],"wp:term":[{"taxonomy":"product_brand","embeddable":true,"href":"https:\/\/lojaodocambioautomatico.com.br\/index.php?rest_route=%2Fwp%2Fv2%2Fproduct_brand&post=1298"},{"taxonomy":"product_cat","embeddable":true,"href":"https:\/\/lojaodocambioautomatico.com.br\/index.php?rest_route=%2Fwp%2Fv2%2Fproduct_cat&post=1298"},{"taxonomy":"product_tag","embeddable":true,"href":"https:\/\/lojaodocambioautomatico.com.br\/index.php?rest_route=%2Fwp%2Fv2%2Fproduct_tag&post=1298"}],"curies":[{"name":"wp","href":"https:\/\/api.w.org\/{rel}","templated":true}]}}