{"id":1328,"date":"2025-08-30T09:47:05","date_gmt":"2025-08-30T12:47:05","guid":{"rendered":"https:\/\/lojaodocambioautomatico.com.br\/?post_type=product&#038;p=1328"},"modified":"2025-08-30T09:47:05","modified_gmt":"2025-08-30T12:47:05","slug":"cinta-f5a51-reverso-mitsubishi","status":"publish","type":"product","link":"https:\/\/lojaodocambioautomatico.com.br\/?product=cinta-f5a51-reverso-mitsubishi","title":{"rendered":"CINTA F5A51 REVERSO MITSUBISHI"},"content":{"rendered":"<h2 class=\"ui-pdp-description__title\" data-testid=\"title\">Descri\u00e7\u00e3o<\/h2>\n<p class=\"ui-pdp-description__content\" data-testid=\"content\">CINTA MITSUBISHI PAJERO F5A51 REVERSO<br \/>\nPe\u00e7a anunciada para o C\u00e2mbio Autom\u00e1tico F5a51<\/p>\n<p>ITENS INCLUSOS:<br \/>\n01- CINTA<\/p>\n","protected":false},"excerpt":{"rendered":"<p>Descri\u00e7\u00e3o CINTA MITSUBISHI PAJERO F5A51 REVERSO Pe\u00e7a anunciada para o C\u00e2mbio Autom\u00e1tico F5a51 ITENS INCLUSOS: 01- CINTA<\/p>\n","protected":false},"featured_media":1329,"comment_status":"open","ping_status":"closed","template":"","meta":{"_joinchat":[]},"product_brand":[],"product_cat":[140],"product_tag":[],"class_list":{"0":"post-1328","1":"product","2":"type-product","3":"status-publish","4":"has-post-thumbnail","6":"product_cat-cintas","8":"first","9":"instock","10":"taxable","11":"shipping-taxable","12":"purchasable","13":"product-type-simple"},"_links":{"self":[{"href":"https:\/\/lojaodocambioautomatico.com.br\/index.php?rest_route=\/wp\/v2\/product\/1328","targetHints":{"allow":["GET"]}}],"collection":[{"href":"https:\/\/lojaodocambioautomatico.com.br\/index.php?rest_route=\/wp\/v2\/product"}],"about":[{"href":"https:\/\/lojaodocambioautomatico.com.br\/index.php?rest_route=\/wp\/v2\/types\/product"}],"replies":[{"embeddable":true,"href":"https:\/\/lojaodocambioautomatico.com.br\/index.php?rest_route=%2Fwp%2Fv2%2Fcomments&post=1328"}],"version-history":[{"count":1,"href":"https:\/\/lojaodocambioautomatico.com.br\/index.php?rest_route=\/wp\/v2\/product\/1328\/revisions"}],"predecessor-version":[{"id":1330,"href":"https:\/\/lojaodocambioautomatico.com.br\/index.php?rest_route=\/wp\/v2\/product\/1328\/revisions\/1330"}],"wp:featuredmedia":[{"embeddable":true,"href":"https:\/\/lojaodocambioautomatico.com.br\/index.php?rest_route=\/wp\/v2\/media\/1329"}],"wp:attachment":[{"href":"https:\/\/lojaodocambioautomatico.com.br\/index.php?rest_route=%2Fwp%2Fv2%2Fmedia&parent=1328"}],"wp:term":[{"taxonomy":"product_brand","embeddable":true,"href":"https:\/\/lojaodocambioautomatico.com.br\/index.php?rest_route=%2Fwp%2Fv2%2Fproduct_brand&post=1328"},{"taxonomy":"product_cat","embeddable":true,"href":"https:\/\/lojaodocambioautomatico.com.br\/index.php?rest_route=%2Fwp%2Fv2%2Fproduct_cat&post=1328"},{"taxonomy":"product_tag","embeddable":true,"href":"https:\/\/lojaodocambioautomatico.com.br\/index.php?rest_route=%2Fwp%2Fv2%2Fproduct_tag&post=1328"}],"curies":[{"name":"wp","href":"https:\/\/api.w.org\/{rel}","templated":true}]}}