{"id":1334,"date":"2025-09-01T10:39:41","date_gmt":"2025-09-01T13:39:41","guid":{"rendered":"https:\/\/lojaodocambioautomatico.com.br\/?post_type=product&#038;p=1334"},"modified":"2026-01-28T08:13:38","modified_gmt":"2026-01-28T11:13:38","slug":"placa-mecatronica-cambio-dsg-dq200-volkswagen-audi","status":"publish","type":"product","link":"https:\/\/lojaodocambioautomatico.com.br\/?product=placa-mecatronica-cambio-dsg-dq200-volkswagen-audi","title":{"rendered":"PLACA MECATR\u00d4NICA C\u00c2MBIO DSG DQ200 VOLKSWAGEN AUDI"},"content":{"rendered":"<h2 class=\"ui-pdp-description__title\" data-testid=\"title\">Descri\u00e7\u00e3o<\/h2>\n<p class=\"ui-pdp-description__content\" data-testid=\"content\">PLACA MECATR\u00d4NICA DSG DQ200 &#8211; NOVA<br \/>\nVENDIDA SOMENTE COM NOTA FISCAL<br \/>\nTEMOS A PRONTA ENTREGA<\/p>\n<p>MARCA: LUK<br \/>\nIMPORTANTE:<br \/>\n&#8211; Fotos reais da pe\u00e7a<br \/>\n&#8211; Valor de uma unidade<br \/>\n&#8211; N\u00e3o nos responsabilizamos por danos causados por m\u00e1 instala\u00e7\u00e3o<\/p>\n","protected":false},"excerpt":{"rendered":"<p>Descri\u00e7\u00e3o PLACA MECATR\u00d4NICA DSG DQ200 &#8211; NOVA VENDIDA SOMENTE COM NOTA FISCAL TEMOS A PRONTA ENTREGA MARCA: LUK IMPORTANTE: &#8211; Fotos reais da pe\u00e7a &#8211; Valor<span class=\"excerpt-hellip\"> [\u2026]<\/span><\/p>\n","protected":false},"featured_media":1335,"comment_status":"open","ping_status":"closed","template":"","meta":{"_joinchat":[]},"product_brand":[],"product_cat":[133],"product_tag":[],"class_list":{"0":"post-1334","1":"product","2":"type-product","3":"status-publish","4":"has-post-thumbnail","6":"product_cat-mecatronica","8":"first","9":"instock","10":"taxable","11":"shipping-taxable","12":"purchasable","13":"product-type-simple"},"_links":{"self":[{"href":"https:\/\/lojaodocambioautomatico.com.br\/index.php?rest_route=\/wp\/v2\/product\/1334","targetHints":{"allow":["GET"]}}],"collection":[{"href":"https:\/\/lojaodocambioautomatico.com.br\/index.php?rest_route=\/wp\/v2\/product"}],"about":[{"href":"https:\/\/lojaodocambioautomatico.com.br\/index.php?rest_route=\/wp\/v2\/types\/product"}],"replies":[{"embeddable":true,"href":"https:\/\/lojaodocambioautomatico.com.br\/index.php?rest_route=%2Fwp%2Fv2%2Fcomments&post=1334"}],"version-history":[{"count":2,"href":"https:\/\/lojaodocambioautomatico.com.br\/index.php?rest_route=\/wp\/v2\/product\/1334\/revisions"}],"predecessor-version":[{"id":1456,"href":"https:\/\/lojaodocambioautomatico.com.br\/index.php?rest_route=\/wp\/v2\/product\/1334\/revisions\/1456"}],"wp:featuredmedia":[{"embeddable":true,"href":"https:\/\/lojaodocambioautomatico.com.br\/index.php?rest_route=\/wp\/v2\/media\/1335"}],"wp:attachment":[{"href":"https:\/\/lojaodocambioautomatico.com.br\/index.php?rest_route=%2Fwp%2Fv2%2Fmedia&parent=1334"}],"wp:term":[{"taxonomy":"product_brand","embeddable":true,"href":"https:\/\/lojaodocambioautomatico.com.br\/index.php?rest_route=%2Fwp%2Fv2%2Fproduct_brand&post=1334"},{"taxonomy":"product_cat","embeddable":true,"href":"https:\/\/lojaodocambioautomatico.com.br\/index.php?rest_route=%2Fwp%2Fv2%2Fproduct_cat&post=1334"},{"taxonomy":"product_tag","embeddable":true,"href":"https:\/\/lojaodocambioautomatico.com.br\/index.php?rest_route=%2Fwp%2Fv2%2Fproduct_tag&post=1334"}],"curies":[{"name":"wp","href":"https:\/\/api.w.org\/{rel}","templated":true}]}}