{"id":1366,"date":"2025-09-03T10:00:20","date_gmt":"2025-09-03T13:00:20","guid":{"rendered":"https:\/\/lojaodocambioautomatico.com.br\/?post_type=product&#038;p=1366"},"modified":"2025-09-03T10:00:20","modified_gmt":"2025-09-03T13:00:20","slug":"kit-overhaul-jf405e-hyundai-kia-prime-picanto","status":"publish","type":"product","link":"https:\/\/lojaodocambioautomatico.com.br\/?product=kit-overhaul-jf405e-hyundai-kia-prime-picanto","title":{"rendered":"KIT OVERHAUL JF405E HYUNDAI KIA PRIME PICANTO"},"content":{"rendered":"<h2 class=\"ui-pdp-description__title\" data-testid=\"title\">Descri\u00e7\u00e3o<\/h2>\n<p class=\"ui-pdp-description__content\" data-testid=\"content\">PRODUTO ORIGINAL &#8211; ENVIO R\u00c1PIDO &#8211; GARANTIA DE SATISFA\u00c7\u00c3O<\/p>\n<p>SOBRE O PRODUTO<\/p>\n<p>Jogo de juntas do c\u00e2mbio autom\u00e1tico JF405<\/p>\n<p>Aplica\u00e7\u00f5es:<br \/>\nKia Picanto 1.0 autom\u00e1tico (geralmente anos 2006 a 2009),<\/p>\n<p>Hyundai Atos Prime 1.0 autom\u00e1tico (2006 a 2009)<\/p>\n<p>TENS INCLUSOS<\/p>\n<p>1 unidade do &#8221;Jogo de juntas JF405\u00b4\u00b4<\/p>\n","protected":false},"excerpt":{"rendered":"<p>Descri\u00e7\u00e3o PRODUTO ORIGINAL &#8211; ENVIO R\u00c1PIDO &#8211; GARANTIA DE SATISFA\u00c7\u00c3O SOBRE O PRODUTO Jogo de juntas do c\u00e2mbio autom\u00e1tico JF405 Aplica\u00e7\u00f5es: Kia Picanto 1.0 autom\u00e1tico (geralmente<span class=\"excerpt-hellip\"> [\u2026]<\/span><\/p>\n","protected":false},"featured_media":1367,"comment_status":"open","ping_status":"closed","template":"","meta":{"_joinchat":[]},"product_brand":[],"product_cat":[143],"product_tag":[],"class_list":{"0":"post-1366","1":"product","2":"type-product","3":"status-publish","4":"has-post-thumbnail","6":"product_cat-kit-overhaul","8":"first","9":"instock","10":"taxable","11":"shipping-taxable","12":"purchasable","13":"product-type-simple"},"_links":{"self":[{"href":"https:\/\/lojaodocambioautomatico.com.br\/index.php?rest_route=\/wp\/v2\/product\/1366","targetHints":{"allow":["GET"]}}],"collection":[{"href":"https:\/\/lojaodocambioautomatico.com.br\/index.php?rest_route=\/wp\/v2\/product"}],"about":[{"href":"https:\/\/lojaodocambioautomatico.com.br\/index.php?rest_route=\/wp\/v2\/types\/product"}],"replies":[{"embeddable":true,"href":"https:\/\/lojaodocambioautomatico.com.br\/index.php?rest_route=%2Fwp%2Fv2%2Fcomments&post=1366"}],"version-history":[{"count":1,"href":"https:\/\/lojaodocambioautomatico.com.br\/index.php?rest_route=\/wp\/v2\/product\/1366\/revisions"}],"predecessor-version":[{"id":1368,"href":"https:\/\/lojaodocambioautomatico.com.br\/index.php?rest_route=\/wp\/v2\/product\/1366\/revisions\/1368"}],"wp:featuredmedia":[{"embeddable":true,"href":"https:\/\/lojaodocambioautomatico.com.br\/index.php?rest_route=\/wp\/v2\/media\/1367"}],"wp:attachment":[{"href":"https:\/\/lojaodocambioautomatico.com.br\/index.php?rest_route=%2Fwp%2Fv2%2Fmedia&parent=1366"}],"wp:term":[{"taxonomy":"product_brand","embeddable":true,"href":"https:\/\/lojaodocambioautomatico.com.br\/index.php?rest_route=%2Fwp%2Fv2%2Fproduct_brand&post=1366"},{"taxonomy":"product_cat","embeddable":true,"href":"https:\/\/lojaodocambioautomatico.com.br\/index.php?rest_route=%2Fwp%2Fv2%2Fproduct_cat&post=1366"},{"taxonomy":"product_tag","embeddable":true,"href":"https:\/\/lojaodocambioautomatico.com.br\/index.php?rest_route=%2Fwp%2Fv2%2Fproduct_tag&post=1366"}],"curies":[{"name":"wp","href":"https:\/\/api.w.org\/{rel}","templated":true}]}}