{"id":1375,"date":"2025-09-03T10:21:54","date_gmt":"2025-09-03T13:21:54","guid":{"rendered":"https:\/\/lojaodocambioautomatico.com.br\/?post_type=product&#038;p=1375"},"modified":"2025-10-09T09:28:35","modified_gmt":"2025-10-09T12:28:35","slug":"tambor-com-eixo-al4-dpo-cambio-automatico-peugeot-citroen","status":"publish","type":"product","link":"https:\/\/lojaodocambioautomatico.com.br\/?product=tambor-com-eixo-al4-dpo-cambio-automatico-peugeot-citroen","title":{"rendered":"TAMBOR COM EIXO AL4 DPO CAMBIO AUTOMATICO PEUGEOT CITROEN"},"content":{"rendered":"<h2 class=\"ui-pdp-description__title\" data-testid=\"title\">Descri\u00e7\u00e3o<\/h2>\n<p class=\"ui-pdp-description__content\" data-testid=\"content\">PODE SER APLICADO NOS SEGUINTES VE\u00cdCULOS AUTOM\u00c1TICOS:<br \/>\n&#8211; CITROEN<br \/>\nC3<br \/>\nC4<br \/>\nC4 PICASSO<br \/>\nC4 PALLAS<br \/>\nXSARA PICASSO 00-ON<\/p>\n<p>&#8211; RENAULT<br \/>\nSANDERO<br \/>\nDUSTER<br \/>\nLOGAN<br \/>\nMEGANE<br \/>\nSCENIC<\/p>\n<p>&#8211; PEUGEOT<br \/>\n207<br \/>\n208<br \/>\n307<br \/>\n406<br \/>\n407<br \/>\n408<\/p>\n","protected":false},"excerpt":{"rendered":"<p>Descri\u00e7\u00e3o PODE SER APLICADO NOS SEGUINTES VE\u00cdCULOS AUTOM\u00c1TICOS: &#8211; CITROEN C3 C4 C4 PICASSO C4 PALLAS XSARA PICASSO 00-ON &#8211; RENAULT SANDERO DUSTER LOGAN MEGANE SCENIC<span class=\"excerpt-hellip\"> [\u2026]<\/span><\/p>\n","protected":false},"featured_media":1376,"comment_status":"open","ping_status":"closed","template":"","meta":{"_joinchat":[]},"product_brand":[],"product_cat":[157],"product_tag":[],"class_list":{"0":"post-1375","1":"product","2":"type-product","3":"status-publish","4":"has-post-thumbnail","6":"product_cat-tambor","8":"first","9":"instock","10":"taxable","11":"shipping-taxable","12":"purchasable","13":"product-type-simple"},"_links":{"self":[{"href":"https:\/\/lojaodocambioautomatico.com.br\/index.php?rest_route=\/wp\/v2\/product\/1375","targetHints":{"allow":["GET"]}}],"collection":[{"href":"https:\/\/lojaodocambioautomatico.com.br\/index.php?rest_route=\/wp\/v2\/product"}],"about":[{"href":"https:\/\/lojaodocambioautomatico.com.br\/index.php?rest_route=\/wp\/v2\/types\/product"}],"replies":[{"embeddable":true,"href":"https:\/\/lojaodocambioautomatico.com.br\/index.php?rest_route=%2Fwp%2Fv2%2Fcomments&post=1375"}],"version-history":[{"count":2,"href":"https:\/\/lojaodocambioautomatico.com.br\/index.php?rest_route=\/wp\/v2\/product\/1375\/revisions"}],"predecessor-version":[{"id":1433,"href":"https:\/\/lojaodocambioautomatico.com.br\/index.php?rest_route=\/wp\/v2\/product\/1375\/revisions\/1433"}],"wp:featuredmedia":[{"embeddable":true,"href":"https:\/\/lojaodocambioautomatico.com.br\/index.php?rest_route=\/wp\/v2\/media\/1376"}],"wp:attachment":[{"href":"https:\/\/lojaodocambioautomatico.com.br\/index.php?rest_route=%2Fwp%2Fv2%2Fmedia&parent=1375"}],"wp:term":[{"taxonomy":"product_brand","embeddable":true,"href":"https:\/\/lojaodocambioautomatico.com.br\/index.php?rest_route=%2Fwp%2Fv2%2Fproduct_brand&post=1375"},{"taxonomy":"product_cat","embeddable":true,"href":"https:\/\/lojaodocambioautomatico.com.br\/index.php?rest_route=%2Fwp%2Fv2%2Fproduct_cat&post=1375"},{"taxonomy":"product_tag","embeddable":true,"href":"https:\/\/lojaodocambioautomatico.com.br\/index.php?rest_route=%2Fwp%2Fv2%2Fproduct_tag&post=1375"}],"curies":[{"name":"wp","href":"https:\/\/api.w.org\/{rel}","templated":true}]}}