{"id":1378,"date":"2025-09-03T10:29:09","date_gmt":"2025-09-03T13:29:09","guid":{"rendered":"https:\/\/lojaodocambioautomatico.com.br\/?post_type=product&#038;p=1378"},"modified":"2025-09-03T10:29:10","modified_gmt":"2025-09-03T13:29:10","slug":"filtro-a6mf1-a6gf1-hyundai-kia","status":"publish","type":"product","link":"https:\/\/lojaodocambioautomatico.com.br\/?product=filtro-a6mf1-a6gf1-hyundai-kia","title":{"rendered":"FILTRO A6MF1 A6GF1 HYUNDAI KIA"},"content":{"rendered":"<h2 class=\"ui-pdp-description__title\" data-testid=\"title\">Descri\u00e7\u00e3o<\/h2>\n<p class=\"ui-pdp-description__content\" data-testid=\"content\">Filtro Cambio Autom\u00e1tico A6mf1\/a6mf2\/a6gf1<\/p>\n<p>Pode ser Aplicado nos seguintes Ve\u00edculos Autom\u00e1ticos:<\/p>\n<p>&#8211; Elantra 1.6 1.8 2.0 2010-On 6 Marchas<br \/>\n&#8211; I30 1.6 1.8 2010-On 6 Marchas<br \/>\n&#8211; Sonata 2.0 2010-On 6 Marchas<br \/>\n&#8211; Veloster 1.6 2010-On 6 Marchas<br \/>\n&#8211; Cerato 1.6 1.8 2.0 2010-On 6 Marchas<br \/>\n&#8211; Sorento 2.4 2.7 2010-On 6 Marchas<br \/>\n&#8211; Sportage 1.6 2.0 2.4 2010-On 6 Marchas<\/p>\n<p>&#8211; Composi\u00e7\u00e3o:<br \/>\n1 Filtro Cambio Autom\u00e1tico A6mf1\/a6mf2\/a6gf1<\/p>\n","protected":false},"excerpt":{"rendered":"<p>Descri\u00e7\u00e3o Filtro Cambio Autom\u00e1tico A6mf1\/a6mf2\/a6gf1 Pode ser Aplicado nos seguintes Ve\u00edculos Autom\u00e1ticos: &#8211; Elantra 1.6 1.8 2.0 2010-On 6 Marchas &#8211; I30 1.6 1.8 2010-On 6<span class=\"excerpt-hellip\"> [\u2026]<\/span><\/p>\n","protected":false},"featured_media":1379,"comment_status":"open","ping_status":"closed","template":"","meta":{"_joinchat":[]},"product_brand":[],"product_cat":[130],"product_tag":[],"class_list":{"0":"post-1378","1":"product","2":"type-product","3":"status-publish","4":"has-post-thumbnail","6":"product_cat-filtros","8":"first","9":"instock","10":"taxable","11":"shipping-taxable","12":"purchasable","13":"product-type-simple"},"_links":{"self":[{"href":"https:\/\/lojaodocambioautomatico.com.br\/index.php?rest_route=\/wp\/v2\/product\/1378","targetHints":{"allow":["GET"]}}],"collection":[{"href":"https:\/\/lojaodocambioautomatico.com.br\/index.php?rest_route=\/wp\/v2\/product"}],"about":[{"href":"https:\/\/lojaodocambioautomatico.com.br\/index.php?rest_route=\/wp\/v2\/types\/product"}],"replies":[{"embeddable":true,"href":"https:\/\/lojaodocambioautomatico.com.br\/index.php?rest_route=%2Fwp%2Fv2%2Fcomments&post=1378"}],"version-history":[{"count":1,"href":"https:\/\/lojaodocambioautomatico.com.br\/index.php?rest_route=\/wp\/v2\/product\/1378\/revisions"}],"predecessor-version":[{"id":1381,"href":"https:\/\/lojaodocambioautomatico.com.br\/index.php?rest_route=\/wp\/v2\/product\/1378\/revisions\/1381"}],"wp:featuredmedia":[{"embeddable":true,"href":"https:\/\/lojaodocambioautomatico.com.br\/index.php?rest_route=\/wp\/v2\/media\/1379"}],"wp:attachment":[{"href":"https:\/\/lojaodocambioautomatico.com.br\/index.php?rest_route=%2Fwp%2Fv2%2Fmedia&parent=1378"}],"wp:term":[{"taxonomy":"product_brand","embeddable":true,"href":"https:\/\/lojaodocambioautomatico.com.br\/index.php?rest_route=%2Fwp%2Fv2%2Fproduct_brand&post=1378"},{"taxonomy":"product_cat","embeddable":true,"href":"https:\/\/lojaodocambioautomatico.com.br\/index.php?rest_route=%2Fwp%2Fv2%2Fproduct_cat&post=1378"},{"taxonomy":"product_tag","embeddable":true,"href":"https:\/\/lojaodocambioautomatico.com.br\/index.php?rest_route=%2Fwp%2Fv2%2Fproduct_tag&post=1378"}],"curies":[{"name":"wp","href":"https:\/\/api.w.org\/{rel}","templated":true}]}}