{"id":1396,"date":"2025-09-03T12:32:22","date_gmt":"2025-09-03T15:32:22","guid":{"rendered":"https:\/\/lojaodocambioautomatico.com.br\/?post_type=product&#038;p=1396"},"modified":"2025-09-03T12:32:22","modified_gmt":"2025-09-03T15:32:22","slug":"cinta-aw50-40-gm-astra-vectra-zafira-4-marchas","status":"publish","type":"product","link":"https:\/\/lojaodocambioautomatico.com.br\/?product=cinta-aw50-40-gm-astra-vectra-zafira-4-marchas","title":{"rendered":"CINTA AW50-40 GM ASTRA VECTRA ZAFIRA 4 MARCHAS"},"content":{"rendered":"<h2 class=\"ui-pdp-description__title\" data-testid=\"title\">Descri\u00e7\u00e3o<\/h2>\n<p class=\"ui-pdp-description__content\" data-testid=\"content\">CINTA DE FREIO\/ CINTA R\u00cdGIDA para c\u00e2mbio autom\u00e1tico AW5040\/ AW50-40<\/p>\n<p>APLICA\u00c7\u00d5ES:<\/p>\n<p>\u00c9 utilizada em transmiss\u00f5es autom\u00e1ticas AW5040 \/ AW50-40, usadas em modelos GM Astra (cerca de 2002\u20132011), Vectra (at\u00e9 2011) e Zafira.<\/p>\n<p>Feita com a\u00e7o de alta resist\u00eancia, projetada para suportar altas temperaturas e desgaste.<\/p>\n<p>PRODUTO NOVO!<\/p>\n<p>&#8211; Maior durabilidade da transmiss\u00e3o!<br \/>\n&#8211; F\u00e1cil instala\u00e7\u00e3o!<\/p>\n","protected":false},"excerpt":{"rendered":"<p>Descri\u00e7\u00e3o CINTA DE FREIO\/ CINTA R\u00cdGIDA para c\u00e2mbio autom\u00e1tico AW5040\/ AW50-40 APLICA\u00c7\u00d5ES: \u00c9 utilizada em transmiss\u00f5es autom\u00e1ticas AW5040 \/ AW50-40, usadas em modelos GM Astra (cerca<span class=\"excerpt-hellip\"> [\u2026]<\/span><\/p>\n","protected":false},"featured_media":-1,"comment_status":"open","ping_status":"closed","template":"","meta":{"_joinchat":[]},"product_brand":[],"product_cat":[140],"product_tag":[],"class_list":{"0":"post-1396","1":"product","2":"type-product","3":"status-publish","4":"has-post-thumbnail","6":"product_cat-cintas","8":"first","9":"instock","10":"taxable","11":"shipping-taxable","12":"purchasable","13":"product-type-simple"},"_links":{"self":[{"href":"https:\/\/lojaodocambioautomatico.com.br\/index.php?rest_route=\/wp\/v2\/product\/1396","targetHints":{"allow":["GET"]}}],"collection":[{"href":"https:\/\/lojaodocambioautomatico.com.br\/index.php?rest_route=\/wp\/v2\/product"}],"about":[{"href":"https:\/\/lojaodocambioautomatico.com.br\/index.php?rest_route=\/wp\/v2\/types\/product"}],"replies":[{"embeddable":true,"href":"https:\/\/lojaodocambioautomatico.com.br\/index.php?rest_route=%2Fwp%2Fv2%2Fcomments&post=1396"}],"version-history":[{"count":1,"href":"https:\/\/lojaodocambioautomatico.com.br\/index.php?rest_route=\/wp\/v2\/product\/1396\/revisions"}],"predecessor-version":[{"id":1397,"href":"https:\/\/lojaodocambioautomatico.com.br\/index.php?rest_route=\/wp\/v2\/product\/1396\/revisions\/1397"}],"wp:featuredmedia":[{"embeddable":true,"href":"https:\/\/lojaodocambioautomatico.com.br\/index.php?rest_route=\/"}],"wp:attachment":[{"href":"https:\/\/lojaodocambioautomatico.com.br\/index.php?rest_route=%2Fwp%2Fv2%2Fmedia&parent=1396"}],"wp:term":[{"taxonomy":"product_brand","embeddable":true,"href":"https:\/\/lojaodocambioautomatico.com.br\/index.php?rest_route=%2Fwp%2Fv2%2Fproduct_brand&post=1396"},{"taxonomy":"product_cat","embeddable":true,"href":"https:\/\/lojaodocambioautomatico.com.br\/index.php?rest_route=%2Fwp%2Fv2%2Fproduct_cat&post=1396"},{"taxonomy":"product_tag","embeddable":true,"href":"https:\/\/lojaodocambioautomatico.com.br\/index.php?rest_route=%2Fwp%2Fv2%2Fproduct_tag&post=1396"}],"curies":[{"name":"wp","href":"https:\/\/api.w.org\/{rel}","templated":true}]}}