{"id":1398,"date":"2025-09-03T12:48:50","date_gmt":"2025-09-03T15:48:50","guid":{"rendered":"https:\/\/lojaodocambioautomatico.com.br\/?post_type=product&#038;p=1398"},"modified":"2025-09-03T12:48:51","modified_gmt":"2025-09-03T15:48:51","slug":"bomda-de-oleo-jf011-nissan-mitsubishi","status":"publish","type":"product","link":"https:\/\/lojaodocambioautomatico.com.br\/?product=bomda-de-oleo-jf011-nissan-mitsubishi","title":{"rendered":"BOMDA DE \u00d3LEO JF011 NISSAN MITSUBISHI"},"content":{"rendered":"<h2 class=\"ui-pdp-description__title\" data-testid=\"title\">Descri\u00e7\u00e3o<\/h2>\n<p>APLICA\u00c7\u00c3O:<br \/>\nNissan Sentra CVT de 2007\/2012<br \/>\nXtrail 2.0 CVT 2007\/2009<br \/>\nRenault Fluence CVT 2010\/2018<br \/>\nMitsubishi Lancer CVT 2007\/2014<\/p>\n<p>ITENS INCLUSOS:<br \/>\n01- BOMBA DE OLEO<\/p>\n","protected":false},"excerpt":{"rendered":"<p>Descri\u00e7\u00e3o APLICA\u00c7\u00c3O: Nissan Sentra CVT de 2007\/2012 Xtrail 2.0 CVT 2007\/2009 Renault Fluence CVT 2010\/2018 Mitsubishi Lancer CVT 2007\/2014 ITENS INCLUSOS: 01- BOMBA DE OLEO<\/p>\n","protected":false},"featured_media":1399,"comment_status":"open","ping_status":"closed","template":"","meta":{"_joinchat":[]},"product_brand":[],"product_cat":[158],"product_tag":[],"class_list":{"0":"post-1398","1":"product","2":"type-product","3":"status-publish","4":"has-post-thumbnail","6":"product_cat-bomba-de-oleo","8":"first","9":"instock","10":"taxable","11":"shipping-taxable","12":"purchasable","13":"product-type-simple"},"_links":{"self":[{"href":"https:\/\/lojaodocambioautomatico.com.br\/index.php?rest_route=\/wp\/v2\/product\/1398","targetHints":{"allow":["GET"]}}],"collection":[{"href":"https:\/\/lojaodocambioautomatico.com.br\/index.php?rest_route=\/wp\/v2\/product"}],"about":[{"href":"https:\/\/lojaodocambioautomatico.com.br\/index.php?rest_route=\/wp\/v2\/types\/product"}],"replies":[{"embeddable":true,"href":"https:\/\/lojaodocambioautomatico.com.br\/index.php?rest_route=%2Fwp%2Fv2%2Fcomments&post=1398"}],"version-history":[{"count":1,"href":"https:\/\/lojaodocambioautomatico.com.br\/index.php?rest_route=\/wp\/v2\/product\/1398\/revisions"}],"predecessor-version":[{"id":1401,"href":"https:\/\/lojaodocambioautomatico.com.br\/index.php?rest_route=\/wp\/v2\/product\/1398\/revisions\/1401"}],"wp:featuredmedia":[{"embeddable":true,"href":"https:\/\/lojaodocambioautomatico.com.br\/index.php?rest_route=\/wp\/v2\/media\/1399"}],"wp:attachment":[{"href":"https:\/\/lojaodocambioautomatico.com.br\/index.php?rest_route=%2Fwp%2Fv2%2Fmedia&parent=1398"}],"wp:term":[{"taxonomy":"product_brand","embeddable":true,"href":"https:\/\/lojaodocambioautomatico.com.br\/index.php?rest_route=%2Fwp%2Fv2%2Fproduct_brand&post=1398"},{"taxonomy":"product_cat","embeddable":true,"href":"https:\/\/lojaodocambioautomatico.com.br\/index.php?rest_route=%2Fwp%2Fv2%2Fproduct_cat&post=1398"},{"taxonomy":"product_tag","embeddable":true,"href":"https:\/\/lojaodocambioautomatico.com.br\/index.php?rest_route=%2Fwp%2Fv2%2Fproduct_tag&post=1398"}],"curies":[{"name":"wp","href":"https:\/\/api.w.org\/{rel}","templated":true}]}}