{"id":1408,"date":"2025-09-09T14:47:31","date_gmt":"2025-09-09T17:47:31","guid":{"rendered":"https:\/\/lojaodocambioautomatico.com.br\/?post_type=product&#038;p=1408"},"modified":"2025-09-09T14:47:32","modified_gmt":"2025-09-09T17:47:32","slug":"trocador-de-calor-volkswagen-jetta-2007-a-2012-09g","status":"publish","type":"product","link":"https:\/\/lojaodocambioautomatico.com.br\/?product=trocador-de-calor-volkswagen-jetta-2007-a-2012-09g","title":{"rendered":"TROCADOR DE CALOR VOLKSWAGEN JETTA 2007 \u00c1 2012 09G"},"content":{"rendered":"<h2 class=\"ui-pdp-description__title\" data-testid=\"title\">Descri\u00e7\u00e3o<\/h2>\n<p class=\"ui-pdp-description__content\" data-testid=\"content\">\nTrocador Calor Alto C\u00e2mbio Autom\u00e1tico 09g<\/p>\n<p>APLICA\u00c7\u00c3O:<br \/>\nNew Beetle ap\u00f3s 2008 Tiptronic<br \/>\nBora ap\u00f3s 2008 Tiptronic<br \/>\nGolf ap\u00f3s 2008 Tiptronic<br \/>\nJetta ap\u00f3s 2006 2.0 2.5 Tiptronic<br \/>\nPassat 2.0 ap\u00f3s 2006 Tiptronic<\/p>\n<p>ITENS INCLUSOS:<br \/>\n01- TROCADOR DE CALOR ALTO<br \/>\nMedidas Aprox. 81 mm<\/p>\n","protected":false},"excerpt":{"rendered":"<p>Descri\u00e7\u00e3o Trocador Calor Alto C\u00e2mbio Autom\u00e1tico 09g APLICA\u00c7\u00c3O: New Beetle ap\u00f3s 2008 Tiptronic Bora ap\u00f3s 2008 Tiptronic Golf ap\u00f3s 2008 Tiptronic Jetta ap\u00f3s 2006 2.0 2.5<span class=\"excerpt-hellip\"> [\u2026]<\/span><\/p>\n","protected":false},"featured_media":1409,"comment_status":"open","ping_status":"closed","template":"","meta":{"_joinchat":[]},"product_brand":[],"product_cat":[132],"product_tag":[],"class_list":{"0":"post-1408","1":"product","2":"type-product","3":"status-publish","4":"has-post-thumbnail","6":"product_cat-trocador-de-calor","8":"first","9":"instock","10":"taxable","11":"shipping-taxable","12":"purchasable","13":"product-type-simple"},"_links":{"self":[{"href":"https:\/\/lojaodocambioautomatico.com.br\/index.php?rest_route=\/wp\/v2\/product\/1408","targetHints":{"allow":["GET"]}}],"collection":[{"href":"https:\/\/lojaodocambioautomatico.com.br\/index.php?rest_route=\/wp\/v2\/product"}],"about":[{"href":"https:\/\/lojaodocambioautomatico.com.br\/index.php?rest_route=\/wp\/v2\/types\/product"}],"replies":[{"embeddable":true,"href":"https:\/\/lojaodocambioautomatico.com.br\/index.php?rest_route=%2Fwp%2Fv2%2Fcomments&post=1408"}],"version-history":[{"count":1,"href":"https:\/\/lojaodocambioautomatico.com.br\/index.php?rest_route=\/wp\/v2\/product\/1408\/revisions"}],"predecessor-version":[{"id":1410,"href":"https:\/\/lojaodocambioautomatico.com.br\/index.php?rest_route=\/wp\/v2\/product\/1408\/revisions\/1410"}],"wp:featuredmedia":[{"embeddable":true,"href":"https:\/\/lojaodocambioautomatico.com.br\/index.php?rest_route=\/wp\/v2\/media\/1409"}],"wp:attachment":[{"href":"https:\/\/lojaodocambioautomatico.com.br\/index.php?rest_route=%2Fwp%2Fv2%2Fmedia&parent=1408"}],"wp:term":[{"taxonomy":"product_brand","embeddable":true,"href":"https:\/\/lojaodocambioautomatico.com.br\/index.php?rest_route=%2Fwp%2Fv2%2Fproduct_brand&post=1408"},{"taxonomy":"product_cat","embeddable":true,"href":"https:\/\/lojaodocambioautomatico.com.br\/index.php?rest_route=%2Fwp%2Fv2%2Fproduct_cat&post=1408"},{"taxonomy":"product_tag","embeddable":true,"href":"https:\/\/lojaodocambioautomatico.com.br\/index.php?rest_route=%2Fwp%2Fv2%2Fproduct_tag&post=1408"}],"curies":[{"name":"wp","href":"https:\/\/api.w.org\/{rel}","templated":true}]}}