{"id":1418,"date":"2025-09-24T14:30:24","date_gmt":"2025-09-24T17:30:24","guid":{"rendered":"https:\/\/lojaodocambioautomatico.com.br\/?post_type=product&#038;p=1418"},"modified":"2025-09-24T14:30:25","modified_gmt":"2025-09-24T17:30:25","slug":"kit-eixo-de-selecao-dualogic-original-mopar","status":"publish","type":"product","link":"https:\/\/lojaodocambioautomatico.com.br\/?product=kit-eixo-de-selecao-dualogic-original-mopar","title":{"rendered":"KIT EIXO DE SELE\u00c7\u00c3O DUALOGIC ORIGINAL MOPAR"},"content":{"rendered":"<h2 class=\"ui-pdp-description__title\" data-testid=\"title\">Descri\u00e7\u00e3o<\/h2>\n<p class=\"ui-pdp-description__content\" data-testid=\"content\">Aplica\u00e7\u00e3o:<\/p>\n<p>&#8211; Punto<br \/>\n&#8211; Idea<br \/>\n&#8211; Bravo<br \/>\n&#8211; Linea<br \/>\n&#8211; Siena<br \/>\n&#8211; Palio<br \/>\n&#8211; Palio Weekend<\/p>\n","protected":false},"excerpt":{"rendered":"<p>Descri\u00e7\u00e3o Aplica\u00e7\u00e3o: &#8211; Punto &#8211; Idea &#8211; Bravo &#8211; Linea &#8211; Siena &#8211; Palio &#8211; Palio Weekend<\/p>\n","protected":false},"featured_media":1419,"comment_status":"open","ping_status":"closed","template":"","meta":{"_joinchat":[]},"product_brand":[],"product_cat":[159],"product_tag":[],"class_list":{"0":"post-1418","1":"product","2":"type-product","3":"status-publish","4":"has-post-thumbnail","6":"product_cat-eixo-de-selecao","8":"first","9":"instock","10":"taxable","11":"shipping-taxable","12":"purchasable","13":"product-type-simple"},"_links":{"self":[{"href":"https:\/\/lojaodocambioautomatico.com.br\/index.php?rest_route=\/wp\/v2\/product\/1418","targetHints":{"allow":["GET"]}}],"collection":[{"href":"https:\/\/lojaodocambioautomatico.com.br\/index.php?rest_route=\/wp\/v2\/product"}],"about":[{"href":"https:\/\/lojaodocambioautomatico.com.br\/index.php?rest_route=\/wp\/v2\/types\/product"}],"replies":[{"embeddable":true,"href":"https:\/\/lojaodocambioautomatico.com.br\/index.php?rest_route=%2Fwp%2Fv2%2Fcomments&post=1418"}],"version-history":[{"count":1,"href":"https:\/\/lojaodocambioautomatico.com.br\/index.php?rest_route=\/wp\/v2\/product\/1418\/revisions"}],"predecessor-version":[{"id":1420,"href":"https:\/\/lojaodocambioautomatico.com.br\/index.php?rest_route=\/wp\/v2\/product\/1418\/revisions\/1420"}],"wp:featuredmedia":[{"embeddable":true,"href":"https:\/\/lojaodocambioautomatico.com.br\/index.php?rest_route=\/wp\/v2\/media\/1419"}],"wp:attachment":[{"href":"https:\/\/lojaodocambioautomatico.com.br\/index.php?rest_route=%2Fwp%2Fv2%2Fmedia&parent=1418"}],"wp:term":[{"taxonomy":"product_brand","embeddable":true,"href":"https:\/\/lojaodocambioautomatico.com.br\/index.php?rest_route=%2Fwp%2Fv2%2Fproduct_brand&post=1418"},{"taxonomy":"product_cat","embeddable":true,"href":"https:\/\/lojaodocambioautomatico.com.br\/index.php?rest_route=%2Fwp%2Fv2%2Fproduct_cat&post=1418"},{"taxonomy":"product_tag","embeddable":true,"href":"https:\/\/lojaodocambioautomatico.com.br\/index.php?rest_route=%2Fwp%2Fv2%2Fproduct_tag&post=1418"}],"curies":[{"name":"wp","href":"https:\/\/api.w.org\/{rel}","templated":true}]}}