{"id":1458,"date":"2026-02-04T09:54:59","date_gmt":"2026-02-04T12:54:59","guid":{"rendered":"https:\/\/lojaodocambioautomatico.com.br\/?post_type=product&#038;p=1458"},"modified":"2026-02-04T09:55:00","modified_gmt":"2026-02-04T12:55:00","slug":"chave-seletora-new-civic-1-8","status":"publish","type":"product","link":"https:\/\/lojaodocambioautomatico.com.br\/?product=chave-seletora-new-civic-1-8","title":{"rendered":"Chave Seletora New civic 1.8"},"content":{"rendered":"<p>A Chave Seletora do C\u00e2mbio (Part Number: 28900R9L004) \u00e9 um componente vital para o sistema de transmiss\u00e3o do seu ve\u00edculo. Essencial para o correto funcionamento do c\u00e2mbio autom\u00e1tico, ela informa \u00e0 central eletr\u00f4nica a posi\u00e7\u00e3o exata da alavanca (P, R, N, D, etc.), garantindo trocas de marcha precisas e a seguran\u00e7a ao dar a partida no motor. Esta pe\u00e7a \u00e9 compat\u00edvel com os modelos Honda Civic 2.0 (2017 a 2021), Fit e City 1.5 (2015 a 2021), HRV 1.8 e 1.5 (2016 a 2024), WRV 1.5 (2017 a 2021) e ZRV 2.0 (2023 a 2024). C\u00f3digo: 28900R9L004 Aplica\u00e7\u00e3o: CIVIC(2017 A 2021 2.0) FIT CITY(2015 A 2021 1.5) HRV(2016 A 2024 1.8 1.5) WRV(2017 A 2021 1.5) ZRV(2023 A 2024 2.0)<\/p>\n","protected":false},"excerpt":{"rendered":"<p>A Chave Seletora do C\u00e2mbio (Part Number: 28900R9L004) \u00e9 um componente vital para o sistema de transmiss\u00e3o do seu ve\u00edculo. Essencial para o correto funcionamento do<span class=\"excerpt-hellip\"> [\u2026]<\/span><\/p>\n","protected":false},"featured_media":1459,"comment_status":"open","ping_status":"closed","template":"","meta":{"_joinchat":[]},"product_brand":[],"product_cat":[152],"product_tag":[],"class_list":{"0":"post-1458","1":"product","2":"type-product","3":"status-publish","4":"has-post-thumbnail","6":"product_cat-chave-seletora","8":"first","9":"instock","10":"taxable","11":"shipping-taxable","12":"purchasable","13":"product-type-simple"},"_links":{"self":[{"href":"https:\/\/lojaodocambioautomatico.com.br\/index.php?rest_route=\/wp\/v2\/product\/1458","targetHints":{"allow":["GET"]}}],"collection":[{"href":"https:\/\/lojaodocambioautomatico.com.br\/index.php?rest_route=\/wp\/v2\/product"}],"about":[{"href":"https:\/\/lojaodocambioautomatico.com.br\/index.php?rest_route=\/wp\/v2\/types\/product"}],"replies":[{"embeddable":true,"href":"https:\/\/lojaodocambioautomatico.com.br\/index.php?rest_route=%2Fwp%2Fv2%2Fcomments&post=1458"}],"version-history":[{"count":1,"href":"https:\/\/lojaodocambioautomatico.com.br\/index.php?rest_route=\/wp\/v2\/product\/1458\/revisions"}],"predecessor-version":[{"id":1460,"href":"https:\/\/lojaodocambioautomatico.com.br\/index.php?rest_route=\/wp\/v2\/product\/1458\/revisions\/1460"}],"wp:featuredmedia":[{"embeddable":true,"href":"https:\/\/lojaodocambioautomatico.com.br\/index.php?rest_route=\/wp\/v2\/media\/1459"}],"wp:attachment":[{"href":"https:\/\/lojaodocambioautomatico.com.br\/index.php?rest_route=%2Fwp%2Fv2%2Fmedia&parent=1458"}],"wp:term":[{"taxonomy":"product_brand","embeddable":true,"href":"https:\/\/lojaodocambioautomatico.com.br\/index.php?rest_route=%2Fwp%2Fv2%2Fproduct_brand&post=1458"},{"taxonomy":"product_cat","embeddable":true,"href":"https:\/\/lojaodocambioautomatico.com.br\/index.php?rest_route=%2Fwp%2Fv2%2Fproduct_cat&post=1458"},{"taxonomy":"product_tag","embeddable":true,"href":"https:\/\/lojaodocambioautomatico.com.br\/index.php?rest_route=%2Fwp%2Fv2%2Fproduct_tag&post=1458"}],"curies":[{"name":"wp","href":"https:\/\/api.w.org\/{rel}","templated":true}]}}