{"id":604,"date":"2025-07-10T13:04:41","date_gmt":"2025-07-10T16:04:41","guid":{"rendered":"https:\/\/lojaodocambioautomatico.com.br\/?post_type=product&#038;p=604"},"modified":"2025-09-09T13:07:52","modified_gmt":"2025-09-09T16:07:52","slug":"filtro-5t0-ka-cvt-honda-civic","status":"publish","type":"product","link":"https:\/\/lojaodocambioautomatico.com.br\/?product=filtro-5t0-ka-cvt-honda-civic","title":{"rendered":"FILTRO 5T0 KA CVT HONDA CIVIC"},"content":{"rendered":"<p>APLICA\u00c7\u00d5ES:<\/p>\n<p>HONDA FIT 1.5 CVT<br \/>\nCIVIC 1.8 \/ 2.0 CVT<br \/>\nHRV 1.8 CVT<\/p>\n<p>GARANTIA: Todos os nossos pedidos incluem nota fiscal e oferecemos uma garantia de 90 dias contra defeitos de fabrica\u00e7\u00e3o. Por favor, esteja ciente de que n\u00e3o cobrimos erros de instala\u00e7\u00e3o que possam danificar a pe\u00e7a.<\/p>\n<p>FRETE E ENVIOS: Todos os pedidos ser\u00e3o separados, embalados e postados em at\u00e9 no m\u00e1ximo 1 dia \u00fatil ap\u00f3s a aprova\u00e7\u00e3o do pagamento. O prazo de envio varia de acordo com sua regi\u00e3o e com a transportadora respons\u00e1vel pelo frete. Ap\u00f3s o envio, voc\u00ea receber\u00e1 o c\u00f3digo de rastreamento para acompanhar seu pedido (seja o transporte via correio ou transportadora).<\/p>\n<p>DEVOLU\u00c7\u00c3O E TROCA: Voc\u00ea tem um prazo de 7 dias corridos a partir da data de recebimento do produto para devolu\u00e7\u00e3o. Por favor, certifique-se de devolver o produto na embalagem original e sem sinais de uso.<\/p>\n<p>D\u00daVIDAS:<br \/>\n\u2022 Antes de realizar a compra, verifique se est\u00e1 adquirindo a pe\u00e7a correta.<br \/>\n\u2022 Quaisquer d\u00favidas sobre o produto ou sua aplica\u00e7\u00e3o, por favor, entre em contato conosco por mensagem.<br \/>\n\u2022 Sugerimos consultar um profissional especializado para a manuten\u00e7\u00e3o do seu ve\u00edculo.<\/p>\n<p>Recomenda\u00e7\u00f5es: Por gentileza, verificar e confirmar suas informa\u00e7\u00f5es cadastrais, pois n\u00e3o realizamos entregas para endere\u00e7os sem n\u00famero, cadastros sem documento v\u00e1lido, nomes incompletos ou caixas postais.<\/p>\n<p>Garantia do vendedor: 90 dias<\/p>\n","protected":false},"excerpt":{"rendered":"<p>APLICA\u00c7\u00d5ES: HONDA FIT 1.5 CVT CIVIC 1.8 \/ 2.0 CVT HRV 1.8 CVT GARANTIA: Todos os nossos pedidos incluem nota fiscal e oferecemos uma garantia de<span class=\"excerpt-hellip\"> [\u2026]<\/span><\/p>\n","protected":false},"featured_media":606,"comment_status":"open","ping_status":"closed","template":"","meta":{"_joinchat":[]},"product_brand":[],"product_cat":[130],"product_tag":[],"class_list":{"0":"post-604","1":"product","2":"type-product","3":"status-publish","4":"has-post-thumbnail","6":"product_cat-filtros","8":"first","9":"instock","10":"sale","11":"taxable","12":"shipping-taxable","13":"purchasable","14":"product-type-simple"},"_links":{"self":[{"href":"https:\/\/lojaodocambioautomatico.com.br\/index.php?rest_route=\/wp\/v2\/product\/604","targetHints":{"allow":["GET"]}}],"collection":[{"href":"https:\/\/lojaodocambioautomatico.com.br\/index.php?rest_route=\/wp\/v2\/product"}],"about":[{"href":"https:\/\/lojaodocambioautomatico.com.br\/index.php?rest_route=\/wp\/v2\/types\/product"}],"replies":[{"embeddable":true,"href":"https:\/\/lojaodocambioautomatico.com.br\/index.php?rest_route=%2Fwp%2Fv2%2Fcomments&post=604"}],"version-history":[{"count":4,"href":"https:\/\/lojaodocambioautomatico.com.br\/index.php?rest_route=\/wp\/v2\/product\/604\/revisions"}],"predecessor-version":[{"id":1012,"href":"https:\/\/lojaodocambioautomatico.com.br\/index.php?rest_route=\/wp\/v2\/product\/604\/revisions\/1012"}],"wp:featuredmedia":[{"embeddable":true,"href":"https:\/\/lojaodocambioautomatico.com.br\/index.php?rest_route=\/wp\/v2\/media\/606"}],"wp:attachment":[{"href":"https:\/\/lojaodocambioautomatico.com.br\/index.php?rest_route=%2Fwp%2Fv2%2Fmedia&parent=604"}],"wp:term":[{"taxonomy":"product_brand","embeddable":true,"href":"https:\/\/lojaodocambioautomatico.com.br\/index.php?rest_route=%2Fwp%2Fv2%2Fproduct_brand&post=604"},{"taxonomy":"product_cat","embeddable":true,"href":"https:\/\/lojaodocambioautomatico.com.br\/index.php?rest_route=%2Fwp%2Fv2%2Fproduct_cat&post=604"},{"taxonomy":"product_tag","embeddable":true,"href":"https:\/\/lojaodocambioautomatico.com.br\/index.php?rest_route=%2Fwp%2Fv2%2Fproduct_tag&post=604"}],"curies":[{"name":"wp","href":"https:\/\/api.w.org\/{rel}","templated":true}]}}