{"id":609,"date":"2025-07-10T13:14:20","date_gmt":"2025-07-10T16:14:20","guid":{"rendered":"https:\/\/lojaodocambioautomatico.com.br\/?post_type=product&#038;p=609"},"modified":"2025-07-21T10:22:04","modified_gmt":"2025-07-21T13:22:04","slug":"filtro-42re-44re-46re-a518-chrysler","status":"publish","type":"product","link":"https:\/\/lojaodocambioautomatico.com.br\/?product=filtro-42re-44re-46re-a518-chrysler","title":{"rendered":"FILTRO 42RE-44RE-46RE-A518 CHRYSLER"},"content":{"rendered":"<p>KIT Junta do C\u00e1rter e Filtro de \u00d3leo C\u00e2mbio Autom\u00e1tico 42re 44re A518<\/p>\n<p>Aplica\u00e7\u00e3o:<br \/>\nJEEP Cherokee 2001-On 4.0 4 Velocidades<br \/>\nJEEP Grand Cherokee 3.1 1998 a 2000<br \/>\nJEEP Grand Cherokee 4.0 1998 a 2004<br \/>\nJEEP Grand Cherokee 5.2 1998 a 2000<br \/>\nRam<br \/>\nDakota<\/p>\n<p>PE\u00c7A NOVA.<br \/>\nGarantia de 90 dias.<\/p>\n<p>N\u00c3O NOS RESPONSABILIZAMOS PELA INSTALA\u00c7\u00c3O. A RESPONSABILIDADE \u00c9 TOTAL DO INSTALADOR\/CLIENTE.<br \/>\nVerifique a lista de compatibilidade antes de comprar. Entre em contato conosco caso tenha alguma d\u00favida.<br \/>\nDesde 1991 no mercado automobil\u00edstico trabalhando somente com ve\u00edculos importados e transmiss\u00e3o autom\u00e1tica.<\/p>\n<p>Garantia do vendedor: 3 meses<\/p>\n","protected":false},"excerpt":{"rendered":"<p>KIT Junta do C\u00e1rter e Filtro de \u00d3leo C\u00e2mbio Autom\u00e1tico 42re 44re A518 Aplica\u00e7\u00e3o: JEEP Cherokee 2001-On 4.0 4 Velocidades JEEP Grand Cherokee 3.1 1998 a<span class=\"excerpt-hellip\"> [\u2026]<\/span><\/p>\n","protected":false},"featured_media":610,"comment_status":"open","ping_status":"closed","template":"","meta":{"_joinchat":[]},"product_brand":[],"product_cat":[130],"product_tag":[],"class_list":{"0":"post-609","1":"product","2":"type-product","3":"status-publish","4":"has-post-thumbnail","6":"product_cat-filtros","8":"first","9":"instock","10":"taxable","11":"shipping-taxable","12":"purchasable","13":"product-type-simple"},"_links":{"self":[{"href":"https:\/\/lojaodocambioautomatico.com.br\/index.php?rest_route=\/wp\/v2\/product\/609","targetHints":{"allow":["GET"]}}],"collection":[{"href":"https:\/\/lojaodocambioautomatico.com.br\/index.php?rest_route=\/wp\/v2\/product"}],"about":[{"href":"https:\/\/lojaodocambioautomatico.com.br\/index.php?rest_route=\/wp\/v2\/types\/product"}],"replies":[{"embeddable":true,"href":"https:\/\/lojaodocambioautomatico.com.br\/index.php?rest_route=%2Fwp%2Fv2%2Fcomments&post=609"}],"version-history":[{"count":2,"href":"https:\/\/lojaodocambioautomatico.com.br\/index.php?rest_route=\/wp\/v2\/product\/609\/revisions"}],"predecessor-version":[{"id":1011,"href":"https:\/\/lojaodocambioautomatico.com.br\/index.php?rest_route=\/wp\/v2\/product\/609\/revisions\/1011"}],"wp:featuredmedia":[{"embeddable":true,"href":"https:\/\/lojaodocambioautomatico.com.br\/index.php?rest_route=\/wp\/v2\/media\/610"}],"wp:attachment":[{"href":"https:\/\/lojaodocambioautomatico.com.br\/index.php?rest_route=%2Fwp%2Fv2%2Fmedia&parent=609"}],"wp:term":[{"taxonomy":"product_brand","embeddable":true,"href":"https:\/\/lojaodocambioautomatico.com.br\/index.php?rest_route=%2Fwp%2Fv2%2Fproduct_brand&post=609"},{"taxonomy":"product_cat","embeddable":true,"href":"https:\/\/lojaodocambioautomatico.com.br\/index.php?rest_route=%2Fwp%2Fv2%2Fproduct_cat&post=609"},{"taxonomy":"product_tag","embeddable":true,"href":"https:\/\/lojaodocambioautomatico.com.br\/index.php?rest_route=%2Fwp%2Fv2%2Fproduct_tag&post=609"}],"curies":[{"name":"wp","href":"https:\/\/api.w.org\/{rel}","templated":true}]}}