{"id":627,"date":"2025-07-10T13:37:51","date_gmt":"2025-07-10T16:37:51","guid":{"rendered":"https:\/\/lojaodocambioautomatico.com.br\/?post_type=product&#038;p=627"},"modified":"2025-07-21T10:20:59","modified_gmt":"2025-07-21T13:20:59","slug":"oleo-para-transmissao-automatica-mobil-cvt-sintetico-1l","status":"publish","type":"product","link":"https:\/\/lojaodocambioautomatico.com.br\/?product=oleo-para-transmissao-automatica-mobil-cvt-sintetico-1l","title":{"rendered":"\u00d3LEO PARA TRANSMISS\u00c3O AUTOM\u00c1TICA MOBIL CVT SINT\u00c9TICO 1L"},"content":{"rendered":"<p>Mobil\u2122 CVT<\/p>\n<p>CONTEM:<br \/>\n-07 LITROS DE \u00d3LEO<\/p>\n<p>Fluido para Transmiss\u00f5es Autom\u00e1ticas Continuamente Vari\u00e1veis<\/p>\n<p>Descri\u00e7\u00e3o do Produto :<\/p>\n<p>Mobil\u2122 CVT \u00e9 um lubrificante premium de alto desempenho com formula\u00e7\u00e3o 100% sint\u00e9tica projetado para atender as mais<br \/>\namplas necessidades de ve\u00edculos com transmiss\u00e3o continuamente vari\u00e1veis (CVT), sendo eles das mais variadas montadoras<br \/>\nnorte-americanas, europeias e asi\u00e1ticas. Tamb\u00e9m formulado com pacote de aditivos de alta tecnologia que promove excepcional<br \/>\ndesempenho, prote\u00e7\u00e3o, vida longa do fluido e uma opera\u00e7\u00e3o suave da transmiss\u00e3o.<\/p>\n<p>Caracter\u00edsticas e Benef\u00edcios :<\/p>\n<p>Mobil\u2122 CVT proporciona opera\u00e7\u00e3o suave e consistente em todas as condi\u00e7\u00f5es clim\u00e1ticas e oferece \u00f3tima prote\u00e7\u00e3o aos<br \/>\ncomponentes da transmiss\u00e3o para ajudar a estender sua vida \u00fatil e propiciar uma experi\u00eancia de condu\u00e7\u00e3o confort\u00e1vel.<br \/>\n\u2022 Excelente prote\u00e7\u00e3o da transmiss\u00e3o contra desgaste, ferrugem e corros\u00e3o, ajudando a preservar sua vida \u00fatil<br \/>\n\u2022 Caracter\u00edsticas de atrito est\u00e1veis e otimizadas com excepcional reten\u00e7\u00e3o de capacidade de torque proporcionam<br \/>\nsensa\u00e7\u00e3o de mudan\u00e7a suave sem preocupa\u00e7\u00f5es com ru\u00eddo, vibra\u00e7\u00e3o e aspereza (NVH -Noise, Vibration &amp; Harshness)<br \/>\n\u2022 Excelentes propriedades de vaz\u00e3o fornecem lubrifica\u00e7\u00e3o imediata e prote\u00e7\u00e3o nas partidas a frio<br \/>\n\u2022 Excelente estabilidade \u00e0 oxida\u00e7\u00e3o e ao cisalhamento do \u00f3leo contribuem para uma longa vida \u00fatil do fluido<br \/>\n\u2022 Reduzido consumo de \u00f3leo devido a vazamentos, resultado de suas eficazes propriedades de controle de espuma e<br \/>\ncompatibilidade com materiais de veda\u00e7\u00e3o<\/p>\n<p>Aplica\u00e7\u00f5es :<\/p>\n<p>Mobil\u2122 CVT \u00e9 um fluido para transmiss\u00f5es autom\u00e1ticas totalmente sint\u00e9tico projetado para atender \u00e0s necessidades da<br \/>\nmais ampla variedade de projetos de transmiss\u00f5es continuamente vari\u00e1veis. Mobil\u2122 CVT n\u00e3o \u00e9 recomendado para uso em<br \/>\ntransmiss\u00f5es com conversores de torque (AT) ou de dupla embreagem (DCT).<br \/>\nAs boas pr\u00e1ticas de manuten\u00e7\u00e3o determinam que o n\u00edvel adequado de fluido das transmiss\u00f5es autom\u00e1ticas seja verificado em<br \/>\nintervalos regulares e que o fluido seja drenado e substitu\u00eddo nos intervalos recomendados pelo fabricante. Alguns fabricantes<br \/>\nrecomendam trocas mais frequentes do fluido de transmiss\u00e3o sob condi\u00e7\u00f5es de dire\u00e7\u00e3o severas, como as que ocorrem em<br \/>\ntr\u00e1fego pesado, em climas quentes ou puxando um trailer.<br \/>\nMobil\u2122 CVT \u00e9 adequado para uso em uma ampla gama de transmiss\u00f5es continuamente vari\u00e1veis. A lista abaixo \u00e9 apenas um<br \/>\nexemplo de aplica\u00e7\u00f5es em que os resultados de teste comparativos suportam o uso de Mobil\u2122 CVT. \u00c9 importante observar que<br \/>\nos respectivos fabricantes de ve\u00edculos n\u00e3o avaliaram nem aprovaram Mobil\u2122 CVT nessas aplica\u00e7\u00f5es, exceto quando indicado na se\u00e7\u00e3o Especifica\u00e7\u00f5es e Aprova\u00e7\u00f5es.<br \/>\nMobil\u2122 CVT \u00e9 adequado para uso em muitos ve\u00edculos de passageiros equipados com transmiss\u00f5es continuamente vari\u00e1veis,<\/p>\n<p>OEM ADEQUADO PARA USO EM :<\/p>\n<p>Audi<br \/>\nAudi Multitronic transmission<br \/>\nBMW Mini Cooper<br \/>\nBMW &amp; Mini Cooper EZL 799 fluid \/ 83 22 0 136 376 \/ 83 22 0 429 154<br \/>\nMini Cooper EZL799 fluid \/ EZL 799A fluid \/ ZF CVT V1 fluid<br \/>\nChery<br \/>\nChery CVT transmission<br \/>\nDaihatsu<br \/>\nDaihatsu AMMIX CVT Fluid DFE<br \/>\nDaihatsu AMMIX CVT Fluid DC<br \/>\nDaihatsu AMMIX CVT Fluid DFC<br \/>\nDaihatsu Fluid TC<br \/>\nChrysler, Dodge, Jeep<br \/>\nDodge\/Jeep\/Chrysler NS-2 fluid<br \/>\nDodge\/Chrysler\/Jeep\/Mopar CVT+4<br \/>\nFiat<br \/>\nFiat Tutela Car CVT N.G<br \/>\nFujijyuuko<br \/>\nFujijyuuko i-CVTF FG<br \/>\nGM\/Saturn<br \/>\nGM\/Saturn DEX-CVT spec, GM1940713 and 1940714<br \/>\nHonda<br \/>\nHonda Multimatic HMMF fluid (without starting clutch)<br \/>\nHonda HCF2 fluido<br \/>\nHonda Z-1 transmission (CVT model, without starting clutch, and car models from 2008 onwards only)<br \/>\nHonda CVT transmission (without a starting clutch)<br \/>\nHyundai\/Kia<br \/>\nHyundai\/Kia CVT-1 fluid<br \/>\nHyundai\/Kia SP III transmission (CVT model)<br \/>\nIdemitsu<br \/>\nIdemitsu CVTF-EX1 fluid<br \/>\nLexus<br \/>\nLexus Fluid TC, Fluid FE<br \/>\nMazda<br \/>\nMazda JWS 3320T fluid<br \/>\nMG Rover<br \/>\nMG Rover EM-CVT<br \/>\nMitsubishi<br \/>\nMitsubishi CVTF-J1 fluid (MMC Diaqueen CVT Fluid J1)<br \/>\nMitsubishi CVTF-J4 and -J4+ fluid (MMC Diaqueen CVT Fluid J4 and J4+)<br \/>\nMitsubishi (Diaqueen) SP-III fluid (CVT model only)<br \/>\nMitsubishi CVTF ECO J4 fluid<br \/>\nNissan<br \/>\nNissan NS-1, NS-2, NS-3 fluids<br \/>\nNissan N-CVT<br \/>\nPunch<br \/>\nPunch CVT (without starting clutch)<br \/>\nRenault<br \/>\nRenault Elf Matic CVT fluid<br \/>\nSubaru<br \/>\nSubaru iCVT fluid<br \/>\nSubaru iCVT FG fluid<br \/>\nSubaru ECVT fluid<br \/>\nSubaru Lineartronic chain CVT transmission and CVT II Fluid, K0425Y0710<br \/>\nSubaru Lineartronic High Torque (HT) CVT Fluid, CV-30, K0421Y0700<br \/>\nSubaru NS-2 fluid<br \/>\nSuzuki<br \/>\nSuzuki CVTF TC fluid<br \/>\nSuzuki CVTF 3320 fluid<br \/>\nSuzuki CVTF 4401 fluid<br \/>\nSuzuki NS-2 fluid<br \/>\nSuzuki CVT Green 1 &amp; 2 fluids<br \/>\nSuzuki CVT Green 1V fluid<br \/>\nToyota<br \/>\nToyota CVTF TC fluid<br \/>\nToyota CVTF FE fluid<br \/>\nVolvo<br \/>\nVolvo CVT 4959 fluid<br \/>\nVW\/Audi<br \/>\nVW\/Audi G 052 516<br \/>\nVW\/Audi G 052 180<br \/>\nZotye<br \/>\nZotye CVTs<\/p>\n<p>Garantia do vendedor: 3 meses<\/p>\n","protected":false},"excerpt":{"rendered":"<p>Mobil\u2122 CVT CONTEM: -07 LITROS DE \u00d3LEO Fluido para Transmiss\u00f5es Autom\u00e1ticas Continuamente Vari\u00e1veis Descri\u00e7\u00e3o do Produto : Mobil\u2122 CVT \u00e9 um lubrificante premium de alto desempenho<span class=\"excerpt-hellip\"> [\u2026]<\/span><\/p>\n","protected":false},"featured_media":628,"comment_status":"open","ping_status":"closed","template":"","meta":{"_joinchat":[]},"product_brand":[],"product_cat":[131],"product_tag":[],"class_list":{"0":"post-627","1":"product","2":"type-product","3":"status-publish","4":"has-post-thumbnail","6":"product_cat-oleos","8":"first","9":"instock","10":"taxable","11":"shipping-taxable","12":"purchasable","13":"product-type-simple"},"_links":{"self":[{"href":"https:\/\/lojaodocambioautomatico.com.br\/index.php?rest_route=\/wp\/v2\/product\/627","targetHints":{"allow":["GET"]}}],"collection":[{"href":"https:\/\/lojaodocambioautomatico.com.br\/index.php?rest_route=\/wp\/v2\/product"}],"about":[{"href":"https:\/\/lojaodocambioautomatico.com.br\/index.php?rest_route=\/wp\/v2\/types\/product"}],"replies":[{"embeddable":true,"href":"https:\/\/lojaodocambioautomatico.com.br\/index.php?rest_route=%2Fwp%2Fv2%2Fcomments&post=627"}],"version-history":[{"count":2,"href":"https:\/\/lojaodocambioautomatico.com.br\/index.php?rest_route=\/wp\/v2\/product\/627\/revisions"}],"predecessor-version":[{"id":1010,"href":"https:\/\/lojaodocambioautomatico.com.br\/index.php?rest_route=\/wp\/v2\/product\/627\/revisions\/1010"}],"wp:featuredmedia":[{"embeddable":true,"href":"https:\/\/lojaodocambioautomatico.com.br\/index.php?rest_route=\/wp\/v2\/media\/628"}],"wp:attachment":[{"href":"https:\/\/lojaodocambioautomatico.com.br\/index.php?rest_route=%2Fwp%2Fv2%2Fmedia&parent=627"}],"wp:term":[{"taxonomy":"product_brand","embeddable":true,"href":"https:\/\/lojaodocambioautomatico.com.br\/index.php?rest_route=%2Fwp%2Fv2%2Fproduct_brand&post=627"},{"taxonomy":"product_cat","embeddable":true,"href":"https:\/\/lojaodocambioautomatico.com.br\/index.php?rest_route=%2Fwp%2Fv2%2Fproduct_cat&post=627"},{"taxonomy":"product_tag","embeddable":true,"href":"https:\/\/lojaodocambioautomatico.com.br\/index.php?rest_route=%2Fwp%2Fv2%2Fproduct_tag&post=627"}],"curies":[{"name":"wp","href":"https:\/\/api.w.org\/{rel}","templated":true}]}}