{"id":630,"date":"2025-07-10T13:46:43","date_gmt":"2025-07-10T16:46:43","guid":{"rendered":"https:\/\/lojaodocambioautomatico.com.br\/?post_type=product&#038;p=630"},"modified":"2025-07-26T09:30:04","modified_gmt":"2025-07-26T12:30:04","slug":"discos-composite-cambio-automatico-6f15-ford-ka-ecosport-1-5","status":"publish","type":"product","link":"https:\/\/lojaodocambioautomatico.com.br\/?product=discos-composite-cambio-automatico-6f15-ford-ka-ecosport-1-5","title":{"rendered":"DISCOS COMPOSITE CAMBIO AUTOM\u00c1TICO 6F15 FORD KA ECOSPORT 1.5"},"content":{"rendered":"<p>DESCRI\u00c7\u00c3O<br \/>\nKit De Discos Transmiss\u00e3o Autom\u00e1tica 6F15<br \/>\nEssa pe\u00e7a serve nos seguintes modelos de carros:<br \/>\nFord Ecosport de 2018 a 2020<br \/>\nFord Ka de 2019 a 2020<\/p>\n<p>ANTES DE COMPRAR LEIA ATENTAMENTE ESSAS INFORMA\u00c7\u00d5ES:<br \/>\n&#8211; O produto \u00e9 novo e importado.<br \/>\n&#8211; Antes de efetuar qualquer compra, confirme com seu mec\u00e2nico se \u00e9 o mesmo modelo que est\u00e1 buscando.<br \/>\n&#8211; Todos os produtos que anunciamos est\u00e3o a pronta entrega.<\/p>\n","protected":false},"excerpt":{"rendered":"<p>DESCRI\u00c7\u00c3O Kit De Discos Transmiss\u00e3o Autom\u00e1tica 6F15 Essa pe\u00e7a serve nos seguintes modelos de carros: Ford Ecosport de 2018 a 2020 Ford Ka de 2019 a<span class=\"excerpt-hellip\"> [\u2026]<\/span><\/p>\n","protected":false},"featured_media":631,"comment_status":"open","ping_status":"closed","template":"","meta":{"_joinchat":[]},"product_brand":[],"product_cat":[128],"product_tag":[],"class_list":{"0":"post-630","1":"product","2":"type-product","3":"status-publish","4":"has-post-thumbnail","6":"product_cat-discos","8":"first","9":"instock","10":"taxable","11":"shipping-taxable","12":"purchasable","13":"product-type-simple"},"_links":{"self":[{"href":"https:\/\/lojaodocambioautomatico.com.br\/index.php?rest_route=\/wp\/v2\/product\/630","targetHints":{"allow":["GET"]}}],"collection":[{"href":"https:\/\/lojaodocambioautomatico.com.br\/index.php?rest_route=\/wp\/v2\/product"}],"about":[{"href":"https:\/\/lojaodocambioautomatico.com.br\/index.php?rest_route=\/wp\/v2\/types\/product"}],"replies":[{"embeddable":true,"href":"https:\/\/lojaodocambioautomatico.com.br\/index.php?rest_route=%2Fwp%2Fv2%2Fcomments&post=630"}],"version-history":[{"count":3,"href":"https:\/\/lojaodocambioautomatico.com.br\/index.php?rest_route=\/wp\/v2\/product\/630\/revisions"}],"predecessor-version":[{"id":1136,"href":"https:\/\/lojaodocambioautomatico.com.br\/index.php?rest_route=\/wp\/v2\/product\/630\/revisions\/1136"}],"wp:featuredmedia":[{"embeddable":true,"href":"https:\/\/lojaodocambioautomatico.com.br\/index.php?rest_route=\/wp\/v2\/media\/631"}],"wp:attachment":[{"href":"https:\/\/lojaodocambioautomatico.com.br\/index.php?rest_route=%2Fwp%2Fv2%2Fmedia&parent=630"}],"wp:term":[{"taxonomy":"product_brand","embeddable":true,"href":"https:\/\/lojaodocambioautomatico.com.br\/index.php?rest_route=%2Fwp%2Fv2%2Fproduct_brand&post=630"},{"taxonomy":"product_cat","embeddable":true,"href":"https:\/\/lojaodocambioautomatico.com.br\/index.php?rest_route=%2Fwp%2Fv2%2Fproduct_cat&post=630"},{"taxonomy":"product_tag","embeddable":true,"href":"https:\/\/lojaodocambioautomatico.com.br\/index.php?rest_route=%2Fwp%2Fv2%2Fproduct_tag&post=630"}],"curies":[{"name":"wp","href":"https:\/\/api.w.org\/{rel}","templated":true}]}}