{"id":636,"date":"2025-07-10T17:46:28","date_gmt":"2025-07-10T20:46:28","guid":{"rendered":"https:\/\/lojaodocambioautomatico.com.br\/?post_type=product&#038;p=636"},"modified":"2025-07-11T07:46:06","modified_gmt":"2025-07-11T10:46:06","slug":"jogo-de-juntas-cambio-4hp22-4hp24-chevrolet-e-audi","status":"publish","type":"product","link":"https:\/\/lojaodocambioautomatico.com.br\/?product=jogo-de-juntas-cambio-4hp22-4hp24-chevrolet-e-audi","title":{"rendered":"Jogo de Juntas &#8211; C\u00e2mbio 4HP22 | 4HP24 &#8211; Chevrolet e Audi"},"content":{"rendered":"<div>Jogo de Juntas para\u00a0C\u00e2mbio Autom\u00e1tico &#8211; 4HP22 | 4HP24<\/div>\n<div>Aplica\u00e7\u00e3o:<br \/>\nOpala 4 Marchas<\/div>\n<div>Audi A6 1995 a 1997 4.2<\/div>\n<div>Audi A8 1994 a 1999 4.2<\/div>\n<div>Composi\u00e7\u00e3o:<br \/>\n01 Jogo de Juntas (Lintex)<\/div>\n<div>Sobre os Fabricantes do Produto:<br \/>\nLintex &#8211; Pertence ao Grupo Wuxi Lintex L\u00edder Asi\u00e1tico e fornecedor OeM das Principais Montadoras Jap\u00e3o, Coreia do Sul, Austr\u00e1lia e USA.<\/div>\n<div>Produto de Primeira Qualidade &#8211; Padr\u00e3o Original &#8211; Temos a Pronta Entrega para Envio ou Retirar em Nossa Loja<\/div>\n","protected":false},"excerpt":{"rendered":"<p>Jogo de Juntas para\u00a0C\u00e2mbio Autom\u00e1tico &#8211; 4HP22 | 4HP24 Aplica\u00e7\u00e3o: Opala 4 Marchas Audi A6 1995 a 1997 4.2 Audi A8 1994 a 1999 4.2 Composi\u00e7\u00e3o:<span class=\"excerpt-hellip\"> [\u2026]<\/span><\/p>\n","protected":false},"featured_media":637,"comment_status":"open","ping_status":"closed","template":"","meta":{"_joinchat":[]},"product_brand":[],"product_cat":[127],"product_tag":[],"class_list":{"0":"post-636","1":"product","2":"type-product","3":"status-publish","4":"has-post-thumbnail","6":"product_cat-vedacoes","8":"first","9":"instock","10":"sale","11":"taxable","12":"shipping-taxable","13":"purchasable","14":"product-type-simple"},"_links":{"self":[{"href":"https:\/\/lojaodocambioautomatico.com.br\/index.php?rest_route=\/wp\/v2\/product\/636","targetHints":{"allow":["GET"]}}],"collection":[{"href":"https:\/\/lojaodocambioautomatico.com.br\/index.php?rest_route=\/wp\/v2\/product"}],"about":[{"href":"https:\/\/lojaodocambioautomatico.com.br\/index.php?rest_route=\/wp\/v2\/types\/product"}],"replies":[{"embeddable":true,"href":"https:\/\/lojaodocambioautomatico.com.br\/index.php?rest_route=%2Fwp%2Fv2%2Fcomments&post=636"}],"version-history":[{"count":1,"href":"https:\/\/lojaodocambioautomatico.com.br\/index.php?rest_route=\/wp\/v2\/product\/636\/revisions"}],"predecessor-version":[{"id":638,"href":"https:\/\/lojaodocambioautomatico.com.br\/index.php?rest_route=\/wp\/v2\/product\/636\/revisions\/638"}],"wp:featuredmedia":[{"embeddable":true,"href":"https:\/\/lojaodocambioautomatico.com.br\/index.php?rest_route=\/wp\/v2\/media\/637"}],"wp:attachment":[{"href":"https:\/\/lojaodocambioautomatico.com.br\/index.php?rest_route=%2Fwp%2Fv2%2Fmedia&parent=636"}],"wp:term":[{"taxonomy":"product_brand","embeddable":true,"href":"https:\/\/lojaodocambioautomatico.com.br\/index.php?rest_route=%2Fwp%2Fv2%2Fproduct_brand&post=636"},{"taxonomy":"product_cat","embeddable":true,"href":"https:\/\/lojaodocambioautomatico.com.br\/index.php?rest_route=%2Fwp%2Fv2%2Fproduct_cat&post=636"},{"taxonomy":"product_tag","embeddable":true,"href":"https:\/\/lojaodocambioautomatico.com.br\/index.php?rest_route=%2Fwp%2Fv2%2Fproduct_tag&post=636"}],"curies":[{"name":"wp","href":"https:\/\/api.w.org\/{rel}","templated":true}]}}