{"id":698,"date":"2025-07-15T14:41:27","date_gmt":"2025-07-15T17:41:27","guid":{"rendered":"https:\/\/lojaodocambioautomatico.com.br\/?post_type=product&#038;p=698"},"modified":"2026-02-12T11:41:55","modified_gmt":"2026-02-12T14:41:55","slug":"eletro-valvula-solenoide-spca-honda-civic-duplo-conector-menor","status":"publish","type":"product","link":"https:\/\/lojaodocambioautomatico.com.br\/?product=eletro-valvula-solenoide-spca-honda-civic-duplo-conector-menor","title":{"rendered":"ELETRO V\u00c1LVULA SOLENOIDE SPCA HONDA CIVIC DUPLO CONECTOR MENOR"},"content":{"rendered":"<p>Mantenha a performance e suavidade da transmiss\u00e3o do seu Honda Civic 1.8 (2012-2016), Fit e City 1.4\/1.5 (2009-2014) com a V\u00e1lvula Solenoide Dupla Original Honda (Part Number 28260RG5004). Este componente eletromec\u00e2nico crucial regula com precis\u00e3o o fluxo do fluido hidr\u00e1ulico na transmiss\u00e3o autom\u00e1tica. Esse controle minucioso assegura trocas de marcha suaves, r\u00e1pidas e eficientes, otimizando a opera\u00e7\u00e3o do motor para melhor economia de combust\u00edvel e desempenho.<\/p>\n<p>PARTNUMBER: 28260RG5004<br \/>\nDETALHE: VALVULA SOLENOIDE DUPLA TRANSMISS\u00c3O<br \/>\nMARCA: HONDA<br \/>\nMODELOS: CIVIC (1.8 2012 2013 2014 2015 2016)<br \/>\nFIT CITY (1.4 1.5 2009 2010 2011 2012 2013 2014)<br \/>\nSejam bem vindos.<br \/>\nSomos empresa que atua h\u00e1 mais de 9 anos no mercado, autorizada e credenciada a comercializar pe\u00e7as automotivas usadas.<br \/>\nPe\u00e7as usadas originais.<br \/>\nGarantimos a proced\u00eancia e emitimos nota fiscal para todas as pe\u00e7as, proporcionando seguran\u00e7a e tranquilidade para nossos clientes.<br \/>\nObserve todas as fotos do produto para ter certeza do que est\u00e1 comprando.<br \/>\nConfira a numera\u00e7\u00e3o da pe\u00e7a e a compatibilidade para o seu ve\u00edculo.<br \/>\nSe mesmo assim tiver duvidas fa\u00e7a uma pergunta que estamos \u00e0 disposi\u00e7\u00e3o.<br \/>\nSobre a instala\u00e7\u00e3o da pe\u00e7a:<br \/>\nOrientamos que seja sempre realizada por um profissional<br \/>\nespecializado, n\u00e3o responsabilizamos por avarias na instala\u00e7\u00e3o e etc<\/p>\n<p>INFORMA\u00c7\u00d5ES SOBRE O ENVIO:<br \/>\n* Caso o produto n\u00e3o disponibilize a categoria com frete pelo mercado envios, o n\u00famero do CEP dever\u00e1 ser informado para a simula\u00e7\u00e3o do valor e de entrega.<br \/>\n* Este valor informado poder\u00e1 ser pago via pix ou dep\u00f3sito banc\u00e1rio.<br \/>\n* Ap\u00f3s o pagamento referente ao envio ser concretizado, o produto ser\u00e1 despachado em at\u00e9 24 horas.<br \/>\n* Compra feita ap\u00f3s as 13:00 ser\u00e1 despachado no dia seguinte segunda a sexta<br \/>\nPossu\u00edmos loja f\u00edsica em Belo Horizonte\/MG, cliente optando tamb\u00e9m pode ser feita a retirada no balc\u00e3o.<\/p>\n<p>Somos especializados em toda linha Honda.<br \/>\nEntregamos para todo Brasil.<br \/>\nFa\u00e7a sua cota\u00e7\u00e3o.<\/p>\n","protected":false},"excerpt":{"rendered":"<p>Mantenha a performance e suavidade da transmiss\u00e3o do seu Honda Civic 1.8 (2012-2016), Fit e City 1.4\/1.5 (2009-2014) com a V\u00e1lvula Solenoide Dupla Original Honda (Part Number 28260RG5004)<\/p>\n","protected":false},"featured_media":699,"comment_status":"open","ping_status":"closed","template":"","meta":{"_joinchat":[]},"product_brand":[],"product_cat":[129],"product_tag":[],"class_list":{"0":"post-698","1":"product","2":"type-product","3":"status-publish","4":"has-post-thumbnail","6":"product_cat-solenoide","8":"first","9":"outofstock","10":"sale","11":"taxable","12":"shipping-taxable","13":"purchasable","14":"product-type-simple"},"_links":{"self":[{"href":"https:\/\/lojaodocambioautomatico.com.br\/index.php?rest_route=\/wp\/v2\/product\/698","targetHints":{"allow":["GET"]}}],"collection":[{"href":"https:\/\/lojaodocambioautomatico.com.br\/index.php?rest_route=\/wp\/v2\/product"}],"about":[{"href":"https:\/\/lojaodocambioautomatico.com.br\/index.php?rest_route=\/wp\/v2\/types\/product"}],"replies":[{"embeddable":true,"href":"https:\/\/lojaodocambioautomatico.com.br\/index.php?rest_route=%2Fwp%2Fv2%2Fcomments&post=698"}],"version-history":[{"count":2,"href":"https:\/\/lojaodocambioautomatico.com.br\/index.php?rest_route=\/wp\/v2\/product\/698\/revisions"}],"predecessor-version":[{"id":1003,"href":"https:\/\/lojaodocambioautomatico.com.br\/index.php?rest_route=\/wp\/v2\/product\/698\/revisions\/1003"}],"wp:featuredmedia":[{"embeddable":true,"href":"https:\/\/lojaodocambioautomatico.com.br\/index.php?rest_route=\/wp\/v2\/media\/699"}],"wp:attachment":[{"href":"https:\/\/lojaodocambioautomatico.com.br\/index.php?rest_route=%2Fwp%2Fv2%2Fmedia&parent=698"}],"wp:term":[{"taxonomy":"product_brand","embeddable":true,"href":"https:\/\/lojaodocambioautomatico.com.br\/index.php?rest_route=%2Fwp%2Fv2%2Fproduct_brand&post=698"},{"taxonomy":"product_cat","embeddable":true,"href":"https:\/\/lojaodocambioautomatico.com.br\/index.php?rest_route=%2Fwp%2Fv2%2Fproduct_cat&post=698"},{"taxonomy":"product_tag","embeddable":true,"href":"https:\/\/lojaodocambioautomatico.com.br\/index.php?rest_route=%2Fwp%2Fv2%2Fproduct_tag&post=698"}],"curies":[{"name":"wp","href":"https:\/\/api.w.org\/{rel}","templated":true}]}}