{"id":708,"date":"2025-07-15T15:39:59","date_gmt":"2025-07-15T18:39:59","guid":{"rendered":"https:\/\/lojaodocambioautomatico.com.br\/?post_type=product&#038;p=708"},"modified":"2025-07-21T10:05:09","modified_gmt":"2025-07-21T13:05:09","slug":"kit-overhaul-juntas-cambio-aw50-40-gm-vectra-zafira-astra","status":"publish","type":"product","link":"https:\/\/lojaodocambioautomatico.com.br\/?product=kit-overhaul-juntas-cambio-aw50-40-gm-vectra-zafira-astra","title":{"rendered":"KIT OVERHAUL JUNTAS C\u00c2MBIO AW50-40 GM VECTRA ZAFIRA ASTRA"},"content":{"rendered":"<p>&gt; JUNTAS (KIT OVERHAUL) C\u00c2MBIO AUTOM\u00c1TICO AW50-40<\/p>\n<p>&gt; APLICA\u00c7\u00c3O:<br \/>\n&#8211; Chevrolet Astra 1.8 2.0 &#8211; 4 Marchas (Todos os anos)<br \/>\n&#8211; Chevrolet Vectra 2.0 2.2 &#8211; 4 Marchas (Todos os anos)<br \/>\n&#8211; Chevrolet Zafira 2.0 &#8211; 4 Marchas (Todos os anos)<br \/>\n&#8211; Daewoo Espero 2.0 (Todos os anos)<br \/>\n&#8211; Fiat Marea 2.0 (Todos os anos)<br \/>\n&#8211; Suzuki SX4 2.0 &#8211; 4 Marchas (Todos os anos)<\/p>\n<p>&#8211; Produto Importado e Novo<br \/>\n&#8211; Fotos Reais do Produto<\/p>\n","protected":false},"excerpt":{"rendered":"<p>&gt; JUNTAS (KIT OVERHAUL) C\u00c2MBIO AUTOM\u00c1TICO AW50-40 &gt; APLICA\u00c7\u00c3O: &#8211; Chevrolet Astra 1.8 2.0 &#8211; 4 Marchas (Todos os anos) &#8211; Chevrolet Vectra 2.0 2.2 &#8211;<span class=\"excerpt-hellip\"> [\u2026]<\/span><\/p>\n","protected":false},"featured_media":709,"comment_status":"open","ping_status":"closed","template":"","meta":{"_joinchat":[]},"product_brand":[],"product_cat":[143],"product_tag":[],"class_list":{"0":"post-708","1":"product","2":"type-product","3":"status-publish","4":"has-post-thumbnail","6":"product_cat-kit-overhaul","8":"first","9":"instock","10":"taxable","11":"shipping-taxable","12":"purchasable","13":"product-type-simple"},"_links":{"self":[{"href":"https:\/\/lojaodocambioautomatico.com.br\/index.php?rest_route=\/wp\/v2\/product\/708","targetHints":{"allow":["GET"]}}],"collection":[{"href":"https:\/\/lojaodocambioautomatico.com.br\/index.php?rest_route=\/wp\/v2\/product"}],"about":[{"href":"https:\/\/lojaodocambioautomatico.com.br\/index.php?rest_route=\/wp\/v2\/types\/product"}],"replies":[{"embeddable":true,"href":"https:\/\/lojaodocambioautomatico.com.br\/index.php?rest_route=%2Fwp%2Fv2%2Fcomments&post=708"}],"version-history":[{"count":2,"href":"https:\/\/lojaodocambioautomatico.com.br\/index.php?rest_route=\/wp\/v2\/product\/708\/revisions"}],"predecessor-version":[{"id":1000,"href":"https:\/\/lojaodocambioautomatico.com.br\/index.php?rest_route=\/wp\/v2\/product\/708\/revisions\/1000"}],"wp:featuredmedia":[{"embeddable":true,"href":"https:\/\/lojaodocambioautomatico.com.br\/index.php?rest_route=\/wp\/v2\/media\/709"}],"wp:attachment":[{"href":"https:\/\/lojaodocambioautomatico.com.br\/index.php?rest_route=%2Fwp%2Fv2%2Fmedia&parent=708"}],"wp:term":[{"taxonomy":"product_brand","embeddable":true,"href":"https:\/\/lojaodocambioautomatico.com.br\/index.php?rest_route=%2Fwp%2Fv2%2Fproduct_brand&post=708"},{"taxonomy":"product_cat","embeddable":true,"href":"https:\/\/lojaodocambioautomatico.com.br\/index.php?rest_route=%2Fwp%2Fv2%2Fproduct_cat&post=708"},{"taxonomy":"product_tag","embeddable":true,"href":"https:\/\/lojaodocambioautomatico.com.br\/index.php?rest_route=%2Fwp%2Fv2%2Fproduct_tag&post=708"}],"curies":[{"name":"wp","href":"https:\/\/api.w.org\/{rel}","templated":true}]}}