{"id":712,"date":"2025-07-16T09:56:45","date_gmt":"2025-07-16T12:56:45","guid":{"rendered":"https:\/\/lojaodocambioautomatico.com.br\/?post_type=product&#038;p=712"},"modified":"2025-07-22T11:10:59","modified_gmt":"2025-07-22T14:10:59","slug":"cinta-al4-peugeot-citroen-renault-52702y","status":"publish","type":"product","link":"https:\/\/lojaodocambioautomatico.com.br\/?product=cinta-al4-peugeot-citroen-renault-52702y","title":{"rendered":"CINTA AL4 PEUGEOT CITROEN RENAULT 52702Y"},"content":{"rendered":"<p>ITENS INCLUSOS:<br \/>\n\u2022 1 Cinta<\/p>\n<p>DESCRI\u00c7\u00c3O:<br \/>\nCINTA AL4 PEUGEOT CITROEN RENAULT 52702Y: Todos os nossos pedidos s\u00e3o acompanhados de nota fiscal e garantia de 90 dias para defeitos de fabrica\u00e7\u00e3o. N\u00e3o cobrimos erros de instala\u00e7\u00e3o que acabem danificando a pe\u00e7a. FRETE E ENVIOS: Todos os pedidos ser\u00e3o separados, embalados e postados em at\u00e9 no m\u00e1ximo 1 dia \u00fatil ap\u00f3s a aprova\u00e7\u00e3o do pagamento. O prazo de envio varia de acordo com sua regi\u00e3o e com a transportadora respons\u00e1vel pelo frete. Ap\u00f3s o envio, o cliente receber\u00e1 o c\u00f3digo de rastreio para acompanhar seu pedido. DEVOLU\u00c7\u00c3O E TROCA: Prazo de devolu\u00e7\u00e3o \u00e9 de 7 dias corridos da data do recebimento do produto, o produto deve ser devolvido em embalagem original e sem sinais de uso. D\u00daVIDAS: * Antes da compra, certifique-se de que esteja comprando a pe\u00e7a correta. * Qualquer d\u00favida sobre o produto ou sobre a aplica\u00e7\u00e3o do mesmo, consulte-nos por mensagem. * \u00c9 recomend\u00e1vel a procura de um profissional especializado para a manuten\u00e7\u00e3o do seu ve\u00edculo. Recomenda\u00e7\u00f5es: Pedimos que confira as informa\u00e7\u00f5es cadastrais, pois n\u00e3o podemos realizar entregas para: endere\u00e7os sem n\u00famero, cadastro sem n\u00famero de documento v\u00e1lido, nomes incompletos e caixas postais.<\/p>\n<p>VE\u00cdCULOS COMPAT\u00cdVEIS:<br \/>\nChery:<br \/>\n\u2022 Tiggo 2014 2.0 16V AL4 \/ DPO 4 MARCHAS<br \/>\n\u2022 Tiggo 2015 2.0 16V AL4 \/ DPO 4 MARCHAS<br \/>\n\u2022 Citroen:<br \/>\n\u2022 AirCross 2012 1.6 16V AL4 \/ DP0 4 MARCHAS<br \/>\n\u2022 C3 2005 1.6 16V AL4 \/ DP0 4 MARCHAS<br \/>\n\u2022 C3 2008 1.6 16V AL4 \/ DP0 4 MARCHAS<br \/>\n\u2022 C3 2009 1.6 16V AL4 \/ DP0 4 MARCHAS<br \/>\n\u2022 C3 2010 1.6 16V AL4 \/ DP0 4 MARCHAS<br \/>\n\u2022 C3 2011 1.6 16V AL4 \/ DP0 4 MARCHAS<br \/>\n\u2022 C3 2012 1.6 16V AL4 \/ DP0 4 MARCHAS<br \/>\n\u2022 C3 Picasso 2011 1.6 16V AL4 \/ DP0 4 MARCHAS<br \/>\n\u2022 C3 Picasso 2012 1.6 16V AL4 \/ DP0 4 MARCHAS<br \/>\n\u2022 C4 2005 2.0 16V AL4 \/ DP0 4 MARCHAS<br \/>\n\u2022 C4 2005 1.6 16V AL4 \/ DP0 4 MARCHAS<br \/>\n\u2022 C4 2008 2.0 16V AL4 \/ DP0 4 MARCHAS<br \/>\n\u2022 C4 2009 2.0 16V AL4 \/ DP0 4 MARCHAS<br \/>\n\u2022 C4 2010 2.0 16V AL4 \/ DP0 4 MARCHAS<br \/>\n\u2022 C4 2011 2.0 16V AL4 \/ DP0 4 MARCHAS<br \/>\n\u2022 C4 2012 2.0 16V AL4 \/ DP0 4 MARCHAS<br \/>\n\u2022 C4 Grand Picasso 2009 2.0 16V AL4 \/ DP0 4 MARCHAS<br \/>\n\u2022 C4 Grand Picasso 2010 2.0 16V AL4 \/ DP0 4 MARCHAS<br \/>\n\u2022 C4 Grand Picasso 2011 2.0 16V AL4 \/ DP0 4 MARCHAS<br \/>\n\u2022 C4 Grand Picasso 2012 2.0 16V AL4 \/ DP0 4 MARCHAS<br \/>\n\u2022 C4 Picasso 2008 2.0 16V AL4 \/ DP0 4 MARCHAS<br \/>\n\u2022 C4 Picasso 2009 2.0 16V AL4 \/ DP0 4 MARCHAS<br \/>\n\u2022 C4 Picasso 2010 2.0 16V AL4 \/ DP0 4 MARCHAS<br \/>\n\u2022 C4 Picasso 2011 2.0 16V AL4 \/ DP0 4 MARCHAS<br \/>\n\u2022 C4 Picasso 2012 2.0 16V AL4 \/ DP0 4 MARCHAS<br \/>\n\u2022 C5 2001 2.0 16V AL4 \/ DP0 4 MARCHAS<br \/>\n\u2022 C5 2002 2.0 16V AL4 \/ DP0 4 MARCHAS<br \/>\n\u2022 C5 2003 2.0 16V AL4 \/ DP0 4 MARCHAS<br \/>\n\u2022 C5 2004 2.0 16V AL4 \/ DP0 4 MARCHAS<br \/>\n\u2022 C5 2005 2.0 16V AL4 \/ DP0 4 MARCHAS<br \/>\n\u2022 C5 2006 2.0 16V AL4 \/ DP0 4 MARCHAS<br \/>\n\u2022 C5 2007 2.0 16V AL4 \/ DP0 4 MARCHAS<br \/>\n\u2022 C5 2008 2.0 16V AL4 \/ DP0 4 MARCHAS<br \/>\n\u2022 C5 2009 2.0 16V AL4 \/ DP0 4 MARCHAS<br \/>\n\u2022 C5 2010 2.0 16V AL4 \/ DP0 4 MARCHAS<br \/>\n\u2022 C5 2011 2.0 16V AL4 \/ DP0 4 MARCHAS<br \/>\n\u2022 C5 2012 2.0 16V AL4 \/ DP0 4 MARCHAS<br \/>\n\u2022 C8 2003 2.0 16V AL4 \/ DP0 4 MARCHAS<br \/>\n\u2022 C8 2004 2.0 16V AL4 \/ DP0 4 MARCHAS<br \/>\n\u2022 C8 2005 2.0 16V AL4 \/ DP0 4 MARCHAS<br \/>\n\u2022 XM 1992 2.0 16V AL4 \/ DP0 4 MARCHAS<br \/>\n\u2022 XM 1993 2.0 16V AL4 \/ DP0 4 MARCHAS<br \/>\n\u2022 XM 1993 3.0 12V AL4 \/ DP0 4 MARCHAS<br \/>\n\u2022 Xantia 2001 2.0 16V AL4 \/ DP0 4 MARCHAS<br \/>\n\u2022 Xantia 2001 3.0 24V AL4 \/ DP0 4 MARCHAS<br \/>\n\u2022 Xsara Picasso 2000 2.0 16V AL4 \/ DP0 4 MARCHAS<br \/>\n\u2022 Xsara Picasso 2001 2.0 16V AL4 \/ DP0 4 MARCHAS<br \/>\n\u2022 Xsara Picasso 2002 2.0 16V AL4 \/ DP0 4 MARCHAS<br \/>\n\u2022 Xsara Picasso 2003 2.0 16V AL4 \/ DP0 4 MARCHAS<br \/>\n\u2022 Xsara Picasso 2004 2.0 16V AL4 \/ DP0 4 MARCHAS<br \/>\n\u2022 Xsara Picasso 2005 1.6 16V AL4 \/ DP0 4 MARCHAS<br \/>\n\u2022 Xsara Picasso 2005 2.0 16V AL4 \/ DP0 4 MARCHAS<br \/>\n\u2022 Xsara Picasso 2006 2.0 16V AL4 \/ DP0 4 MARCHAS<br \/>\n\u2022 Xsara Picasso 2006 1.6 16V AL4 \/ DP0 4 MARCHAS<br \/>\n\u2022 Xsara Picasso 2007 1.6 16V AL4 \/ DP0 4 MARCHAS<br \/>\n\u2022 Xsara Picasso 2007 2.0 16V AL4 \/ DP0 4 MARCHAS<br \/>\n\u2022 Xsara Picasso 2008 2.0 16V AL4 \/ DP0 4 MARCHAS<br \/>\n\u2022 Xsara Picasso 2009 2.0 16V AL4 \/ DP0 4 MARCHAS<br \/>\n\u2022 Xsara Picasso 2010 2.0 16V AL4 \/ DP0 4 MARCHAS<br \/>\n\u2022 Xsara Picasso 2011 2.0 16V AL4 \/ DP0 4 MARCHAS<br \/>\n\u2022 Peugeot:<br \/>\n\u2022 406 1997 2.0 16V AL4 \/ DP0 4 MARCHAS<br \/>\n\u2022 406 1998 2.0 16V AL4 \/ DP0 4 MARCHAS<br \/>\n\u2022 406 1999 2.0 16V AL4 \/ DP0 4 MARCHAS<br \/>\n\u2022 406 2000 2.0 16V AL4 \/ DP0 4 MARCHAS<br \/>\n\u2022 406 2001 2.0 16V AL4 \/ DP0 4 MARCHAS<br \/>\n\u2022 406 2002 2.0 16V AL4 \/ DP0 4 MARCHAS<br \/>\n\u2022 406 2003 2.0 16V AL4 \/ DP0 4 MARCHAS<br \/>\n\u2022 406 2004 2.0 16V AL4 \/ DP0 4 MARCHAS<br \/>\n\u2022 2008 2015 1.6 16V AL4 \/ DP0 4 MARCHAS<br \/>\n\u2022 2008 2016 1.6 16V AL4 \/ DP0 4 MARCHAS<br \/>\n\u2022 Renault:<br \/>\n\u2022 Duster 2012 2.0 16V AL4 \/ DP0 4 MARCHAS<br \/>\n\u2022 Duster 2013 2.0 16V AL4 \/ DP0 4 MARCHAS<br \/>\n\u2022 Duster 2014 2.0 16V AL4 \/ DP0 4 MARCHAS<br \/>\n\u2022 M\u00e9gane 2003 2.0 16V AL4 \/ DP0 4 MARCHAS<br \/>\n\u2022 M\u00e9gane 2004 2.0 16V AL4 \/ DP0 4 MARCHAS<br \/>\n\u2022 M\u00e9gane 2005 2.0 16V AL4 \/ DP0 4 MARCHAS<br \/>\n\u2022 M\u00e9gane 2006 2.0 16V AL4 \/ DP0 4 MARCHAS<br \/>\n\u2022 M\u00e9gane 2007 2.0 16V AL4 \/ DP0 4 MARCHAS<br \/>\n\u2022 M\u00e9gane 2008 2.0 16V AL4 \/ DP0 4 MARCHAS<br \/>\n\u2022 M\u00e9gane 2009 2.0 16V AL4 \/ DP0 4 MARCHAS<br \/>\n\u2022 M\u00e9gane 2010 2.0 16V AL4 \/ DP0 4 MARCHAS<br \/>\n\u2022 M\u00e9gane 2011 2.0 16V AL4 \/ DP0 4 MARCHAS<br \/>\n\u2022 Sandero 2012 1.6 16V AL4 \/ DP0 4 MARCHAS<br \/>\n\u2022 Sandero 2013 1.6 16V AL4 \/ DP0 4 MARCHAS<br \/>\n\u2022 Sandero 2014 1.6 16V AL4 \/ DP0 4 MARCHAS<br \/>\n\u2022 Sandero 2015 1.6 8V AL4 \/ DP0 4 MARCHAS<br \/>\n\u2022 Sc\u00e9nic 2001 2.0 16V AL4 \/ DP0 4 MARCHAS<br \/>\n\u2022 Sc\u00e9nic 2002 2.0 16V AL4 \/ DP0 4 MARCHAS<br \/>\n\u2022 Sc\u00e9nic 2003 2.0 16V AL4 \/ DP0 4 MARCHAS<br \/>\n\u2022 Sc\u00e9nic 2004 2.0 16V AL4 \/ DP0 4 MARCHAS<br \/>\n\u2022 Sc\u00e9nic 2005 2.0 16V AL4 \/ DP0 4 MARCHAS<br \/>\n\u2022 Sc\u00e9nic 2006 2.0 16V AL4 \/ DP0 4 MARCHAS<br \/>\n\u2022 Sc\u00e9nic 2007 2.0 16V AL4 \/ DP0 4 MARCHAS<br \/>\n\u2022 Sc\u00e9nic 2008 2.0 16V AL4 \/ DP0 4 MARCHAS<br \/>\n\u2022 Sc\u00e9nic 2009 2.0 16V AL4 \/ DP0 4 MARCHAS<\/p>\n","protected":false},"excerpt":{"rendered":"<p>ITENS INCLUSOS: \u2022 1 Cinta DESCRI\u00c7\u00c3O: CINTA AL4 PEUGEOT CITROEN RENAULT 52702Y: Todos os nossos pedidos s\u00e3o acompanhados de nota fiscal e garantia de 90 dias<span class=\"excerpt-hellip\"> [\u2026]<\/span><\/p>\n","protected":false},"featured_media":908,"comment_status":"open","ping_status":"closed","template":"","meta":{"_joinchat":[]},"product_brand":[],"product_cat":[140],"product_tag":[],"class_list":{"0":"post-712","1":"product","2":"type-product","3":"status-publish","4":"has-post-thumbnail","6":"product_cat-cintas","8":"first","9":"instock","10":"sale","11":"taxable","12":"shipping-taxable","13":"purchasable","14":"product-type-simple"},"_links":{"self":[{"href":"https:\/\/lojaodocambioautomatico.com.br\/index.php?rest_route=\/wp\/v2\/product\/712","targetHints":{"allow":["GET"]}}],"collection":[{"href":"https:\/\/lojaodocambioautomatico.com.br\/index.php?rest_route=\/wp\/v2\/product"}],"about":[{"href":"https:\/\/lojaodocambioautomatico.com.br\/index.php?rest_route=\/wp\/v2\/types\/product"}],"replies":[{"embeddable":true,"href":"https:\/\/lojaodocambioautomatico.com.br\/index.php?rest_route=%2Fwp%2Fv2%2Fcomments&post=712"}],"version-history":[{"count":1,"href":"https:\/\/lojaodocambioautomatico.com.br\/index.php?rest_route=\/wp\/v2\/product\/712\/revisions"}],"predecessor-version":[{"id":715,"href":"https:\/\/lojaodocambioautomatico.com.br\/index.php?rest_route=\/wp\/v2\/product\/712\/revisions\/715"}],"wp:featuredmedia":[{"embeddable":true,"href":"https:\/\/lojaodocambioautomatico.com.br\/index.php?rest_route=\/wp\/v2\/media\/908"}],"wp:attachment":[{"href":"https:\/\/lojaodocambioautomatico.com.br\/index.php?rest_route=%2Fwp%2Fv2%2Fmedia&parent=712"}],"wp:term":[{"taxonomy":"product_brand","embeddable":true,"href":"https:\/\/lojaodocambioautomatico.com.br\/index.php?rest_route=%2Fwp%2Fv2%2Fproduct_brand&post=712"},{"taxonomy":"product_cat","embeddable":true,"href":"https:\/\/lojaodocambioautomatico.com.br\/index.php?rest_route=%2Fwp%2Fv2%2Fproduct_cat&post=712"},{"taxonomy":"product_tag","embeddable":true,"href":"https:\/\/lojaodocambioautomatico.com.br\/index.php?rest_route=%2Fwp%2Fv2%2Fproduct_tag&post=712"}],"curies":[{"name":"wp","href":"https:\/\/api.w.org\/{rel}","templated":true}]}}