{"id":716,"date":"2025-07-16T10:08:22","date_gmt":"2025-07-16T13:08:22","guid":{"rendered":"https:\/\/lojaodocambioautomatico.com.br\/?post_type=product&#038;p=716"},"modified":"2025-09-03T09:02:15","modified_gmt":"2025-09-03T12:02:15","slug":"carrinho-powershift-par-5322304","status":"publish","type":"product","link":"https:\/\/lojaodocambioautomatico.com.br\/?product=carrinho-powershift-par-5322304","title":{"rendered":"CARRINHO POWERSHIFT PAR 5322304"},"content":{"rendered":"<p>KIT ATUADOR 1 E 2 FORD FOCUS ECOSPORT NEW FIESTA POWERSHIFT.<br \/>\nAplica\u00e7\u00e3o:<br \/>\nFORD ECOSPORT (Com fabrica\u00e7\u00e3o de 22\/10\/12 a 25\/06\/17)<br \/>\n&#8211; COM TRANSMISS\u00c3O AUTOM\u00c1TICA &#8216;POWERSHIFT&#8217; 6 VELOCIDADES (DPS6)<br \/>\nFORD FOCUS (Com fabrica\u00e7\u00e3o de 22\/07\/13 em diante)<br \/>\n&#8211; COM TRANSMISS\u00c3O AUTOM\u00c1TICA &#8216;POWERSHIFT&#8217; 6 VELOCIDADES (DPS6)<br \/>\nFORD NEW FIESTA (Com fabrica\u00e7\u00e3o de 01\/04\/13 em diante)<br \/>\n&#8211; COM TRANSMISS\u00c3O AUTOM\u00c1TICA &#8216;POWERSHIFT&#8217; 6 VELOCIDADES (DPS6)<br \/>\n&#8211; COM MOTOR 1.6L SIGMA 16V TIVCT FLEX (\u00c1LCOOL\/GASOLINA)<\/p>\n","protected":false},"excerpt":{"rendered":"<p>KIT ATUADOR 1 E 2 FORD FOCUS ECOSPORT NEW FIESTA POWERSHIFT. Aplica\u00e7\u00e3o: FORD ECOSPORT (Com fabrica\u00e7\u00e3o de 22\/10\/12 a 25\/06\/17) &#8211; COM TRANSMISS\u00c3O AUTOM\u00c1TICA &#8216;POWERSHIFT&#8217; 6<span class=\"excerpt-hellip\"> [\u2026]<\/span><\/p>\n","protected":false},"featured_media":907,"comment_status":"open","ping_status":"closed","template":"","meta":{"_joinchat":[]},"product_brand":[],"product_cat":[126],"product_tag":[],"class_list":{"0":"post-716","1":"product","2":"type-product","3":"status-publish","4":"has-post-thumbnail","6":"product_cat-embreagem","8":"first","9":"instock","10":"taxable","11":"shipping-taxable","12":"purchasable","13":"product-type-simple"},"_links":{"self":[{"href":"https:\/\/lojaodocambioautomatico.com.br\/index.php?rest_route=\/wp\/v2\/product\/716","targetHints":{"allow":["GET"]}}],"collection":[{"href":"https:\/\/lojaodocambioautomatico.com.br\/index.php?rest_route=\/wp\/v2\/product"}],"about":[{"href":"https:\/\/lojaodocambioautomatico.com.br\/index.php?rest_route=\/wp\/v2\/types\/product"}],"replies":[{"embeddable":true,"href":"https:\/\/lojaodocambioautomatico.com.br\/index.php?rest_route=%2Fwp%2Fv2%2Fcomments&post=716"}],"version-history":[{"count":1,"href":"https:\/\/lojaodocambioautomatico.com.br\/index.php?rest_route=\/wp\/v2\/product\/716\/revisions"}],"predecessor-version":[{"id":720,"href":"https:\/\/lojaodocambioautomatico.com.br\/index.php?rest_route=\/wp\/v2\/product\/716\/revisions\/720"}],"wp:featuredmedia":[{"embeddable":true,"href":"https:\/\/lojaodocambioautomatico.com.br\/index.php?rest_route=\/wp\/v2\/media\/907"}],"wp:attachment":[{"href":"https:\/\/lojaodocambioautomatico.com.br\/index.php?rest_route=%2Fwp%2Fv2%2Fmedia&parent=716"}],"wp:term":[{"taxonomy":"product_brand","embeddable":true,"href":"https:\/\/lojaodocambioautomatico.com.br\/index.php?rest_route=%2Fwp%2Fv2%2Fproduct_brand&post=716"},{"taxonomy":"product_cat","embeddable":true,"href":"https:\/\/lojaodocambioautomatico.com.br\/index.php?rest_route=%2Fwp%2Fv2%2Fproduct_cat&post=716"},{"taxonomy":"product_tag","embeddable":true,"href":"https:\/\/lojaodocambioautomatico.com.br\/index.php?rest_route=%2Fwp%2Fv2%2Fproduct_tag&post=716"}],"curies":[{"name":"wp","href":"https:\/\/api.w.org\/{rel}","templated":true}]}}