{"id":722,"date":"2025-07-16T10:16:08","date_gmt":"2025-07-16T13:16:08","guid":{"rendered":"https:\/\/lojaodocambioautomatico.com.br\/?post_type=product&#038;p=722"},"modified":"2025-07-18T11:35:10","modified_gmt":"2025-07-18T14:35:10","slug":"defletor-6t31-6t35-592-par","status":"publish","type":"product","link":"https:\/\/lojaodocambioautomatico.com.br\/?product=defletor-6t31-6t35-592-par","title":{"rendered":"DEFLETOR 6T31 6T35 592 &#8211; PAR"},"content":{"rendered":"<h2 class=\"ui-pdp-description__title\" data-testid=\"title\">Descri\u00e7\u00e3o<\/h2>\n<p class=\"ui-pdp-description__content\" data-testid=\"content\">CONTE\u00daDO:<br \/>\n01- DEFLETOR SUPERIOR<br \/>\n01- DEFLETOR INFERI0OR<br \/>\nFOTO REAL DA PE\u00c7A<br \/>\nPar de Defletor C\u00e2mbio Autom\u00e1tico 6t31 6t35<\/p>\n<p>C\u00f3digos: 24263264 \/ 24263263<br \/>\nAPLICA\u00c7\u00c3O:<br \/>\nONIX- 2016 &#8211; ON<br \/>\nCOBALT- 2016 &#8211; ON<br \/>\nCRUZE- 2016 &#8211; ON<br \/>\nSPIN- 2016 &#8211; ON<br \/>\nTRACKER- 2016 &#8211; ON<\/p>\n","protected":false},"excerpt":{"rendered":"<p>Descri\u00e7\u00e3o CONTE\u00daDO: 01- DEFLETOR SUPERIOR 01- DEFLETOR INFERI0OR FOTO REAL DA PE\u00c7A Par de Defletor C\u00e2mbio Autom\u00e1tico 6t31 6t35 C\u00f3digos: 24263264 \/ 24263263 APLICA\u00c7\u00c3O: ONIX- 2016<span class=\"excerpt-hellip\"> [\u2026]<\/span><\/p>\n","protected":false},"featured_media":918,"comment_status":"open","ping_status":"closed","template":"","meta":{"_joinchat":[]},"product_brand":[],"product_cat":[141],"product_tag":[],"class_list":{"0":"post-722","1":"product","2":"type-product","3":"status-publish","4":"has-post-thumbnail","6":"product_cat-defletores","8":"first","9":"instock","10":"taxable","11":"shipping-taxable","12":"purchasable","13":"product-type-simple"},"_links":{"self":[{"href":"https:\/\/lojaodocambioautomatico.com.br\/index.php?rest_route=\/wp\/v2\/product\/722","targetHints":{"allow":["GET"]}}],"collection":[{"href":"https:\/\/lojaodocambioautomatico.com.br\/index.php?rest_route=\/wp\/v2\/product"}],"about":[{"href":"https:\/\/lojaodocambioautomatico.com.br\/index.php?rest_route=\/wp\/v2\/types\/product"}],"replies":[{"embeddable":true,"href":"https:\/\/lojaodocambioautomatico.com.br\/index.php?rest_route=%2Fwp%2Fv2%2Fcomments&post=722"}],"version-history":[{"count":2,"href":"https:\/\/lojaodocambioautomatico.com.br\/index.php?rest_route=\/wp\/v2\/product\/722\/revisions"}],"predecessor-version":[{"id":919,"href":"https:\/\/lojaodocambioautomatico.com.br\/index.php?rest_route=\/wp\/v2\/product\/722\/revisions\/919"}],"wp:featuredmedia":[{"embeddable":true,"href":"https:\/\/lojaodocambioautomatico.com.br\/index.php?rest_route=\/wp\/v2\/media\/918"}],"wp:attachment":[{"href":"https:\/\/lojaodocambioautomatico.com.br\/index.php?rest_route=%2Fwp%2Fv2%2Fmedia&parent=722"}],"wp:term":[{"taxonomy":"product_brand","embeddable":true,"href":"https:\/\/lojaodocambioautomatico.com.br\/index.php?rest_route=%2Fwp%2Fv2%2Fproduct_brand&post=722"},{"taxonomy":"product_cat","embeddable":true,"href":"https:\/\/lojaodocambioautomatico.com.br\/index.php?rest_route=%2Fwp%2Fv2%2Fproduct_cat&post=722"},{"taxonomy":"product_tag","embeddable":true,"href":"https:\/\/lojaodocambioautomatico.com.br\/index.php?rest_route=%2Fwp%2Fv2%2Fproduct_tag&post=722"}],"curies":[{"name":"wp","href":"https:\/\/api.w.org\/{rel}","templated":true}]}}