{"id":727,"date":"2025-07-16T10:25:08","date_gmt":"2025-07-16T13:25:08","guid":{"rendered":"https:\/\/lojaodocambioautomatico.com.br\/?post_type=product&#038;p=727"},"modified":"2025-09-03T12:23:42","modified_gmt":"2025-09-03T15:23:42","slug":"kit-pistao-cambio-automatico-6t31","status":"publish","type":"product","link":"https:\/\/lojaodocambioautomatico.com.br\/?product=kit-pistao-cambio-automatico-6t31","title":{"rendered":"KIT PIST\u00c3O C\u00c2MBIO AUTOM\u00c1TICO 6T31"},"content":{"rendered":"<h2 class=\"ui-pdp-description__title\" data-testid=\"title\">Descri\u00e7\u00e3o<\/h2>\n<p class=\"ui-pdp-description__content\" data-testid=\"content\">Jogo de Pist\u00f5es para c\u00e2mbio autom\u00e1tico 6T31<\/p>\n<p>VE\u00cdCULOS:<br \/>\nChevrolet Prisma de 2016 em diante &#8211; c\u00e2mbio autom\u00e1tico 6 marchas<br \/>\nChevrolet Onix de 2016 em diante &#8211; c\u00e2mbio autom\u00e1tico 6 marchas<br \/>\nChevrolet Cruze 2016 em diante &#8211; c\u00e2mbio autom\u00e1tico 6 marchas<br \/>\nChevrolet Spin 2016 em diante &#8211; c\u00e2mbio autom\u00e1tico 6 marchas<br \/>\nChevrolet Cobalt 2016 em diante &#8211; c\u00e2mbio autom\u00e1tico 6 marchas<\/p>\n","protected":false},"excerpt":{"rendered":"<p>Descri\u00e7\u00e3o Jogo de Pist\u00f5es para c\u00e2mbio autom\u00e1tico 6T31 VE\u00cdCULOS: Chevrolet Prisma de 2016 em diante &#8211; c\u00e2mbio autom\u00e1tico 6 marchas Chevrolet Onix de 2016 em diante<span class=\"excerpt-hellip\"> [\u2026]<\/span><\/p>\n","protected":false},"featured_media":969,"comment_status":"open","ping_status":"closed","template":"","meta":{"_joinchat":[]},"product_brand":[],"product_cat":[142],"product_tag":[],"class_list":{"0":"post-727","1":"product","2":"type-product","3":"status-publish","4":"has-post-thumbnail","6":"product_cat-kit-pistoes-cambio-automatico","8":"first","9":"instock","10":"taxable","11":"shipping-taxable","12":"purchasable","13":"product-type-simple"},"_links":{"self":[{"href":"https:\/\/lojaodocambioautomatico.com.br\/index.php?rest_route=\/wp\/v2\/product\/727","targetHints":{"allow":["GET"]}}],"collection":[{"href":"https:\/\/lojaodocambioautomatico.com.br\/index.php?rest_route=\/wp\/v2\/product"}],"about":[{"href":"https:\/\/lojaodocambioautomatico.com.br\/index.php?rest_route=\/wp\/v2\/types\/product"}],"replies":[{"embeddable":true,"href":"https:\/\/lojaodocambioautomatico.com.br\/index.php?rest_route=%2Fwp%2Fv2%2Fcomments&post=727"}],"version-history":[{"count":4,"href":"https:\/\/lojaodocambioautomatico.com.br\/index.php?rest_route=\/wp\/v2\/product\/727\/revisions"}],"predecessor-version":[{"id":999,"href":"https:\/\/lojaodocambioautomatico.com.br\/index.php?rest_route=\/wp\/v2\/product\/727\/revisions\/999"}],"wp:featuredmedia":[{"embeddable":true,"href":"https:\/\/lojaodocambioautomatico.com.br\/index.php?rest_route=\/wp\/v2\/media\/969"}],"wp:attachment":[{"href":"https:\/\/lojaodocambioautomatico.com.br\/index.php?rest_route=%2Fwp%2Fv2%2Fmedia&parent=727"}],"wp:term":[{"taxonomy":"product_brand","embeddable":true,"href":"https:\/\/lojaodocambioautomatico.com.br\/index.php?rest_route=%2Fwp%2Fv2%2Fproduct_brand&post=727"},{"taxonomy":"product_cat","embeddable":true,"href":"https:\/\/lojaodocambioautomatico.com.br\/index.php?rest_route=%2Fwp%2Fv2%2Fproduct_cat&post=727"},{"taxonomy":"product_tag","embeddable":true,"href":"https:\/\/lojaodocambioautomatico.com.br\/index.php?rest_route=%2Fwp%2Fv2%2Fproduct_tag&post=727"}],"curies":[{"name":"wp","href":"https:\/\/api.w.org\/{rel}","templated":true}]}}