{"id":748,"date":"2025-07-16T11:18:34","date_gmt":"2025-07-16T14:18:34","guid":{"rendered":"https:\/\/lojaodocambioautomatico.com.br\/?post_type=product&#038;p=748"},"modified":"2025-07-21T10:02:37","modified_gmt":"2025-07-21T13:02:37","slug":"filtro-tf72-tf82-peugeot-citroen-117712","status":"publish","type":"product","link":"https:\/\/lojaodocambioautomatico.com.br\/?product=filtro-tf72-tf82-peugeot-citroen-117712","title":{"rendered":"FILTRO TF72\/ TF82 PEUGEOT CITROEN 117712"},"content":{"rendered":"<h2 class=\"ui-pdp-description__title\" data-testid=\"title\">Descri\u00e7\u00e3o<\/h2>\n<p class=\"ui-pdp-description__content\" data-testid=\"content\">&gt; FILTRO DE \u00d3LEO C\u00c2MBIO AUTOM\u00c1TICO TF72<br \/>\n&#8211; Produto Novo e Importado<\/p>\n<p>&#8211; Fotos reais do produto<br \/>\n&#8211; Garantia e Nota Fiscal<br \/>\n&#8211; A pronta entrega ou retirada com vendedor em SP.<\/p>\n<p>&gt; CONTE\u00daDO:<br \/>\n&#8211; 1 Filtro de \u00d3leo<\/p>\n<p>&gt; APLICA\u00c7\u00c3O:<br \/>\n&#8211; Fiat Toro 1.8<br \/>\n&#8211; Jeep Compass 2.0<br \/>\n&#8211; Jeep Renegade 1.8<br \/>\n&#8211; Peugeot 3008 1.6<\/p>\n","protected":false},"excerpt":{"rendered":"<p>Descri\u00e7\u00e3o &gt; FILTRO DE \u00d3LEO C\u00c2MBIO AUTOM\u00c1TICO TF72 &#8211; Produto Novo e Importado &#8211; Fotos reais do produto &#8211; Garantia e Nota Fiscal &#8211; A pronta<span class=\"excerpt-hellip\"> [\u2026]<\/span><\/p>\n","protected":false},"featured_media":958,"comment_status":"open","ping_status":"closed","template":"","meta":{"_joinchat":[]},"product_brand":[],"product_cat":[130],"product_tag":[],"class_list":{"0":"post-748","1":"product","2":"type-product","3":"status-publish","4":"has-post-thumbnail","6":"product_cat-filtros","8":"first","9":"instock","10":"taxable","11":"shipping-taxable","12":"purchasable","13":"product-type-simple"},"_links":{"self":[{"href":"https:\/\/lojaodocambioautomatico.com.br\/index.php?rest_route=\/wp\/v2\/product\/748","targetHints":{"allow":["GET"]}}],"collection":[{"href":"https:\/\/lojaodocambioautomatico.com.br\/index.php?rest_route=\/wp\/v2\/product"}],"about":[{"href":"https:\/\/lojaodocambioautomatico.com.br\/index.php?rest_route=\/wp\/v2\/types\/product"}],"replies":[{"embeddable":true,"href":"https:\/\/lojaodocambioautomatico.com.br\/index.php?rest_route=%2Fwp%2Fv2%2Fcomments&post=748"}],"version-history":[{"count":3,"href":"https:\/\/lojaodocambioautomatico.com.br\/index.php?rest_route=\/wp\/v2\/product\/748\/revisions"}],"predecessor-version":[{"id":997,"href":"https:\/\/lojaodocambioautomatico.com.br\/index.php?rest_route=\/wp\/v2\/product\/748\/revisions\/997"}],"wp:featuredmedia":[{"embeddable":true,"href":"https:\/\/lojaodocambioautomatico.com.br\/index.php?rest_route=\/wp\/v2\/media\/958"}],"wp:attachment":[{"href":"https:\/\/lojaodocambioautomatico.com.br\/index.php?rest_route=%2Fwp%2Fv2%2Fmedia&parent=748"}],"wp:term":[{"taxonomy":"product_brand","embeddable":true,"href":"https:\/\/lojaodocambioautomatico.com.br\/index.php?rest_route=%2Fwp%2Fv2%2Fproduct_brand&post=748"},{"taxonomy":"product_cat","embeddable":true,"href":"https:\/\/lojaodocambioautomatico.com.br\/index.php?rest_route=%2Fwp%2Fv2%2Fproduct_cat&post=748"},{"taxonomy":"product_tag","embeddable":true,"href":"https:\/\/lojaodocambioautomatico.com.br\/index.php?rest_route=%2Fwp%2Fv2%2Fproduct_tag&post=748"}],"curies":[{"name":"wp","href":"https:\/\/api.w.org\/{rel}","templated":true}]}}